{"id":3412,"date":"2023-07-16T16:20:40","date_gmt":"2023-07-16T14:20:40","guid":{"rendered":"https:\/\/www.nlw.fr\/?page_id=3412"},"modified":"2024-10-18T12:40:28","modified_gmt":"2024-10-18T10:40:28","slug":"kontakt","status":"publish","type":"page","link":"https:\/\/www.nlw.fr\/de\/kontakt\/","title":{"rendered":"Kontakt"},"content":{"rendered":"\n<div class=\"wp-block-contact-form-7-contact-form-selector\">\n<div class=\"wpcf7 no-js\" id=\"wpcf7-f4798-o1\" lang=\"de-DE\" dir=\"ltr\" data-wpcf7-id=\"4798\">\n<div class=\"screen-reader-response\"><p role=\"status\" aria-live=\"polite\" aria-atomic=\"true\"><\/p> <ul><\/ul><\/div>\n<form action=\"\/de\/wp-json\/wp\/v2\/pages\/3412#wpcf7-f4798-o1\" method=\"post\" class=\"wpcf7-form init\" aria-label=\"Contact form\" enctype=\"multipart\/form-data\" novalidate=\"novalidate\" data-status=\"init\">\n<fieldset class=\"hidden-fields-container\"><input type=\"hidden\" name=\"_wpcf7\" value=\"4798\" \/><input type=\"hidden\" name=\"_wpcf7_version\" value=\"6.1.2\" \/><input type=\"hidden\" name=\"_wpcf7_locale\" value=\"de_DE\" \/><input type=\"hidden\" name=\"_wpcf7_unit_tag\" value=\"wpcf7-f4798-o1\" \/><input type=\"hidden\" name=\"_wpcf7_container_post\" value=\"0\" \/><input type=\"hidden\" name=\"_wpcf7_posted_data_hash\" value=\"\" \/><input type=\"hidden\" name=\"_wpcf7_recaptcha_response\" value=\"\" \/>\n<\/fieldset>\n<div class=\"wpcf7-response-output\" aria-hidden=\"true\"><\/div>\n<div class=\"row\">\n  <div class=\"columns medium-6 small-12\">\n    <div class=\"section-contact__line\">\n      <label for=\"contact-name\">Name \/ Vorname *<\/label>\n      <input size=\"40\" maxlength=\"400\" class=\"wpcf7-form-control wpcf7-text wpcf7-validates-as-required\" id=\"contact-name\" aria-required=\"true\" aria-invalid=\"false\" value=\"\" type=\"text\" name=\"contact-name\" \/>\n    <\/div>\n  <\/div>\n  <div class=\"columns medium-6 small-12\">\n    <div class=\"section-contact__line\">\n      <label for=\"contact-email\">E-Mail-Adresse *<\/label>\n      <input size=\"40\" maxlength=\"400\" class=\"wpcf7-form-control wpcf7-email wpcf7-validates-as-required wpcf7-text wpcf7-validates-as-email\" id=\"contact-email\" aria-required=\"true\" aria-invalid=\"false\" value=\"\" type=\"email\" name=\"contact-email\" \/>\n    <\/div>\n  <\/div>\n<\/div>\n<div class=\"row\">\n  <div class=\"columns small-12\">\n    <div class=\"section-contact__line\">\n      <label for=\"contact-subject\">Thema *<\/label>\n      <input size=\"40\" maxlength=\"400\" class=\"wpcf7-form-control wpcf7-text wpcf7-validates-as-required\" id=\"contact-subject\" aria-required=\"true\" aria-invalid=\"false\" value=\"\" type=\"text\" name=\"contact-subject\" \/>\n    <\/div>\n  <\/div>\n<\/div>\n<div class=\"row\">\n  <div class=\"columns small-12\">\n    <div class=\"section-contact__line\">\n      <label for=\"contact-message\">Nachricht *<\/label>\n      <textarea cols=\"40\" rows=\"10\" maxlength=\"2000\" class=\"wpcf7-form-control wpcf7-textarea wpcf7-validates-as-required\" id=\"contact-message\" aria-required=\"true\" aria-invalid=\"false\" name=\"contact-message\"><\/textarea>\n    <\/div>\n  <\/div>\n<\/div>\n<div class=\"row\">\n  <div class=\"columns small-12\">\n    <div class=\"section-contact__line\">\n      <label for=\"file-828\">Dateien (pdf, jpg, png - Max 200 MB)<\/label>\n     \n<input size=\"40\" class=\"wpcf7-form-control wpcf7-file\" id=\"file-828\" accept=\".pdf,.jpg,.jpeg,.png\" aria-invalid=\"false\" type=\"file\" name=\"file-828\" \/>\n    <\/div>\n  <\/div>\n<\/div>\n\n\n<div class=\"row\">\n  <div class=\"columns small-12 text-center\">\n    <button class=\"button\">Senden<\/button>\n  <\/div>\n<\/div><p style=\"display: none !important;\" class=\"akismet-fields-container\" data-prefix=\"_wpcf7_ak_\"><label>&#916;<textarea name=\"_wpcf7_ak_hp_textarea\" cols=\"45\" rows=\"8\" maxlength=\"100\"><\/textarea><\/label><input type=\"hidden\" id=\"ak_js_1\" name=\"_wpcf7_ak_js\" value=\"227\"\/><script>document.getElementById( \"ak_js_1\" ).setAttribute( \"value\", ( new Date() ).getTime() );<\/script><\/p>\n<\/form>\n<\/div>\n<\/div>\n\n\n\n<p>Im Rahmen seiner notariellen T\u00e4tigkeit mit Klienten und Beh\u00f6rden muss das Notariat La Wantzenau bestimmte Daten speichern.<br>Die Empf\u00e4nger der Daten sind: das Sekretariat des Notariats sowie die f\u00fcr die Beantwortung der Fragen zust\u00e4ndigen Personen.<br>Gem\u00e4\u00df dem Gesetz Nr. 78-17 vom 6. Januar 1978 \u00fcber Informatik, Dateien und Freiheitsrechte k\u00f6nnen Sie Ihr Recht auf Zugang, Widerspruch und Berichtigung der Sie betreffenden Daten bei dem vom Notariat ernannten Beauftragten f\u00fcr Informatik und Datenschutzrechte geltend machen:&nbsp;<a href=\"mailto:cil@notaires.fr\">cil@notaires.fr<\/a>.<\/p>\n\n\n\n<p><br>Die mit einem Sternchen markierten Felder m\u00fcssen ausgef\u00fcllt werden, damit Ihre Anfrage g\u00fcltig ist. Die \u00fcbrigen Felder sind nicht obligatorisch und dienen lediglich dazu, Ihre Anfrage zu pr\u00e4zisieren und Sie besser kennenzulernen.<\/p>\n\n\n\n<hr class=\"wp-block-separator has-css-opacity\"\/>\n\n\n\n<div class=\"wp-block-columns is-layout-flex wp-container-core-columns-is-layout-9d6595d7 wp-block-columns-is-layout-flex\">\n<div class=\"wp-block-column is-layout-flow wp-block-column-is-layout-flow\">\n<iframe src=\"https:\/\/www.google.com\/maps\/embed?pb=!1m18!1m12!1m3!1d832.5357702668306!2d7.816273501815671!3d48.65742189589717!2m3!1f0!2f0!3f0!3m2!1i1024!2i768!4f13.1!3m3!1m2!1s0x4796c688645d045d%3A0xf3ef1cedb0745e06!2sNOTAIRES%20LA%20WANTZENAU!5e0!3m2!1sfr!2sfr!4v1650363537410!5m2!1sfr!2sfr\" style=\"border:0;\" allowfullscreen=\"\" loading=\"lazy\" referrerpolicy=\"no-referrer-when-downgrade\" width=\"100%\" height=\"450\"><\/iframe>\n<\/div>\n\n\n\n<div class=\"wp-block-column is-vertically-aligned-center is-layout-flow wp-block-column-is-layout-flow\">\n<h2 class=\"wp-block-heading\">Unser Standort<\/h2>\n\n\n\n<p>Das Notariat La Wantzenau ist n\u00f6rdlich von Strasbourg gelegen in 67610 LA WANTZENAU, <strong>19 route de Strasbourg.<\/strong><br>Die Gemeinde La Wantzenau ist Teil <a href=\"https:\/\/int.strasbourg.eu\/de\/\">der Eurometropolregion.<\/a><\/p>\n\n\n\n<p>Unsere \u00d6ffnungszeiten sind <strong>montags bis freitags von 9:00&nbsp;Uhr bis 12:00&nbsp;Uhr und von 14:00&nbsp;Uhr bis 18:00&nbsp;Uhr.<\/strong> <br>Unsere Telefonzentrale ist <strong>von 9:15&nbsp;Uhr bis 12:00&nbsp;Uhr und von 14:00&nbsp;Uhr bis 17:00&nbsp;Uhr erreichbar.<\/strong><\/p>\n\n\n\n<p>Vor unserem Geb\u00e4ude stehen Ihnen Parkpl\u00e4tze zur Verf\u00fcgung.<\/p>\n\n\n\n<h3 class=\"wp-block-heading\">Anreise mit dem Zug<\/h3>\n\n\n\n<p>Der Bahnhof La Wantzenau liegt an der Bahnlinie Strasbourg \u2013 Lauterbourg. Informationen zu Verbindungen finden Sie bei <a href=\"https:\/\/www.fluo.eu\/de\">Fluo Grand Est.<\/a><\/p>\n\n\n\n<h3 class=\"wp-block-heading\">Anreise mit dem Bus<\/h3>\n\n\n\n<p>Unser Notariat ist mit den Buslinien Nr. 72 und Nr. 72a der CTS erreichbar.<br>Rechnen Sie mit einer Fahrzeit von etwa 30 Minuten von Strasbourg bis La Wantzenau.<\/p>\n<\/div>\n<\/div>\n","protected":false},"excerpt":{"rendered":"<p>Im Rahmen seiner notariellen T\u00e4tigkeit mit Klienten und Beh\u00f6rden muss das Notariat La Wantzenau bestimmte Daten speichern.Die Empf\u00e4nger der Daten sind: das Sekretariat des Notariats sowie die f\u00fcr die Beantwortung der Fragen zust\u00e4ndigen Personen.Gem\u00e4\u00df dem Gesetz Nr. 78-17 vom 6. Januar 1978 \u00fcber Informatik, Dateien und Freiheitsrechte k\u00f6nnen Sie Ihr Recht auf Zugang, Widerspruch und [&hellip;]<\/p>\n","protected":false},"author":7,"featured_media":3749,"parent":0,"menu_order":18,"comment_status":"closed","ping_status":"closed","template":"","meta":{"_acf_changed":false,"inline_featured_image":false,"footnotes":""},"class_list":["post-3412","page","type-page","status-publish","has-post-thumbnail","hentry"],"acf":[],"yoast_head":"<!-- This site is optimized with the Yoast SEO plugin v26.1.1 - https:\/\/yoast.com\/wordpress\/plugins\/seo\/ -->\n<title>Kontakt - Notariat von La Wantzenau<\/title>\n<meta name=\"description\" content=\"Finden Sie auf dieser Seite unsere Kontaktdaten, unsere \u00d6ffnungszeiten und unseren Standort, um uns leichter zu erreichen.\" \/>\n<meta name=\"robots\" content=\"index, follow, max-snippet:-1, max-image-preview:large, max-video-preview:-1\" \/>\n<link rel=\"canonical\" href=\"https:\/\/www.nlw.fr\/de\/kontakt\/\" \/>\n<meta property=\"og:locale\" content=\"de_DE\" \/>\n<meta property=\"og:type\" content=\"article\" \/>\n<meta property=\"og:title\" content=\"Kontakt - Notariat von La Wantzenau\" \/>\n<meta property=\"og:description\" content=\"Finden Sie auf dieser Seite unsere Kontaktdaten, unsere \u00d6ffnungszeiten und unseren Standort, um uns leichter zu erreichen.\" \/>\n<meta property=\"og:url\" content=\"https:\/\/www.nlw.fr\/de\/kontakt\/\" \/>\n<meta property=\"og:site_name\" content=\"Notariat von La Wantzenau\" \/>\n<meta property=\"article:modified_time\" content=\"2024-10-18T10:40:28+00:00\" \/>\n<meta property=\"og:image\" content=\"https:\/\/www.nlw.fr\/wp-content\/uploads\/2023\/09\/contact-notaires-wantzenau.png\" \/>\n\t<meta property=\"og:image:width\" content=\"645\" \/>\n\t<meta property=\"og:image:height\" content=\"430\" \/>\n\t<meta property=\"og:image:type\" content=\"image\/png\" \/>\n<meta name=\"twitter:card\" content=\"summary_large_image\" \/>\n<meta name=\"twitter:label1\" content=\"Gesch\u00e4tzte Lesezeit\" \/>\n\t<meta name=\"twitter:data1\" content=\"1\u00a0Minute\" \/>\n<script type=\"application\/ld+json\" class=\"yoast-schema-graph\">{\"@context\":\"https:\/\/schema.org\",\"@graph\":[{\"@type\":\"WebPage\",\"@id\":\"https:\/\/www.nlw.fr\/de\/kontakt\/\",\"url\":\"https:\/\/www.nlw.fr\/de\/kontakt\/\",\"name\":\"Kontakt - Notariat von La Wantzenau\",\"isPartOf\":{\"@id\":\"https:\/\/www.nlw.fr\/#website\"},\"primaryImageOfPage\":{\"@id\":\"https:\/\/www.nlw.fr\/de\/kontakt\/#primaryimage\"},\"image\":{\"@id\":\"https:\/\/www.nlw.fr\/de\/kontakt\/#primaryimage\"},\"thumbnailUrl\":\"https:\/\/www.nlw.fr\/wp-content\/uploads\/2023\/09\/contact-notaires-wantzenau.png\",\"datePublished\":\"2023-07-16T14:20:40+00:00\",\"dateModified\":\"2024-10-18T10:40:28+00:00\",\"description\":\"Finden Sie auf dieser Seite unsere Kontaktdaten, unsere \u00d6ffnungszeiten und unseren Standort, um uns leichter zu erreichen.\",\"breadcrumb\":{\"@id\":\"https:\/\/www.nlw.fr\/de\/kontakt\/#breadcrumb\"},\"inLanguage\":\"de\",\"potentialAction\":[{\"@type\":\"ReadAction\",\"target\":[\"https:\/\/www.nlw.fr\/de\/kontakt\/\"]}]},{\"@type\":\"ImageObject\",\"inLanguage\":\"de\",\"@id\":\"https:\/\/www.nlw.fr\/de\/kontakt\/#primaryimage\",\"url\":\"https:\/\/www.nlw.fr\/wp-content\/uploads\/2023\/09\/contact-notaires-wantzenau.png\",\"contentUrl\":\"https:\/\/www.nlw.fr\/wp-content\/uploads\/2023\/09\/contact-notaires-wantzenau.png\",\"width\":2100,\"height\":1400,\"caption\":\"Notaires de La Wantzenau\"},{\"@type\":\"BreadcrumbList\",\"@id\":\"https:\/\/www.nlw.fr\/de\/kontakt\/#breadcrumb\",\"itemListElement\":[{\"@type\":\"ListItem\",\"position\":1,\"name\":\"Accueil\",\"item\":\"https:\/\/www.nlw.fr\/de\/\"},{\"@type\":\"ListItem\",\"position\":2,\"name\":\"Kontakt\"}]},{\"@type\":\"WebSite\",\"@id\":\"https:\/\/www.nlw.fr\/#website\",\"url\":\"https:\/\/www.nlw.fr\/\",\"name\":\"NLW\",\"description\":\"\",\"potentialAction\":[{\"@type\":\"SearchAction\",\"target\":{\"@type\":\"EntryPoint\",\"urlTemplate\":\"https:\/\/www.nlw.fr\/?s={search_term_string}\"},\"query-input\":{\"@type\":\"PropertyValueSpecification\",\"valueRequired\":true,\"valueName\":\"search_term_string\"}}],\"inLanguage\":\"de\"}]}<\/script>\n<!-- \/ Yoast SEO plugin. -->","yoast_head_json":{"title":"Kontakt - Notariat von La Wantzenau","description":"Finden Sie auf dieser Seite unsere Kontaktdaten, unsere \u00d6ffnungszeiten und unseren Standort, um uns leichter zu erreichen.","robots":{"index":"index","follow":"follow","max-snippet":"max-snippet:-1","max-image-preview":"max-image-preview:large","max-video-preview":"max-video-preview:-1"},"canonical":"https:\/\/www.nlw.fr\/de\/kontakt\/","og_locale":"de_DE","og_type":"article","og_title":"Kontakt - Notariat von La Wantzenau","og_description":"Finden Sie auf dieser Seite unsere Kontaktdaten, unsere \u00d6ffnungszeiten und unseren Standort, um uns leichter zu erreichen.","og_url":"https:\/\/www.nlw.fr\/de\/kontakt\/","og_site_name":"Notariat von La Wantzenau","article_modified_time":"2024-10-18T10:40:28+00:00","og_image":[{"url":"https:\/\/www.nlw.fr\/wp-content\/uploads\/2023\/09\/contact-notaires-wantzenau.png","width":645,"height":430,"type":"image\/png"}],"twitter_card":"summary_large_image","twitter_misc":{"Gesch\u00e4tzte Lesezeit":"1\u00a0Minute"},"schema":{"@context":"https:\/\/schema.org","@graph":[{"@type":"WebPage","@id":"https:\/\/www.nlw.fr\/de\/kontakt\/","url":"https:\/\/www.nlw.fr\/de\/kontakt\/","name":"Kontakt - Notariat von La Wantzenau","isPartOf":{"@id":"https:\/\/www.nlw.fr\/#website"},"primaryImageOfPage":{"@id":"https:\/\/www.nlw.fr\/de\/kontakt\/#primaryimage"},"image":{"@id":"https:\/\/www.nlw.fr\/de\/kontakt\/#primaryimage"},"thumbnailUrl":"https:\/\/www.nlw.fr\/wp-content\/uploads\/2023\/09\/contact-notaires-wantzenau.png","datePublished":"2023-07-16T14:20:40+00:00","dateModified":"2024-10-18T10:40:28+00:00","description":"Finden Sie auf dieser Seite unsere Kontaktdaten, unsere \u00d6ffnungszeiten und unseren Standort, um uns leichter zu erreichen.","breadcrumb":{"@id":"https:\/\/www.nlw.fr\/de\/kontakt\/#breadcrumb"},"inLanguage":"de","potentialAction":[{"@type":"ReadAction","target":["https:\/\/www.nlw.fr\/de\/kontakt\/"]}]},{"@type":"ImageObject","inLanguage":"de","@id":"https:\/\/www.nlw.fr\/de\/kontakt\/#primaryimage","url":"https:\/\/www.nlw.fr\/wp-content\/uploads\/2023\/09\/contact-notaires-wantzenau.png","contentUrl":"https:\/\/www.nlw.fr\/wp-content\/uploads\/2023\/09\/contact-notaires-wantzenau.png","width":2100,"height":1400,"caption":"Notaires de La Wantzenau"},{"@type":"BreadcrumbList","@id":"https:\/\/www.nlw.fr\/de\/kontakt\/#breadcrumb","itemListElement":[{"@type":"ListItem","position":1,"name":"Accueil","item":"https:\/\/www.nlw.fr\/de\/"},{"@type":"ListItem","position":2,"name":"Kontakt"}]},{"@type":"WebSite","@id":"https:\/\/www.nlw.fr\/#website","url":"https:\/\/www.nlw.fr\/","name":"NLW","description":"","potentialAction":[{"@type":"SearchAction","target":{"@type":"EntryPoint","urlTemplate":"https:\/\/www.nlw.fr\/?s={search_term_string}"},"query-input":{"@type":"PropertyValueSpecification","valueRequired":true,"valueName":"search_term_string"}}],"inLanguage":"de"}]}},"_links":{"self":[{"href":"https:\/\/www.nlw.fr\/de\/wp-json\/wp\/v2\/pages\/3412","targetHints":{"allow":["GET"]}}],"collection":[{"href":"https:\/\/www.nlw.fr\/de\/wp-json\/wp\/v2\/pages"}],"about":[{"href":"https:\/\/www.nlw.fr\/de\/wp-json\/wp\/v2\/types\/page"}],"author":[{"embeddable":true,"href":"https:\/\/www.nlw.fr\/de\/wp-json\/wp\/v2\/users\/7"}],"replies":[{"embeddable":true,"href":"https:\/\/www.nlw.fr\/de\/wp-json\/wp\/v2\/comments?post=3412"}],"version-history":[{"count":1,"href":"https:\/\/www.nlw.fr\/de\/wp-json\/wp\/v2\/pages\/3412\/revisions"}],"predecessor-version":[{"id":5551,"href":"https:\/\/www.nlw.fr\/de\/wp-json\/wp\/v2\/pages\/3412\/revisions\/5551"}],"wp:featuredmedia":[{"embeddable":true,"href":"https:\/\/www.nlw.fr\/de\/wp-json\/wp\/v2\/media\/3749"}],"wp:attachment":[{"href":"https:\/\/www.nlw.fr\/de\/wp-json\/wp\/v2\/media?parent=3412"}],"curies":[{"name":"wp","href":"https:\/\/api.w.org\/{rel}","templated":true}]}}