{"id":4645,"date":"2022-04-08T10:51:01","date_gmt":"2022-04-08T08:51:01","guid":{"rendered":"https:\/\/www.nlw.fr\/documentation-pratique\/"},"modified":"2024-10-18T12:27:21","modified_gmt":"2024-10-18T10:27:21","slug":"merkblatter","status":"publish","type":"page","link":"https:\/\/www.nlw.fr\/de\/juristisch\/merkblatter\/","title":{"rendered":"Merkbl\u00e4tter"},"content":{"rendered":"\n<p><strong>Nachfolgend finden Sie unsere Infobl\u00e4tter.<\/strong><\/p>\n\n\n\n<p>Bitte bringen Sie zum Termin alle hilfreichen Unterlagen mit: Ausweisdokumente, Eigentumstitel, etc.<br>F\u00fcr spezifische Termine bringen Sie bitte die in den nachfolgenden Infobl\u00e4ttern genannten Unterlagen mit.<\/p>\n\n\n\n<hr class=\"wp-block-separator has-css-opacity is-style-default\"\/>\n\n\n\n<h4 class=\"wp-block-heading has-text-align-center\"><strong>DOKUMENTE<\/strong><\/h4>\n\n\n\n<h2 class=\"wp-block-heading has-text-align-center\">Folgende Dokumente k\u00f6nnen hilfreich f\u00fcr Sie sein&nbsp;und stehen zum Download bereit:<\/h2>\n\n\n\n<div class=\"wp-block-columns is-layout-flex wp-container-core-columns-is-layout-9d6595d7 wp-block-columns-is-layout-flex\">\n<div class=\"wp-block-column is-layout-flow wp-block-column-is-layout-flow\">\n<p><a href=\"https:\/\/www.nlw.fr\/wp-content\/uploads\/2023\/11\/DOKUMENTE-ZUR-NACHLASSABWICKLUNG-2.pdf\" target=\"_blank\" rel=\"noreferrer noopener\">NOTWENDIGE<\/a> <a href=\"https:\/\/www.nlw.fr\/wp-content\/uploads\/2024\/02\/DOKUMENTE-FRAGEBOGEN-PERSONENSTAND.pdf\" target=\"_blank\" rel=\"noreferrer noopener\">DOKUMENTE <strong>FRAGE<\/strong><\/a><strong><a href=\"https:\/\/www.nlw.fr\/wp-content\/uploads\/2024\/02\/DOKUMENTE-FRAGEBOGEN-PERSONENSTAND.pdf\" target=\"_blank\" rel=\"noreferrer noopener\">BO<\/a><\/strong><a href=\"https:\/\/www.nlw.fr\/wp-content\/uploads\/2024\/02\/DOKUMENTE-FRAGEBOGEN-PERSONENSTAND.pdf\"><strong>GEN PERSONENSTAND<\/strong><\/a> \u2013 PDF<\/p>\n\n\n\n<div class=\"wp-block-buttons is-horizontal is-content-justification-left is-layout-flex wp-container-core-buttons-is-layout-7e5fce0a wp-block-buttons-is-layout-flex\">\n<div class=\"wp-block-button is-style-fill\"><a class=\"wp-block-button__link wp-element-button\" href=\"https:\/\/www.nlw.fr\/wp-content\/uploads\/2024\/02\/DOKUMENTE-FRAGEBOGEN-PERSONENSTAND.pdf\" target=\"_blank\" rel=\"noreferrer noopener\">Download<\/a><\/div>\n<\/div>\n\n\n\n<div style=\"height:45px\" aria-hidden=\"true\" class=\"wp-block-spacer\"><\/div>\n\n\n\n<p><a href=\"https:\/\/www.nlw.fr\/wp-content\/uploads\/2023\/11\/neu-DOKUMENTE-FUR-VORVERTRAG-KAUFVERTRAG.pdf\" target=\"_blank\" rel=\"noreferrer noopener\">NOTWENDIGE DOKUMENTE ZUR <strong>VORBEREITUNG EINES VORVERTRAGES\/ KAUFVERTRAGES<\/strong><\/a> \u2013 PDF<\/p>\n\n\n\n<div class=\"wp-block-buttons is-horizontal is-content-justification-left is-layout-flex wp-container-core-buttons-is-layout-7e5fce0a wp-block-buttons-is-layout-flex\">\n<div class=\"wp-block-button is-style-fill\"><a class=\"wp-block-button__link wp-element-button\" href=\"https:\/\/www.nlw.fr\/wp-content\/uploads\/2023\/11\/neu-DOKUMENTE-FUR-VORVERTRAG-KAUFVERTRAG.pdf\" target=\"_blank\" rel=\"noreferrer noopener\">Download<\/a><\/div>\n<\/div>\n\n\n\n<div style=\"height:42px\" aria-hidden=\"true\" class=\"wp-block-spacer\"><\/div>\n\n\n\n<p><a href=\"https:\/\/www.nlw.fr\/wp-content\/uploads\/2024\/02\/DOKUMENTE-Merkblatt-Kaufvertrag.pdf\" target=\"_blank\" rel=\"noreferrer noopener\">NOTWENDIGE DOKUMENTE F\u00dcR <strong>MERKBLATT KAUFVERTRAG<\/strong><\/a> \u2013 PDF<\/p>\n\n\n\n<div class=\"wp-block-buttons is-horizontal is-content-justification-left is-layout-flex wp-container-core-buttons-is-layout-7e5fce0a wp-block-buttons-is-layout-flex\">\n<div class=\"wp-block-button is-style-fill\"><a class=\"wp-block-button__link wp-element-button\" href=\"https:\/\/www.nlw.fr\/wp-content\/uploads\/2024\/02\/DOKUMENTE-Merkblatt-Kaufvertrag.pdf\" target=\"_blank\" rel=\"noreferrer noopener\">Download<\/a><\/div>\n<\/div>\n\n\n\n<div style=\"height:42px\" aria-hidden=\"true\" class=\"wp-block-spacer\"><\/div>\n\n\n\n<p><a href=\"https:\/\/www.nlw.fr\/wp-content\/uploads\/2023\/11\/DOKUMENTE-FUR-VERMOGENSAUFTEILUNG-BEI-SCHEIDUNG.pdf\" target=\"_blank\" rel=\"noreferrer noopener\">NOTWENDIGE DOKUMENTE F\u00dcR <strong>DIE VERM\u00d6GENSAUFTEILUNG BEI SCHEIDUNG<\/strong><\/a> \u2013 PDF<\/p>\n\n\n\n<div class=\"wp-block-buttons is-horizontal is-content-justification-left is-layout-flex wp-container-core-buttons-is-layout-7e5fce0a wp-block-buttons-is-layout-flex\">\n<div class=\"wp-block-button is-style-fill\"><a class=\"wp-block-button__link wp-element-button\" href=\"https:\/\/www.nlw.fr\/wp-content\/uploads\/2023\/11\/DOKUMENTE-FUR-VERMOGENSAUFTEILUNG-BEI-SCHEIDUNG.pdf\" target=\"_blank\" rel=\"noreferrer noopener\">Download<\/a><\/div>\n<\/div>\n<\/div>\n\n\n\n<div class=\"wp-block-column is-layout-flow wp-block-column-is-layout-flow\">\n<p><a href=\"https:\/\/www.nlw.fr\/wp-content\/uploads\/2023\/11\/DOKUMENTE-ZUR-NACHLASSABWICKLUNG-2.pdf\" target=\"_blank\" rel=\"noreferrer noopener\">NOTWENDIGE DOKUMENTE <strong>ZUR NACHLASS<\/strong><\/a><strong><a href=\"https:\/\/www.nlw.fr\/wp-content\/uploads\/2024\/02\/DOKUMENTE-Merkblatt-Nachlassabwicklung.pdf\" target=\"_blank\" rel=\"noreferrer noopener\">ABWICKLUNG<\/a><\/strong> \u2013 PDF<\/p>\n\n\n\n<div class=\"wp-block-buttons is-horizontal is-content-justification-left is-layout-flex wp-container-core-buttons-is-layout-7e5fce0a wp-block-buttons-is-layout-flex\">\n<div class=\"wp-block-button is-style-fill\"><a class=\"wp-block-button__link wp-element-button\" href=\"https:\/\/www.nlw.fr\/wp-content\/uploads\/2024\/02\/DOKUMENTE-Merkblatt-Nachlassabwicklung.pdf\" target=\"_blank\" rel=\"noreferrer noopener\">Download<\/a><\/div>\n<\/div>\n\n\n\n<div style=\"height:45px\" aria-hidden=\"true\" class=\"wp-block-spacer\"><\/div>\n\n\n\n<p><a href=\"https:\/\/www.nlw.fr\/wp-content\/uploads\/2024\/02\/DOKUMENTE-Merkblatt-Unterlagen-Kaufangelegenheiten-Agrarbezug.pdf\" target=\"_blank\" rel=\"noreferrer noopener\">NOTWENDIGE DOKUMENTE ZU <strong>KAUFANGELEGENHEITEN MIT AGRARBEZUG<\/strong><\/a> \u2013 PDF<\/p>\n\n\n\n<div class=\"wp-block-buttons is-horizontal is-content-justification-left is-layout-flex wp-container-core-buttons-is-layout-7e5fce0a wp-block-buttons-is-layout-flex\">\n<div class=\"wp-block-button is-style-fill\"><a class=\"wp-block-button__link wp-element-button\" href=\"https:\/\/www.nlw.fr\/wp-content\/uploads\/2024\/02\/DOKUMENTE-Merkblatt-Unterlagen-Kaufangelegenheiten-Agrarbezug.pdf\" target=\"_blank\" rel=\"noreferrer noopener\">Download<\/a><\/div>\n<\/div>\n\n\n\n<div style=\"height:45px\" aria-hidden=\"true\" class=\"wp-block-spacer\"><\/div>\n\n\n\n<p><a href=\"https:\/\/www.nlw.fr\/wp-content\/uploads\/2024\/02\/DOKUMENTE-SIEDLUNGSPROJEKTE-KAUFER.pdf\" target=\"_blank\" rel=\"noreferrer noopener\">NOTWENDIGE DOKUMENTE F\u00dcR <strong>SIEDLUNGSPROJEKTE K\u00c4UFER<\/strong><\/a> \u2013 PDF<\/p>\n\n\n\n<div class=\"wp-block-buttons is-layout-flex wp-block-buttons-is-layout-flex\">\n<div class=\"wp-block-button is-style-fill\"><a class=\"wp-block-button__link wp-element-button\" href=\"https:\/\/www.nlw.fr\/wp-content\/uploads\/2024\/02\/DOKUMENTE-SIEDLUNGSPROJEKTE-KAUFER.pdf\" target=\"_blank\" rel=\"noreferrer noopener\">Download<\/a><\/div>\n<\/div>\n\n\n\n<div style=\"height:45px\" aria-hidden=\"true\" class=\"wp-block-spacer\"><\/div>\n\n\n\n<p><a href=\"https:\/\/www.nlw.fr\/wp-content\/uploads\/2024\/02\/DOKUMENTE-Merkblatt-Unterlagen-Vermogensaudit.pdf\">NOTWENDIGE DOKUMENTE F\u00dc <strong>VERM\u00d6GENSBERATUNG\/-TEILUNG<\/strong><\/a> \u2013 PDF<\/p>\n\n\n\n<div class=\"wp-block-buttons is-horizontal is-content-justification-left is-layout-flex wp-container-core-buttons-is-layout-7e5fce0a wp-block-buttons-is-layout-flex\">\n<div class=\"wp-block-button is-style-fill\"><a class=\"wp-block-button__link wp-element-button\" href=\"https:\/\/www.nlw.fr\/wp-content\/uploads\/2024\/02\/DOKUMENTE-Merkblatt-Unterlagen-Vermogensaudit.pdf\" target=\"_blank\" rel=\"noreferrer noopener\">Download<\/a><\/div>\n<\/div>\n<\/div>\n<\/div>\n\n\n\n<hr class=\"wp-block-separator has-css-opacity\"\/>\n\n\n<section class=\"section-acces home-section container \">\r\n    <div class=\"home-section__body\">\r\n    <div class=\"row expanded collapse large-up-2 small-up-1\">\r\n            <div class=\"columns acces-item-column\">\r\n        <article class=\"acces-item\">\n  <a href=\"https:\/\/www.nlw.fr\/de\/juristisch\/juristische-informationen\/\">\n        <figure class=\"acces-item__thumb\">\n      <img decoding=\"async\" src=\"https:\/\/www.nlw.fr\/wp-content\/uploads\/2022\/04\/offres-emplois-notaires-wantzenau-644x430.jpg\" alt=\"Offres d'emplois chez les Notaires de la Wantzenau\">\n    <\/figure>\n        <div class=\"acces-item__body\">\n            <div class=\"acces-item__title\">Entdecke die<\/div>\n                  <div class=\"acces-item__link\">\n        <span class=\"link-icon link-icon--after link-icon--white\">Rechtliche Informationen<\/span>\n      <\/div>\n          <\/div>\n  <\/a>\n<\/article>      <\/div>\r\n            <div class=\"columns acces-item-column\">\r\n        <article class=\"acces-item\">\n  <a href=\"https:\/\/www.nlw.fr\/honoraires\/activites-tarifiees\/\">\n        <figure class=\"acces-item__thumb\">\n      <img decoding=\"async\" src=\"https:\/\/www.nlw.fr\/wp-content\/uploads\/2022\/06\/ventes-interactives-notaires-wantzenau-644x430.jpg\" alt=\"Ventes interactives\">\n    <\/figure>\n        <div class=\"acces-item__body\">\n            <div class=\"acces-item__title\">Entdecke die<\/div>\n                  <div class=\"acces-item__link\">\n        <span class=\"link-icon link-icon--after link-icon--white\">Tarifierte Aktivit\u00e4ten<\/span>\n      <\/div>\n          <\/div>\n  <\/a>\n<\/article>      <\/div>\r\n          <\/div>\r\n  <\/div>\r\n  <\/section>","protected":false},"excerpt":{"rendered":"<p>Nachfolgend finden Sie unsere Infobl\u00e4tter. Bitte bringen Sie zum Termin alle hilfreichen Unterlagen mit: Ausweisdokumente, Eigentumstitel, etc.F\u00fcr spezifische Termine bringen Sie bitte die in den nachfolgenden Infobl\u00e4ttern genannten Unterlagen mit. DOKUMENTE Folgende Dokumente k\u00f6nnen hilfreich f\u00fcr Sie sein&nbsp;und stehen zum Download bereit: NOTWENDIGE DOKUMENTE FRAGEBOGEN PERSONENSTAND \u2013 PDF NOTWENDIGE DOKUMENTE ZUR VORBEREITUNG EINES VORVERTRAGES\/ KAUFVERTRAGES [&hellip;]<\/p>\n","protected":false},"author":7,"featured_media":2673,"parent":5160,"menu_order":16,"comment_status":"closed","ping_status":"closed","template":"","meta":{"_acf_changed":false,"inline_featured_image":false,"footnotes":""},"class_list":["post-4645","page","type-page","status-publish","has-post-thumbnail","hentry"],"acf":[],"yoast_head":"<!-- This site is optimized with the Yoast SEO plugin v26.1.1 - https:\/\/yoast.com\/wordpress\/plugins\/seo\/ -->\n<title>Merkbl\u00e4tter - Notariat von La Wantzenau<\/title>\n<meta name=\"description\" content=\"Sehen Sie sich unsere Informationsbl\u00e4tter an und bereiten Sie sich auf Ihren Termin vor, indem Sie die erforderlichen Unterlagen zusammenstellen.\" \/>\n<meta name=\"robots\" content=\"index, follow, max-snippet:-1, max-image-preview:large, max-video-preview:-1\" \/>\n<link rel=\"canonical\" href=\"https:\/\/www.nlw.fr\/de\/juristisch\/merkblatter\/\" \/>\n<meta property=\"og:locale\" content=\"de_DE\" \/>\n<meta property=\"og:type\" content=\"article\" \/>\n<meta property=\"og:title\" content=\"Merkbl\u00e4tter - Notariat von La Wantzenau\" \/>\n<meta property=\"og:description\" content=\"Sehen Sie sich unsere Informationsbl\u00e4tter an und bereiten Sie sich auf Ihren Termin vor, indem Sie die erforderlichen Unterlagen zusammenstellen.\" \/>\n<meta property=\"og:url\" content=\"https:\/\/www.nlw.fr\/de\/juristisch\/merkblatter\/\" \/>\n<meta property=\"og:site_name\" content=\"Notariat von La Wantzenau\" \/>\n<meta property=\"article:modified_time\" content=\"2024-10-18T10:27:21+00:00\" \/>\n<meta property=\"og:image\" content=\"https:\/\/www.nlw.fr\/wp-content\/uploads\/2022\/06\/documents-juridique-notaires-wantzenau-scaled.jpg\" \/>\n\t<meta property=\"og:image:width\" content=\"2560\" \/>\n\t<meta property=\"og:image:height\" content=\"1920\" \/>\n\t<meta property=\"og:image:type\" content=\"image\/jpeg\" \/>\n<meta name=\"twitter:card\" content=\"summary_large_image\" \/>\n<meta name=\"twitter:label1\" content=\"Gesch\u00e4tzte Lesezeit\" \/>\n\t<meta name=\"twitter:data1\" content=\"1\u00a0Minute\" \/>\n<script type=\"application\/ld+json\" class=\"yoast-schema-graph\">{\"@context\":\"https:\/\/schema.org\",\"@graph\":[{\"@type\":\"WebPage\",\"@id\":\"https:\/\/www.nlw.fr\/de\/juristisch\/merkblatter\/\",\"url\":\"https:\/\/www.nlw.fr\/de\/juristisch\/merkblatter\/\",\"name\":\"Merkbl\u00e4tter - Notariat von La Wantzenau\",\"isPartOf\":{\"@id\":\"https:\/\/www.nlw.fr\/#website\"},\"primaryImageOfPage\":{\"@id\":\"https:\/\/www.nlw.fr\/de\/juristisch\/merkblatter\/#primaryimage\"},\"image\":{\"@id\":\"https:\/\/www.nlw.fr\/de\/juristisch\/merkblatter\/#primaryimage\"},\"thumbnailUrl\":\"https:\/\/www.nlw.fr\/wp-content\/uploads\/2022\/06\/documents-juridique-notaires-wantzenau-scaled.jpg\",\"datePublished\":\"2022-04-08T08:51:01+00:00\",\"dateModified\":\"2024-10-18T10:27:21+00:00\",\"description\":\"Sehen Sie sich unsere Informationsbl\u00e4tter an und bereiten Sie sich auf Ihren Termin vor, indem Sie die erforderlichen Unterlagen zusammenstellen.\",\"breadcrumb\":{\"@id\":\"https:\/\/www.nlw.fr\/de\/juristisch\/merkblatter\/#breadcrumb\"},\"inLanguage\":\"de\",\"potentialAction\":[{\"@type\":\"ReadAction\",\"target\":[\"https:\/\/www.nlw.fr\/de\/juristisch\/merkblatter\/\"]}]},{\"@type\":\"ImageObject\",\"inLanguage\":\"de\",\"@id\":\"https:\/\/www.nlw.fr\/de\/juristisch\/merkblatter\/#primaryimage\",\"url\":\"https:\/\/www.nlw.fr\/wp-content\/uploads\/2022\/06\/documents-juridique-notaires-wantzenau-scaled.jpg\",\"contentUrl\":\"https:\/\/www.nlw.fr\/wp-content\/uploads\/2022\/06\/documents-juridique-notaires-wantzenau-scaled.jpg\",\"width\":2560,\"height\":1920,\"caption\":\"Documentation juridique\"},{\"@type\":\"BreadcrumbList\",\"@id\":\"https:\/\/www.nlw.fr\/de\/juristisch\/merkblatter\/#breadcrumb\",\"itemListElement\":[{\"@type\":\"ListItem\",\"position\":1,\"name\":\"Accueil\",\"item\":\"https:\/\/www.nlw.fr\/de\/\"},{\"@type\":\"ListItem\",\"position\":2,\"name\":\"Juristisches\",\"item\":\"https:\/\/www.nlw.fr\/de\/juristisch\/\"},{\"@type\":\"ListItem\",\"position\":3,\"name\":\"Merkbl\u00e4tter\"}]},{\"@type\":\"WebSite\",\"@id\":\"https:\/\/www.nlw.fr\/#website\",\"url\":\"https:\/\/www.nlw.fr\/\",\"name\":\"NLW\",\"description\":\"\",\"potentialAction\":[{\"@type\":\"SearchAction\",\"target\":{\"@type\":\"EntryPoint\",\"urlTemplate\":\"https:\/\/www.nlw.fr\/?s={search_term_string}\"},\"query-input\":{\"@type\":\"PropertyValueSpecification\",\"valueRequired\":true,\"valueName\":\"search_term_string\"}}],\"inLanguage\":\"de\"}]}<\/script>\n<!-- \/ Yoast SEO plugin. -->","yoast_head_json":{"title":"Merkbl\u00e4tter - Notariat von La Wantzenau","description":"Sehen Sie sich unsere Informationsbl\u00e4tter an und bereiten Sie sich auf Ihren Termin vor, indem Sie die erforderlichen Unterlagen zusammenstellen.","robots":{"index":"index","follow":"follow","max-snippet":"max-snippet:-1","max-image-preview":"max-image-preview:large","max-video-preview":"max-video-preview:-1"},"canonical":"https:\/\/www.nlw.fr\/de\/juristisch\/merkblatter\/","og_locale":"de_DE","og_type":"article","og_title":"Merkbl\u00e4tter - Notariat von La Wantzenau","og_description":"Sehen Sie sich unsere Informationsbl\u00e4tter an und bereiten Sie sich auf Ihren Termin vor, indem Sie die erforderlichen Unterlagen zusammenstellen.","og_url":"https:\/\/www.nlw.fr\/de\/juristisch\/merkblatter\/","og_site_name":"Notariat von La Wantzenau","article_modified_time":"2024-10-18T10:27:21+00:00","og_image":[{"width":2560,"height":1920,"url":"https:\/\/www.nlw.fr\/wp-content\/uploads\/2022\/06\/documents-juridique-notaires-wantzenau-scaled.jpg","type":"image\/jpeg"}],"twitter_card":"summary_large_image","twitter_misc":{"Gesch\u00e4tzte Lesezeit":"1\u00a0Minute"},"schema":{"@context":"https:\/\/schema.org","@graph":[{"@type":"WebPage","@id":"https:\/\/www.nlw.fr\/de\/juristisch\/merkblatter\/","url":"https:\/\/www.nlw.fr\/de\/juristisch\/merkblatter\/","name":"Merkbl\u00e4tter - Notariat von La Wantzenau","isPartOf":{"@id":"https:\/\/www.nlw.fr\/#website"},"primaryImageOfPage":{"@id":"https:\/\/www.nlw.fr\/de\/juristisch\/merkblatter\/#primaryimage"},"image":{"@id":"https:\/\/www.nlw.fr\/de\/juristisch\/merkblatter\/#primaryimage"},"thumbnailUrl":"https:\/\/www.nlw.fr\/wp-content\/uploads\/2022\/06\/documents-juridique-notaires-wantzenau-scaled.jpg","datePublished":"2022-04-08T08:51:01+00:00","dateModified":"2024-10-18T10:27:21+00:00","description":"Sehen Sie sich unsere Informationsbl\u00e4tter an und bereiten Sie sich auf Ihren Termin vor, indem Sie die erforderlichen Unterlagen zusammenstellen.","breadcrumb":{"@id":"https:\/\/www.nlw.fr\/de\/juristisch\/merkblatter\/#breadcrumb"},"inLanguage":"de","potentialAction":[{"@type":"ReadAction","target":["https:\/\/www.nlw.fr\/de\/juristisch\/merkblatter\/"]}]},{"@type":"ImageObject","inLanguage":"de","@id":"https:\/\/www.nlw.fr\/de\/juristisch\/merkblatter\/#primaryimage","url":"https:\/\/www.nlw.fr\/wp-content\/uploads\/2022\/06\/documents-juridique-notaires-wantzenau-scaled.jpg","contentUrl":"https:\/\/www.nlw.fr\/wp-content\/uploads\/2022\/06\/documents-juridique-notaires-wantzenau-scaled.jpg","width":2560,"height":1920,"caption":"Documentation juridique"},{"@type":"BreadcrumbList","@id":"https:\/\/www.nlw.fr\/de\/juristisch\/merkblatter\/#breadcrumb","itemListElement":[{"@type":"ListItem","position":1,"name":"Accueil","item":"https:\/\/www.nlw.fr\/de\/"},{"@type":"ListItem","position":2,"name":"Juristisches","item":"https:\/\/www.nlw.fr\/de\/juristisch\/"},{"@type":"ListItem","position":3,"name":"Merkbl\u00e4tter"}]},{"@type":"WebSite","@id":"https:\/\/www.nlw.fr\/#website","url":"https:\/\/www.nlw.fr\/","name":"NLW","description":"","potentialAction":[{"@type":"SearchAction","target":{"@type":"EntryPoint","urlTemplate":"https:\/\/www.nlw.fr\/?s={search_term_string}"},"query-input":{"@type":"PropertyValueSpecification","valueRequired":true,"valueName":"search_term_string"}}],"inLanguage":"de"}]}},"_links":{"self":[{"href":"https:\/\/www.nlw.fr\/de\/wp-json\/wp\/v2\/pages\/4645","targetHints":{"allow":["GET"]}}],"collection":[{"href":"https:\/\/www.nlw.fr\/de\/wp-json\/wp\/v2\/pages"}],"about":[{"href":"https:\/\/www.nlw.fr\/de\/wp-json\/wp\/v2\/types\/page"}],"author":[{"embeddable":true,"href":"https:\/\/www.nlw.fr\/de\/wp-json\/wp\/v2\/users\/7"}],"replies":[{"embeddable":true,"href":"https:\/\/www.nlw.fr\/de\/wp-json\/wp\/v2\/comments?post=4645"}],"version-history":[{"count":2,"href":"https:\/\/www.nlw.fr\/de\/wp-json\/wp\/v2\/pages\/4645\/revisions"}],"predecessor-version":[{"id":5683,"href":"https:\/\/www.nlw.fr\/de\/wp-json\/wp\/v2\/pages\/4645\/revisions\/5683"}],"up":[{"embeddable":true,"href":"https:\/\/www.nlw.fr\/de\/wp-json\/wp\/v2\/pages\/5160"}],"wp:featuredmedia":[{"embeddable":true,"href":"https:\/\/www.nlw.fr\/de\/wp-json\/wp\/v2\/media\/2673"}],"wp:attachment":[{"href":"https:\/\/www.nlw.fr\/de\/wp-json\/wp\/v2\/media?parent=4645"}],"curies":[{"name":"wp","href":"https:\/\/api.w.org\/{rel}","templated":true}]}}