{"id":4711,"date":"2021-06-11T07:12:51","date_gmt":"2021-06-11T05:12:51","guid":{"rendered":"https:\/\/www.nlw.fr\/poles-dactivite\/"},"modified":"2024-10-18T12:40:59","modified_gmt":"2024-10-18T10:40:59","slug":"abteilungen-old","status":"publish","type":"page","link":"https:\/\/www.nlw.fr\/de\/abteilungen-old\/","title":{"rendered":"Abteilungen"},"content":{"rendered":"\n<p>Das Notariat La Wantzenau begleitet seine Klienten dank der Spezialisierung der einzelnen Abteilungen mit umfassender Fachkenntnis in zahlreichen unterschiedlichen notarrechtlichen Bereichen.<\/p>\n\n\n<section class=\"section-activites home-section container \">\n      <div class=\"home-section__body\">\n    <div class=\"row large-up-4 medium-up-2 small-up-1\">\n            <div class=\"columns activite-item-column\">\n        <article class=\"activite-item\">\n  <a href=\"https:\/\/www.nlw.fr\/de\/abteilungen\/vermoegensgestaltung\/\">\n    <figure class=\"activite-item__thumb\">\n      <img loading=\"lazy\" decoding=\"async\" width=\"2100\" height=\"1400\" src=\"https:\/\/www.nlw.fr\/wp-content\/uploads\/1990\/06\/vie-patrimoine.jpg\" class=\"attachment-full size-full wp-post-image\" alt=\"Vie du patrimoine\" srcset=\"https:\/\/www.nlw.fr\/wp-content\/uploads\/1990\/06\/vie-patrimoine.jpg 2100w, https:\/\/www.nlw.fr\/wp-content\/uploads\/1990\/06\/vie-patrimoine-360x240.jpg 360w, https:\/\/www.nlw.fr\/wp-content\/uploads\/1990\/06\/vie-patrimoine-645x430.jpg 645w, https:\/\/www.nlw.fr\/wp-content\/uploads\/1990\/06\/vie-patrimoine-465x310.jpg 465w, https:\/\/www.nlw.fr\/wp-content\/uploads\/1990\/06\/vie-patrimoine-1536x1024.jpg 1536w, https:\/\/www.nlw.fr\/wp-content\/uploads\/1990\/06\/vie-patrimoine-2048x1365.jpg 2048w\" sizes=\"auto, (max-width: 2100px) 100vw, 2100px\" \/>    <\/figure>\n    <h3 class=\"activite-item__title\">\n      Verm\u00f6gensgestaltung      <i class=\"icon-arrow-right\"><\/i>\n    <\/h3>\n  <\/a>\n<\/article>      <\/div>\n            <div class=\"columns activite-item-column\">\n        <article class=\"activite-item\">\n  <a href=\"https:\/\/www.nlw.fr\/de\/abteilungen\/nachlassregelung\/\">\n    <figure class=\"activite-item__thumb\">\n      <img loading=\"lazy\" decoding=\"async\" width=\"2100\" height=\"1400\" src=\"https:\/\/www.nlw.fr\/wp-content\/uploads\/2021\/06\/Droit-des-successions.jpg\" class=\"attachment-full size-full wp-post-image\" alt=\"Droit des successions\" srcset=\"https:\/\/www.nlw.fr\/wp-content\/uploads\/2021\/06\/Droit-des-successions.jpg 2100w, https:\/\/www.nlw.fr\/wp-content\/uploads\/2021\/06\/Droit-des-successions-360x240.jpg 360w, https:\/\/www.nlw.fr\/wp-content\/uploads\/2021\/06\/Droit-des-successions-645x430.jpg 645w, https:\/\/www.nlw.fr\/wp-content\/uploads\/2021\/06\/Droit-des-successions-465x310.jpg 465w, https:\/\/www.nlw.fr\/wp-content\/uploads\/2021\/06\/Droit-des-successions-1536x1024.jpg 1536w, https:\/\/www.nlw.fr\/wp-content\/uploads\/2021\/06\/Droit-des-successions-2048x1365.jpg 2048w\" sizes=\"auto, (max-width: 2100px) 100vw, 2100px\" \/>    <\/figure>\n    <h3 class=\"activite-item__title\">\n      Nachlassregelung      <i class=\"icon-arrow-right\"><\/i>\n    <\/h3>\n  <\/a>\n<\/article>      <\/div>\n            <div class=\"columns activite-item-column\">\n        <article class=\"activite-item\">\n  <a href=\"https:\/\/www.nlw.fr\/de\/abteilungen\/wohnimmobilien\/\">\n    <figure class=\"activite-item__thumb\">\n      <img loading=\"lazy\" decoding=\"async\" width=\"2100\" height=\"1400\" src=\"https:\/\/www.nlw.fr\/wp-content\/uploads\/2021\/06\/Immobilier-professionnel.jpg\" class=\"attachment-full size-full wp-post-image\" alt=\"Immobilier professionnel\" srcset=\"https:\/\/www.nlw.fr\/wp-content\/uploads\/2021\/06\/Immobilier-professionnel.jpg 2100w, https:\/\/www.nlw.fr\/wp-content\/uploads\/2021\/06\/Immobilier-professionnel-360x240.jpg 360w, https:\/\/www.nlw.fr\/wp-content\/uploads\/2021\/06\/Immobilier-professionnel-645x430.jpg 645w, https:\/\/www.nlw.fr\/wp-content\/uploads\/2021\/06\/Immobilier-professionnel-465x310.jpg 465w, https:\/\/www.nlw.fr\/wp-content\/uploads\/2021\/06\/Immobilier-professionnel-1536x1024.jpg 1536w, https:\/\/www.nlw.fr\/wp-content\/uploads\/2021\/06\/Immobilier-professionnel-2048x1365.jpg 2048w\" sizes=\"auto, (max-width: 2100px) 100vw, 2100px\" \/>    <\/figure>\n    <h3 class=\"activite-item__title\">\n      Wohnimmobilien      <i class=\"icon-arrow-right\"><\/i>\n    <\/h3>\n  <\/a>\n<\/article>      <\/div>\n            <div class=\"columns activite-item-column\">\n        <article class=\"activite-item\">\n  <a href=\"https:\/\/www.nlw.fr\/de\/abteilungen\/wohnungsbauprojekte-vefa\/\">\n    <figure class=\"activite-item__thumb\">\n      <img loading=\"lazy\" decoding=\"async\" width=\"2100\" height=\"1400\" src=\"https:\/\/www.nlw.fr\/wp-content\/uploads\/2021\/06\/promotion-immobiliere.jpg\" class=\"attachment-full size-full wp-post-image\" alt=\"Pr\" srcset=\"https:\/\/www.nlw.fr\/wp-content\/uploads\/2021\/06\/promotion-immobiliere.jpg 2100w, https:\/\/www.nlw.fr\/wp-content\/uploads\/2021\/06\/promotion-immobiliere-360x240.jpg 360w, https:\/\/www.nlw.fr\/wp-content\/uploads\/2021\/06\/promotion-immobiliere-645x430.jpg 645w, https:\/\/www.nlw.fr\/wp-content\/uploads\/2021\/06\/promotion-immobiliere-465x310.jpg 465w, https:\/\/www.nlw.fr\/wp-content\/uploads\/2021\/06\/promotion-immobiliere-1536x1024.jpg 1536w, https:\/\/www.nlw.fr\/wp-content\/uploads\/2021\/06\/promotion-immobiliere-2048x1365.jpg 2048w\" sizes=\"auto, (max-width: 2100px) 100vw, 2100px\" \/>    <\/figure>\n    <h3 class=\"activite-item__title\">\n      Wohnungsbauprojekte &#8211; VEFA (Verk\u00e4ufe im zuk\u00fcnftigen Stand der Fertigstellung)      <i class=\"icon-arrow-right\"><\/i>\n    <\/h3>\n  <\/a>\n<\/article>      <\/div>\n            <div class=\"columns activite-item-column\">\n        <article class=\"activite-item\">\n  <a href=\"https:\/\/www.nlw.fr\/de\/abteilungen\/gewerbeimmobilien\/\">\n    <figure class=\"activite-item__thumb\">\n      <img loading=\"lazy\" decoding=\"async\" width=\"2100\" height=\"1400\" src=\"https:\/\/www.nlw.fr\/wp-content\/uploads\/2021\/06\/pole-logement-social-office-notarial-wantzenau.jpg\" class=\"attachment-full size-full wp-post-image\" alt=\"P\u00f4le logement social de l\u2019office notarial de La Wantzenau\" srcset=\"https:\/\/www.nlw.fr\/wp-content\/uploads\/2021\/06\/pole-logement-social-office-notarial-wantzenau.jpg 2100w, https:\/\/www.nlw.fr\/wp-content\/uploads\/2021\/06\/pole-logement-social-office-notarial-wantzenau-360x240.jpg 360w, https:\/\/www.nlw.fr\/wp-content\/uploads\/2021\/06\/pole-logement-social-office-notarial-wantzenau-645x430.jpg 645w, https:\/\/www.nlw.fr\/wp-content\/uploads\/2021\/06\/pole-logement-social-office-notarial-wantzenau-465x310.jpg 465w, https:\/\/www.nlw.fr\/wp-content\/uploads\/2021\/06\/pole-logement-social-office-notarial-wantzenau-1536x1024.jpg 1536w, https:\/\/www.nlw.fr\/wp-content\/uploads\/2021\/06\/pole-logement-social-office-notarial-wantzenau-2048x1365.jpg 2048w\" sizes=\"auto, (max-width: 2100px) 100vw, 2100px\" \/>    <\/figure>\n    <h3 class=\"activite-item__title\">\n      Gewerbeimmobilien      <i class=\"icon-arrow-right\"><\/i>\n    <\/h3>\n  <\/a>\n<\/article>      <\/div>\n            <div class=\"columns activite-item-column\">\n        <article class=\"activite-item\">\n  <a href=\"https:\/\/www.nlw.fr\/de\/abteilungen\/finanzierungen\/\">\n    <figure class=\"activite-item__thumb\">\n      <img loading=\"lazy\" decoding=\"async\" width=\"2100\" height=\"1400\" src=\"https:\/\/www.nlw.fr\/wp-content\/uploads\/2023\/09\/Financement.png\" class=\"attachment-full size-full wp-post-image\" alt=\"Financement\" srcset=\"https:\/\/www.nlw.fr\/wp-content\/uploads\/2023\/09\/Financement.png 2100w, https:\/\/www.nlw.fr\/wp-content\/uploads\/2023\/09\/Financement-360x240.png 360w, https:\/\/www.nlw.fr\/wp-content\/uploads\/2023\/09\/Financement-645x430.png 645w, https:\/\/www.nlw.fr\/wp-content\/uploads\/2023\/09\/Financement-465x310.png 465w, https:\/\/www.nlw.fr\/wp-content\/uploads\/2023\/09\/Financement-1536x1024.png 1536w, https:\/\/www.nlw.fr\/wp-content\/uploads\/2023\/09\/Financement-2048x1365.png 2048w\" sizes=\"auto, (max-width: 2100px) 100vw, 2100px\" \/>    <\/figure>\n    <h3 class=\"activite-item__title\">\n      Finanzierungen      <i class=\"icon-arrow-right\"><\/i>\n    <\/h3>\n  <\/a>\n<\/article>      <\/div>\n            <div class=\"columns activite-item-column\">\n        <article class=\"activite-item\">\n  <a href=\"https:\/\/www.nlw.fr\/de\/abteilungen\/wirtschaftsrecht\/\">\n    <figure class=\"activite-item__thumb\">\n      <img loading=\"lazy\" decoding=\"async\" width=\"1000\" height=\"667\" src=\"https:\/\/www.nlw.fr\/wp-content\/uploads\/2021\/06\/droit-commercial.jpg\" class=\"attachment-full size-full wp-post-image\" alt=\"p\u00f4le droit commercial notaires de la Wantzenau\" srcset=\"https:\/\/www.nlw.fr\/wp-content\/uploads\/2021\/06\/droit-commercial.jpg 1000w, https:\/\/www.nlw.fr\/wp-content\/uploads\/2021\/06\/droit-commercial-360x240.jpg 360w, https:\/\/www.nlw.fr\/wp-content\/uploads\/2021\/06\/droit-commercial-645x430.jpg 645w, https:\/\/www.nlw.fr\/wp-content\/uploads\/2021\/06\/droit-commercial-465x310.jpg 465w\" sizes=\"auto, (max-width: 1000px) 100vw, 1000px\" \/>    <\/figure>\n    <h3 class=\"activite-item__title\">\n      Wirtschaftsrecht      <i class=\"icon-arrow-right\"><\/i>\n    <\/h3>\n  <\/a>\n<\/article>      <\/div>\n            <div class=\"columns activite-item-column\">\n        <article class=\"activite-item\">\n  <a href=\"https:\/\/www.nlw.fr\/de\/abteilungen\/institutionelle-klienten-offentliche-einrichtungen\/\">\n    <figure class=\"activite-item__thumb\">\n      <img loading=\"lazy\" decoding=\"async\" width=\"2100\" height=\"1400\" src=\"https:\/\/www.nlw.fr\/wp-content\/uploads\/2021\/06\/Clients-institutionnels.jpg\" class=\"attachment-full size-full wp-post-image\" alt=\"C\" srcset=\"https:\/\/www.nlw.fr\/wp-content\/uploads\/2021\/06\/Clients-institutionnels.jpg 2100w, https:\/\/www.nlw.fr\/wp-content\/uploads\/2021\/06\/Clients-institutionnels-360x240.jpg 360w, https:\/\/www.nlw.fr\/wp-content\/uploads\/2021\/06\/Clients-institutionnels-645x430.jpg 645w, https:\/\/www.nlw.fr\/wp-content\/uploads\/2021\/06\/Clients-institutionnels-465x310.jpg 465w, https:\/\/www.nlw.fr\/wp-content\/uploads\/2021\/06\/Clients-institutionnels-1536x1024.jpg 1536w, https:\/\/www.nlw.fr\/wp-content\/uploads\/2021\/06\/Clients-institutionnels-2048x1365.jpg 2048w\" sizes=\"auto, (max-width: 2100px) 100vw, 2100px\" \/>    <\/figure>\n    <h3 class=\"activite-item__title\">\n      Institutionelle Klienten \u2013 \u00d6ffentliche Einrichtungen      <i class=\"icon-arrow-right\"><\/i>\n    <\/h3>\n  <\/a>\n<\/article>      <\/div>\n            <div class=\"columns activite-item-column\">\n        <article class=\"activite-item\">\n  <a href=\"https:\/\/www.nlw.fr\/de\/abteilungen\/sozialer-wohnungsbau\/\">\n    <figure class=\"activite-item__thumb\">\n      <img loading=\"lazy\" decoding=\"async\" width=\"2100\" height=\"1400\" src=\"https:\/\/www.nlw.fr\/wp-content\/uploads\/2021\/06\/immobilier-residentiel.jpg\" class=\"attachment-full size-full wp-post-image\" alt=\"P\u00f4le immobilier residentiel de La Wantzenau\" srcset=\"https:\/\/www.nlw.fr\/wp-content\/uploads\/2021\/06\/immobilier-residentiel.jpg 2100w, https:\/\/www.nlw.fr\/wp-content\/uploads\/2021\/06\/immobilier-residentiel-360x240.jpg 360w, https:\/\/www.nlw.fr\/wp-content\/uploads\/2021\/06\/immobilier-residentiel-645x430.jpg 645w, https:\/\/www.nlw.fr\/wp-content\/uploads\/2021\/06\/immobilier-residentiel-465x310.jpg 465w, https:\/\/www.nlw.fr\/wp-content\/uploads\/2021\/06\/immobilier-residentiel-1536x1024.jpg 1536w, https:\/\/www.nlw.fr\/wp-content\/uploads\/2021\/06\/immobilier-residentiel-2048x1365.jpg 2048w\" sizes=\"auto, (max-width: 2100px) 100vw, 2100px\" \/>    <\/figure>\n    <h3 class=\"activite-item__title\">\n      Sozialer Wohnungsbau      <i class=\"icon-arrow-right\"><\/i>\n    <\/h3>\n  <\/a>\n<\/article>      <\/div>\n            <div class=\"columns activite-item-column\">\n        <article class=\"activite-item\">\n  <a href=\"https:\/\/www.nlw.fr\/de\/abteilungen\/siedlungsgestaltung-agrarrecht\/\">\n    <figure class=\"activite-item__thumb\">\n      <img loading=\"lazy\" decoding=\"async\" width=\"2560\" height=\"1708\" src=\"https:\/\/www.nlw.fr\/wp-content\/uploads\/2023\/05\/Droit_rural-scaled.jpg\" class=\"attachment-full size-full wp-post-image\" alt=\"\" srcset=\"https:\/\/www.nlw.fr\/wp-content\/uploads\/2023\/05\/Droit_rural-scaled.jpg 2560w, https:\/\/www.nlw.fr\/wp-content\/uploads\/2023\/05\/Droit_rural-360x240.jpg 360w, https:\/\/www.nlw.fr\/wp-content\/uploads\/2023\/05\/Droit_rural-644x430.jpg 644w, https:\/\/www.nlw.fr\/wp-content\/uploads\/2023\/05\/Droit_rural-465x310.jpg 465w, https:\/\/www.nlw.fr\/wp-content\/uploads\/2023\/05\/Droit_rural-1536x1025.jpg 1536w, https:\/\/www.nlw.fr\/wp-content\/uploads\/2023\/05\/Droit_rural-2048x1367.jpg 2048w\" sizes=\"auto, (max-width: 2560px) 100vw, 2560px\" \/>    <\/figure>\n    <h3 class=\"activite-item__title\">\n      Siedlungsgestaltung \u2013 Agrarrecht      <i class=\"icon-arrow-right\"><\/i>\n    <\/h3>\n  <\/a>\n<\/article>      <\/div>\n            <div class=\"columns activite-item-column\">\n        <article class=\"activite-item\">\n  <a href=\"https:\/\/www.nlw.fr\/de\/abteilungen\/internationale-abteilung\/\">\n    <figure class=\"activite-item__thumb\">\n      <img loading=\"lazy\" decoding=\"async\" width=\"2100\" height=\"1400\" src=\"https:\/\/www.nlw.fr\/wp-content\/uploads\/2021\/06\/droit-international.jpg\" class=\"attachment-full size-full wp-post-image\" alt=\"Droit international de la Wantzenau\" srcset=\"https:\/\/www.nlw.fr\/wp-content\/uploads\/2021\/06\/droit-international.jpg 2100w, https:\/\/www.nlw.fr\/wp-content\/uploads\/2021\/06\/droit-international-360x240.jpg 360w, https:\/\/www.nlw.fr\/wp-content\/uploads\/2021\/06\/droit-international-645x430.jpg 645w, https:\/\/www.nlw.fr\/wp-content\/uploads\/2021\/06\/droit-international-465x310.jpg 465w, https:\/\/www.nlw.fr\/wp-content\/uploads\/2021\/06\/droit-international-1536x1024.jpg 1536w, https:\/\/www.nlw.fr\/wp-content\/uploads\/2021\/06\/droit-international-2048x1365.jpg 2048w\" sizes=\"auto, (max-width: 2100px) 100vw, 2100px\" \/>    <\/figure>\n    <h3 class=\"activite-item__title\">\n      Internationale Abteilung      <i class=\"icon-arrow-right\"><\/i>\n    <\/h3>\n  <\/a>\n<\/article>      <\/div>\n          <\/div>\n  <\/div>\n  <\/section>\n\n\n<hr class=\"wp-block-separator has-css-opacity\"\/>\n\n\n\n<h2 class=\"wp-block-heading\">Aufgaben der Abteilungen<\/h2>\n\n\n\n<div class=\"wp-block-columns is-layout-flex wp-container-core-columns-is-layout-9d6595d7 wp-block-columns-is-layout-flex\">\n<div class=\"wp-block-column is-layout-flow wp-block-column-is-layout-flow\">\n<h4 class=\"wp-block-heading has-text-align-left\">&gt; IMMOBILIENINVESTMENTS<\/h4>\n\n\n\n<blockquote class=\"wp-block-quote is-layout-flow wp-block-quote-is-layout-flow\">\n<p>Unser Notariat ber\u00e4t Investoren (b\u00f6rsennotierte und nicht b\u00f6rsennotierte Immobiliengesellschaften, Investmentfonds, private Anlagenfonds, etc.) bei ihrem Kaufvorhaben (B\u00fcror\u00e4ume, Wohngeb\u00e4ude, industrielle Betriebe, etc.), ihrem Immobilienportfolio oder bei der Gr\u00fcndung von Immobiliengesellschaften. Unsere Aufgabe ist vor allem die Erstellung und Verhandlung von Kaufvertr\u00e4gen sowie die Abwicklung der Formalit\u00e4ten im Nachgang zur Beurkundung<\/p>\n<\/blockquote>\n\n\n\n<h4 class=\"wp-block-heading has-text-align-left\">&gt; PRIVATIMMOBILIEN \/ GESCH\u00c4FTSIMMOBILIEN<\/h4>\n\n\n\n<blockquote class=\"wp-block-quote is-layout-flow wp-block-quote-is-layout-flow\">\n<p>Kaufvertr\u00e4ge, Darlehensvertr\u00e4ge mit Hypothekenbestellung, Siedlungsgr\u00fcndungen<\/p>\n<\/blockquote>\n\n\n\n<h4 class=\"wp-block-heading has-text-align-left\">&gt; \u00d6FFENTLICHES IMMOBILIENRECHT<\/h4>\n\n\n\n<blockquote class=\"wp-block-quote is-layout-flow wp-block-quote-is-layout-flow\">\n<p>Beratung institutioneller Klienten, von Privatpersonen und \u00f6ffentlicher Einrichtungen<\/p>\n<\/blockquote>\n\n\n\n<h4 class=\"wp-block-heading has-text-align-left\">&gt; HANDELSRECHT<\/h4>\n\n\n\n<blockquote class=\"wp-block-quote is-layout-flow wp-block-quote-is-layout-flow\">\n<p>Gesch\u00e4ftsabtretungen und gewerbliche Pachtvertr\u00e4ge<\/p>\n<\/blockquote>\n\n\n\n<h4 class=\"wp-block-heading has-text-align-left\">&gt; FINANZIERUNGEN<\/h4>\n\n\n\n<blockquote class=\"wp-block-quote is-layout-flow wp-block-quote-is-layout-flow\">\n<p>Gesch\u00e4ftliche Darlehen, Leasingvertr\u00e4ge<br>Darlehen f\u00fcr Privatpersonen<\/p>\n<\/blockquote>\n<\/div>\n\n\n\n<div class=\"wp-block-column is-layout-flow wp-block-column-is-layout-flow\" style=\"flex-basis:10%\"><\/div>\n\n\n\n<div class=\"wp-block-column is-layout-flow wp-block-column-is-layout-flow\">\n<h4 class=\"wp-block-heading has-text-align-left\">&gt; MITEIGENTUMSRECHT \/ KOMPLEXE IMMOBILIENSTRUKTUREN<\/h4>\n\n\n\n<blockquote class=\"wp-block-quote is-layout-flow wp-block-quote-is-layout-flow\">\n<p>Rechtliche Ausarbeitung von Immobilienvorhaben<\/p>\n<\/blockquote>\n\n\n\n<h4 class=\"wp-block-heading has-text-align-left\">&gt; FAMILIENRECHT<\/h4>\n\n\n\n<blockquote class=\"wp-block-quote is-layout-flow wp-block-quote-is-layout-flow\">\n<p>Testaments, donations, successions, partages, contrats de mariage, divorces<\/p>\n<\/blockquote>\n\n\n\n<h4 class=\"wp-block-heading has-text-align-left\">&gt; VERM\u00d6GENS\u00dcBERTRAGUNGEN<\/h4>\n\n\n\n<blockquote class=\"wp-block-quote is-layout-flow wp-block-quote-is-layout-flow\">\n<p>Familienrechtliche, juristische, \u00f6konomische und steuerliche Aspekte<\/p>\n<\/blockquote>\n\n\n\n<h4 class=\"wp-block-heading has-text-align-left\">&gt; BESTEUERUNG<\/h4>\n\n\n\n<blockquote class=\"wp-block-quote is-layout-flow wp-block-quote-is-layout-flow\">\n<p>Steuerliche Beratung und Rechtsberatung<\/p>\n<\/blockquote>\n\n\n\n<h4 class=\"wp-block-heading has-text-align-left\">&gt; INTERNATIONALES PRIVATRECHT \/ BEZUG ZUM DEUTSCHEN RECHT<\/h4>\n\n\n\n<blockquote class=\"wp-block-quote is-layout-flow wp-block-quote-is-layout-flow\">\n<p>Interaktionen der unterschiedlichen Rechtssysteme<\/p>\n<\/blockquote>\n<\/div>\n<\/div>\n\n\n\n<hr class=\"wp-block-separator has-css-opacity\"\/>\n\n\n\n<h2 class=\"wp-block-heading\">Kontaktieren Sie uns gerne f\u00fcr weitere Informationen!<\/h2>\n\n\n\n<p><strong>Unsere Notare und Mitarbeiter begleiten Sie <\/strong>gerne individuell abgestimmt bei Ihren Vorhaben und stehen Ihnen bei den wichtigen Entscheidungen des Lebens zur Seite.<\/p>\n\n\n\n<div class=\"wp-block-buttons is-layout-flex wp-block-buttons-is-layout-flex\">\n<div class=\"wp-block-button\"><a class=\"wp-block-button__link wp-element-button\" href=\"https:\/\/www.nlw.fr\/de\/kontakt\/\">Nachricht senden<\/a><\/div>\n<\/div>\n","protected":false},"excerpt":{"rendered":"<p>Das Notariat La Wantzenau begleitet seine Klienten dank der Spezialisierung der einzelnen Abteilungen mit umfassender Fachkenntnis in zahlreichen unterschiedlichen notarrechtlichen Bereichen. Aufgaben der Abteilungen &gt; IMMOBILIENINVESTMENTS Unser Notariat ber\u00e4t Investoren (b\u00f6rsennotierte und nicht b\u00f6rsennotierte Immobiliengesellschaften, Investmentfonds, private Anlagenfonds, etc.) bei ihrem Kaufvorhaben (B\u00fcror\u00e4ume, Wohngeb\u00e4ude, industrielle Betriebe, etc.), ihrem Immobilienportfolio oder bei der Gr\u00fcndung von Immobiliengesellschaften. [&hellip;]<\/p>\n","protected":false},"author":7,"featured_media":0,"parent":0,"menu_order":53,"comment_status":"closed","ping_status":"closed","template":"","meta":{"_acf_changed":false,"inline_featured_image":false,"footnotes":""},"class_list":["post-4711","page","type-page","status-publish","hentry"],"acf":[],"yoast_head":"<!-- This site is optimized with the Yoast SEO plugin v26.1.1 - https:\/\/yoast.com\/wordpress\/plugins\/seo\/ -->\n<title>Abteilungen - Notariat von La Wantzenau<\/title>\n<meta name=\"description\" content=\"Erkunden Sie unsere T\u00e4tigkeitsschwerpunkte: Verm\u00f6gensverwaltung und -leben, Immobilienrecht, Handelsrecht, Erbrecht und vieles mehr.\" \/>\n<meta name=\"robots\" content=\"index, follow, max-snippet:-1, max-image-preview:large, max-video-preview:-1\" \/>\n<link rel=\"canonical\" href=\"https:\/\/www.nlw.fr\/de\/abteilungen-old\/\" \/>\n<meta property=\"og:locale\" content=\"de_DE\" \/>\n<meta property=\"og:type\" content=\"article\" \/>\n<meta property=\"og:title\" content=\"Abteilungen - Notariat von La Wantzenau\" \/>\n<meta property=\"og:description\" content=\"Erkunden Sie unsere T\u00e4tigkeitsschwerpunkte: Verm\u00f6gensverwaltung und -leben, Immobilienrecht, Handelsrecht, Erbrecht und vieles mehr.\" \/>\n<meta property=\"og:url\" content=\"https:\/\/www.nlw.fr\/de\/abteilungen-old\/\" \/>\n<meta property=\"og:site_name\" content=\"Notariat von La Wantzenau\" \/>\n<meta property=\"article:modified_time\" content=\"2024-10-18T10:40:59+00:00\" \/>\n<meta name=\"twitter:card\" content=\"summary_large_image\" \/>\n<meta name=\"twitter:label1\" content=\"Gesch\u00e4tzte Lesezeit\" \/>\n\t<meta name=\"twitter:data1\" content=\"1\u00a0Minute\" \/>\n<script type=\"application\/ld+json\" class=\"yoast-schema-graph\">{\"@context\":\"https:\/\/schema.org\",\"@graph\":[{\"@type\":\"WebPage\",\"@id\":\"https:\/\/www.nlw.fr\/de\/abteilungen-old\/\",\"url\":\"https:\/\/www.nlw.fr\/de\/abteilungen-old\/\",\"name\":\"Abteilungen - Notariat von La Wantzenau\",\"isPartOf\":{\"@id\":\"https:\/\/www.nlw.fr\/#website\"},\"datePublished\":\"2021-06-11T05:12:51+00:00\",\"dateModified\":\"2024-10-18T10:40:59+00:00\",\"description\":\"Erkunden Sie unsere T\u00e4tigkeitsschwerpunkte: Verm\u00f6gensverwaltung und -leben, Immobilienrecht, Handelsrecht, Erbrecht und vieles mehr.\",\"breadcrumb\":{\"@id\":\"https:\/\/www.nlw.fr\/de\/abteilungen-old\/#breadcrumb\"},\"inLanguage\":\"de\",\"potentialAction\":[{\"@type\":\"ReadAction\",\"target\":[\"https:\/\/www.nlw.fr\/de\/abteilungen-old\/\"]}]},{\"@type\":\"BreadcrumbList\",\"@id\":\"https:\/\/www.nlw.fr\/de\/abteilungen-old\/#breadcrumb\",\"itemListElement\":[{\"@type\":\"ListItem\",\"position\":1,\"name\":\"Accueil\",\"item\":\"https:\/\/www.nlw.fr\/de\/\"},{\"@type\":\"ListItem\",\"position\":2,\"name\":\"Abteilungen\"}]},{\"@type\":\"WebSite\",\"@id\":\"https:\/\/www.nlw.fr\/#website\",\"url\":\"https:\/\/www.nlw.fr\/\",\"name\":\"NLW\",\"description\":\"\",\"potentialAction\":[{\"@type\":\"SearchAction\",\"target\":{\"@type\":\"EntryPoint\",\"urlTemplate\":\"https:\/\/www.nlw.fr\/?s={search_term_string}\"},\"query-input\":{\"@type\":\"PropertyValueSpecification\",\"valueRequired\":true,\"valueName\":\"search_term_string\"}}],\"inLanguage\":\"de\"}]}<\/script>\n<!-- \/ Yoast SEO plugin. -->","yoast_head_json":{"title":"Abteilungen - Notariat von La Wantzenau","description":"Erkunden Sie unsere T\u00e4tigkeitsschwerpunkte: Verm\u00f6gensverwaltung und -leben, Immobilienrecht, Handelsrecht, Erbrecht und vieles mehr.","robots":{"index":"index","follow":"follow","max-snippet":"max-snippet:-1","max-image-preview":"max-image-preview:large","max-video-preview":"max-video-preview:-1"},"canonical":"https:\/\/www.nlw.fr\/de\/abteilungen-old\/","og_locale":"de_DE","og_type":"article","og_title":"Abteilungen - Notariat von La Wantzenau","og_description":"Erkunden Sie unsere T\u00e4tigkeitsschwerpunkte: Verm\u00f6gensverwaltung und -leben, Immobilienrecht, Handelsrecht, Erbrecht und vieles mehr.","og_url":"https:\/\/www.nlw.fr\/de\/abteilungen-old\/","og_site_name":"Notariat von La Wantzenau","article_modified_time":"2024-10-18T10:40:59+00:00","twitter_card":"summary_large_image","twitter_misc":{"Gesch\u00e4tzte Lesezeit":"1\u00a0Minute"},"schema":{"@context":"https:\/\/schema.org","@graph":[{"@type":"WebPage","@id":"https:\/\/www.nlw.fr\/de\/abteilungen-old\/","url":"https:\/\/www.nlw.fr\/de\/abteilungen-old\/","name":"Abteilungen - Notariat von La Wantzenau","isPartOf":{"@id":"https:\/\/www.nlw.fr\/#website"},"datePublished":"2021-06-11T05:12:51+00:00","dateModified":"2024-10-18T10:40:59+00:00","description":"Erkunden Sie unsere T\u00e4tigkeitsschwerpunkte: Verm\u00f6gensverwaltung und -leben, Immobilienrecht, Handelsrecht, Erbrecht und vieles mehr.","breadcrumb":{"@id":"https:\/\/www.nlw.fr\/de\/abteilungen-old\/#breadcrumb"},"inLanguage":"de","potentialAction":[{"@type":"ReadAction","target":["https:\/\/www.nlw.fr\/de\/abteilungen-old\/"]}]},{"@type":"BreadcrumbList","@id":"https:\/\/www.nlw.fr\/de\/abteilungen-old\/#breadcrumb","itemListElement":[{"@type":"ListItem","position":1,"name":"Accueil","item":"https:\/\/www.nlw.fr\/de\/"},{"@type":"ListItem","position":2,"name":"Abteilungen"}]},{"@type":"WebSite","@id":"https:\/\/www.nlw.fr\/#website","url":"https:\/\/www.nlw.fr\/","name":"NLW","description":"","potentialAction":[{"@type":"SearchAction","target":{"@type":"EntryPoint","urlTemplate":"https:\/\/www.nlw.fr\/?s={search_term_string}"},"query-input":{"@type":"PropertyValueSpecification","valueRequired":true,"valueName":"search_term_string"}}],"inLanguage":"de"}]}},"_links":{"self":[{"href":"https:\/\/www.nlw.fr\/de\/wp-json\/wp\/v2\/pages\/4711","targetHints":{"allow":["GET"]}}],"collection":[{"href":"https:\/\/www.nlw.fr\/de\/wp-json\/wp\/v2\/pages"}],"about":[{"href":"https:\/\/www.nlw.fr\/de\/wp-json\/wp\/v2\/types\/page"}],"author":[{"embeddable":true,"href":"https:\/\/www.nlw.fr\/de\/wp-json\/wp\/v2\/users\/7"}],"replies":[{"embeddable":true,"href":"https:\/\/www.nlw.fr\/de\/wp-json\/wp\/v2\/comments?post=4711"}],"version-history":[{"count":1,"href":"https:\/\/www.nlw.fr\/de\/wp-json\/wp\/v2\/pages\/4711\/revisions"}],"predecessor-version":[{"id":5767,"href":"https:\/\/www.nlw.fr\/de\/wp-json\/wp\/v2\/pages\/4711\/revisions\/5767"}],"wp:attachment":[{"href":"https:\/\/www.nlw.fr\/de\/wp-json\/wp\/v2\/media?parent=4711"}],"curies":[{"name":"wp","href":"https:\/\/api.w.org\/{rel}","templated":true}]}}