{"id":4723,"date":"2021-06-11T07:12:52","date_gmt":"2021-06-11T05:12:52","guid":{"rendered":"https:\/\/www.nlw.fr\/honoraires\/"},"modified":"2024-10-18T14:36:00","modified_gmt":"2024-10-18T12:36:00","slug":"gebuhren","status":"publish","type":"page","link":"https:\/\/www.nlw.fr\/de\/gebuhren\/","title":{"rendered":"Geb\u00fchren"},"content":{"rendered":"","protected":false},"excerpt":{"rendered":"","protected":false},"author":7,"featured_media":0,"parent":0,"menu_order":23,"comment_status":"closed","ping_status":"closed","template":"","meta":{"_acf_changed":false,"inline_featured_image":false,"footnotes":""},"class_list":["post-4723","page","type-page","status-publish","hentry"],"acf":[],"yoast_head":"<!-- This site is optimized with the Yoast SEO plugin v26.1.1 - https:\/\/yoast.com\/wordpress\/plugins\/seo\/ -->\n<title>Geb\u00fchren - Notariat von La Wantzenau<\/title>\n<meta name=\"description\" content=\"Informieren Sie sich \u00fcber die geregelten Tarife der Notare in La Wantzenau f\u00fcr laufende notarielle Dienstleistungen und die frei vereinbarten Honorare f\u00fcr besondere Leistungen wie gewerbliche Mietvertr\u00e4ge und Gesellschaftsurkunden.\" \/>\n<meta name=\"robots\" content=\"index, follow, max-snippet:-1, max-image-preview:large, max-video-preview:-1\" \/>\n<link rel=\"canonical\" href=\"https:\/\/www.nlw.fr\/de\/gebuhren\/\" \/>\n<meta property=\"og:locale\" content=\"de_DE\" \/>\n<meta property=\"og:type\" content=\"article\" \/>\n<meta property=\"og:title\" content=\"Geb\u00fchren - Notariat von La Wantzenau\" \/>\n<meta property=\"og:description\" content=\"Informieren Sie sich \u00fcber die geregelten Tarife der Notare in La Wantzenau f\u00fcr laufende notarielle Dienstleistungen und die frei vereinbarten Honorare f\u00fcr besondere Leistungen wie gewerbliche Mietvertr\u00e4ge und Gesellschaftsurkunden.\" \/>\n<meta property=\"og:url\" content=\"https:\/\/www.nlw.fr\/de\/gebuhren\/\" \/>\n<meta property=\"og:site_name\" content=\"Notariat von La Wantzenau\" \/>\n<meta property=\"article:modified_time\" content=\"2024-10-18T12:36:00+00:00\" \/>\n<meta name=\"twitter:card\" content=\"summary_large_image\" \/>\n<script type=\"application\/ld+json\" class=\"yoast-schema-graph\">{\"@context\":\"https:\/\/schema.org\",\"@graph\":[{\"@type\":\"WebPage\",\"@id\":\"https:\/\/www.nlw.fr\/de\/gebuhren\/\",\"url\":\"https:\/\/www.nlw.fr\/de\/gebuhren\/\",\"name\":\"Geb\u00fchren - Notariat von La Wantzenau\",\"isPartOf\":{\"@id\":\"https:\/\/www.nlw.fr\/#website\"},\"datePublished\":\"2021-06-11T05:12:52+00:00\",\"dateModified\":\"2024-10-18T12:36:00+00:00\",\"description\":\"Informieren Sie sich \u00fcber die geregelten Tarife der Notare in La Wantzenau f\u00fcr laufende notarielle Dienstleistungen und die frei vereinbarten Honorare f\u00fcr besondere Leistungen wie gewerbliche Mietvertr\u00e4ge und Gesellschaftsurkunden.\",\"breadcrumb\":{\"@id\":\"https:\/\/www.nlw.fr\/de\/gebuhren\/#breadcrumb\"},\"inLanguage\":\"de\",\"potentialAction\":[{\"@type\":\"ReadAction\",\"target\":[\"https:\/\/www.nlw.fr\/de\/gebuhren\/\"]}]},{\"@type\":\"BreadcrumbList\",\"@id\":\"https:\/\/www.nlw.fr\/de\/gebuhren\/#breadcrumb\",\"itemListElement\":[{\"@type\":\"ListItem\",\"position\":1,\"name\":\"Accueil\",\"item\":\"https:\/\/www.nlw.fr\/de\/\"},{\"@type\":\"ListItem\",\"position\":2,\"name\":\"Geb\u00fchren\"}]},{\"@type\":\"WebSite\",\"@id\":\"https:\/\/www.nlw.fr\/#website\",\"url\":\"https:\/\/www.nlw.fr\/\",\"name\":\"NLW\",\"description\":\"\",\"potentialAction\":[{\"@type\":\"SearchAction\",\"target\":{\"@type\":\"EntryPoint\",\"urlTemplate\":\"https:\/\/www.nlw.fr\/?s={search_term_string}\"},\"query-input\":{\"@type\":\"PropertyValueSpecification\",\"valueRequired\":true,\"valueName\":\"search_term_string\"}}],\"inLanguage\":\"de\"}]}<\/script>\n<!-- \/ Yoast SEO plugin. -->","yoast_head_json":{"title":"Geb\u00fchren - Notariat von La Wantzenau","description":"Informieren Sie sich \u00fcber die geregelten Tarife der Notare in La Wantzenau f\u00fcr laufende notarielle Dienstleistungen und die frei vereinbarten Honorare f\u00fcr besondere Leistungen wie gewerbliche Mietvertr\u00e4ge und Gesellschaftsurkunden.","robots":{"index":"index","follow":"follow","max-snippet":"max-snippet:-1","max-image-preview":"max-image-preview:large","max-video-preview":"max-video-preview:-1"},"canonical":"https:\/\/www.nlw.fr\/de\/gebuhren\/","og_locale":"de_DE","og_type":"article","og_title":"Geb\u00fchren - Notariat von La Wantzenau","og_description":"Informieren Sie sich \u00fcber die geregelten Tarife der Notare in La Wantzenau f\u00fcr laufende notarielle Dienstleistungen und die frei vereinbarten Honorare f\u00fcr besondere Leistungen wie gewerbliche Mietvertr\u00e4ge und Gesellschaftsurkunden.","og_url":"https:\/\/www.nlw.fr\/de\/gebuhren\/","og_site_name":"Notariat von La Wantzenau","article_modified_time":"2024-10-18T12:36:00+00:00","twitter_card":"summary_large_image","schema":{"@context":"https:\/\/schema.org","@graph":[{"@type":"WebPage","@id":"https:\/\/www.nlw.fr\/de\/gebuhren\/","url":"https:\/\/www.nlw.fr\/de\/gebuhren\/","name":"Geb\u00fchren - Notariat von La Wantzenau","isPartOf":{"@id":"https:\/\/www.nlw.fr\/#website"},"datePublished":"2021-06-11T05:12:52+00:00","dateModified":"2024-10-18T12:36:00+00:00","description":"Informieren Sie sich \u00fcber die geregelten Tarife der Notare in La Wantzenau f\u00fcr laufende notarielle Dienstleistungen und die frei vereinbarten Honorare f\u00fcr besondere Leistungen wie gewerbliche Mietvertr\u00e4ge und Gesellschaftsurkunden.","breadcrumb":{"@id":"https:\/\/www.nlw.fr\/de\/gebuhren\/#breadcrumb"},"inLanguage":"de","potentialAction":[{"@type":"ReadAction","target":["https:\/\/www.nlw.fr\/de\/gebuhren\/"]}]},{"@type":"BreadcrumbList","@id":"https:\/\/www.nlw.fr\/de\/gebuhren\/#breadcrumb","itemListElement":[{"@type":"ListItem","position":1,"name":"Accueil","item":"https:\/\/www.nlw.fr\/de\/"},{"@type":"ListItem","position":2,"name":"Geb\u00fchren"}]},{"@type":"WebSite","@id":"https:\/\/www.nlw.fr\/#website","url":"https:\/\/www.nlw.fr\/","name":"NLW","description":"","potentialAction":[{"@type":"SearchAction","target":{"@type":"EntryPoint","urlTemplate":"https:\/\/www.nlw.fr\/?s={search_term_string}"},"query-input":{"@type":"PropertyValueSpecification","valueRequired":true,"valueName":"search_term_string"}}],"inLanguage":"de"}]}},"_links":{"self":[{"href":"https:\/\/www.nlw.fr\/de\/wp-json\/wp\/v2\/pages\/4723","targetHints":{"allow":["GET"]}}],"collection":[{"href":"https:\/\/www.nlw.fr\/de\/wp-json\/wp\/v2\/pages"}],"about":[{"href":"https:\/\/www.nlw.fr\/de\/wp-json\/wp\/v2\/types\/page"}],"author":[{"embeddable":true,"href":"https:\/\/www.nlw.fr\/de\/wp-json\/wp\/v2\/users\/7"}],"replies":[{"embeddable":true,"href":"https:\/\/www.nlw.fr\/de\/wp-json\/wp\/v2\/comments?post=4723"}],"version-history":[{"count":1,"href":"https:\/\/www.nlw.fr\/de\/wp-json\/wp\/v2\/pages\/4723\/revisions"}],"predecessor-version":[{"id":5788,"href":"https:\/\/www.nlw.fr\/de\/wp-json\/wp\/v2\/pages\/4723\/revisions\/5788"}],"wp:attachment":[{"href":"https:\/\/www.nlw.fr\/de\/wp-json\/wp\/v2\/media?parent=4723"}],"curies":[{"name":"wp","href":"https:\/\/api.w.org\/{rel}","templated":true}]}}