{"id":4728,"date":"2022-04-11T17:51:27","date_gmt":"2022-04-11T15:51:27","guid":{"rendered":"https:\/\/www.nlw.fr\/honoraires\/activites-tarifiees\/"},"modified":"2024-10-18T12:35:30","modified_gmt":"2024-10-18T10:35:30","slug":"tariflich-geregelte","status":"publish","type":"page","link":"https:\/\/www.nlw.fr\/de\/gebuhren\/tariflich-geregelte\/","title":{"rendered":"Tariflich geregelte Geb\u00fchren"},"content":{"rendered":"\n<p> <a href=\"https:\/\/www.nlw.fr\/documents\/arrete-26022016.pdf\">Durch einen Erlass vom 26. Februar 2016<\/a> zur Festlegung der notariellen Geb\u00fchrenordnung, in Anwendung des Gesetzes Nr. 2015-990 vom 6. August 2015 \u00fcber Wachstum, Aktivit\u00e4ten und wirtschaftliche Chancengleichheit, und den Erlass Nr. 2016-230 vom 26. Februar 2016 zur tariflichen Regelung juristischer Berufe und berufs\u00fcbergreifender Fonds bez\u00fcglich des Zugangs zu Rechtsberatung und Justiz, wurde ein neuer Tarif festgelegt.<\/p>\n\n\n\n<p>Dieser \u00f6ffentliche Tarif ist anwendbar auf die Hauptdienstleistungen, die die Notare erbringen: Kaufvertr\u00e4ge, Hypothekenbestellungen, Schenkungen, Ehevertr\u00e4ge, Teilungen, Offenkundigkeitsurkunden, Erbschaftssteuererkl\u00e4rungen, etc.<\/p>\n\n\n\n<p>Gem\u00e4\u00df den Transparenzbestimmungen dieser neuen Gesetzesregelung ist ein Auszug des den neuen Tarif festlegenden Erlasses&nbsp;<a href=\"https:\/\/www.nlw.fr\/documents\/arrete-26022016.pdf\"><strong>hier<\/strong><\/a> einzusehen. Bitte kontaktieren Sie uns bei R\u00fcckfragen zu den Kosten Ihres geplanten Vorhabens.<\/p>\n\n\n\n<hr class=\"wp-block-separator has-css-opacity\"\/>\n\n\n\n<h2 class=\"wp-block-heading\">Dienstleistungen mit frei vereinbartem Honorar<\/h2>\n\n\n\n<p>Einige T\u00e4tigkeiten des Notars sind nicht in der Liste der tariflichen Geb\u00fchrenordnung festgehalten, wie beispielsweise gewerbliche Pachtvertr\u00e4ge, Urkunden zu Gesellschaften oder Gesch\u00e4ften oder auch juristische Beratungen. Das Notarhonorar f\u00fcr diese Dienstleistungen wird frei zwischen Klient und Notar vereinbart.<\/p>\n\n\n\n<p>Gleiches gilt f\u00fcr Konsultationen bez\u00fcglich Dienstleistungen, die nicht untrennbar mit der Vorbereitung, Erstellung oder Durchf\u00fchrung der Urkunde verbunden sind.<\/p>\n\n\n\n<p><strong>Diese Verg\u00fctung wird als \u201eHonorar\u201c bezeichnet.<\/strong><\/p>\n\n\n\n<p><a href=\"https:\/\/www.nlw.fr\/documents\/Article-L444-1.pdf\" target=\"_blank\" rel=\"noreferrer noopener\">Artikel L444-1 Code de commerce<\/a> (frz. Handelsgesetz)&nbsp;sieht vor, dass zur Festlegung dieser Honorare schriftlich eine Geb\u00fchrenvereinbarung zwischen Klient und Notar unterzeichnet wird.<\/p>\n","protected":false},"excerpt":{"rendered":"<p>Durch einen Erlass vom 26. Februar 2016 zur Festlegung der notariellen Geb\u00fchrenordnung, in Anwendung des Gesetzes Nr. 2015-990 vom 6. August 2015 \u00fcber Wachstum, Aktivit\u00e4ten und wirtschaftliche Chancengleichheit, und den Erlass Nr. 2016-230 vom 26. Februar 2016 zur tariflichen Regelung juristischer Berufe und berufs\u00fcbergreifender Fonds bez\u00fcglich des Zugangs zu Rechtsberatung und Justiz, wurde ein neuer [&hellip;]<\/p>\n","protected":false},"author":7,"featured_media":0,"parent":4723,"menu_order":26,"comment_status":"closed","ping_status":"closed","template":"","meta":{"_acf_changed":false,"inline_featured_image":false,"footnotes":""},"class_list":["post-4728","page","type-page","status-publish","hentry"],"acf":[],"yoast_head":"<!-- This site is optimized with the Yoast SEO plugin v26.1.1 - https:\/\/yoast.com\/wordpress\/plugins\/seo\/ -->\n<title>Tariflich geregelte Geb\u00fchren - Notariat von La Wantzenau<\/title>\n<meta name=\"description\" content=\"Neuer Notariatstarif in Verbindung mit dem Wirtschaftswachstumsgesetz von 2015. Kontaktieren Sie uns zu den spezifischen Geb\u00fchren f\u00fcr Ihr Gesch\u00e4ft\" \/>\n<meta name=\"robots\" content=\"index, follow, max-snippet:-1, max-image-preview:large, max-video-preview:-1\" \/>\n<link rel=\"canonical\" href=\"https:\/\/www.nlw.fr\/de\/gebuhren\/tariflich-geregelte\/\" \/>\n<meta property=\"og:locale\" content=\"de_DE\" \/>\n<meta property=\"og:type\" content=\"article\" \/>\n<meta property=\"og:title\" content=\"Tariflich geregelte Geb\u00fchren - Notariat von La Wantzenau\" \/>\n<meta property=\"og:description\" content=\"Neuer Notariatstarif in Verbindung mit dem Wirtschaftswachstumsgesetz von 2015. Kontaktieren Sie uns zu den spezifischen Geb\u00fchren f\u00fcr Ihr Gesch\u00e4ft\" \/>\n<meta property=\"og:url\" content=\"https:\/\/www.nlw.fr\/de\/gebuhren\/tariflich-geregelte\/\" \/>\n<meta property=\"og:site_name\" content=\"Notariat von La Wantzenau\" \/>\n<meta property=\"article:modified_time\" content=\"2024-10-18T10:35:30+00:00\" \/>\n<meta name=\"twitter:card\" content=\"summary_large_image\" \/>\n<meta name=\"twitter:label1\" content=\"Gesch\u00e4tzte Lesezeit\" \/>\n\t<meta name=\"twitter:data1\" content=\"2\u00a0Minuten\" \/>\n<script type=\"application\/ld+json\" class=\"yoast-schema-graph\">{\"@context\":\"https:\/\/schema.org\",\"@graph\":[{\"@type\":\"WebPage\",\"@id\":\"https:\/\/www.nlw.fr\/de\/gebuhren\/tariflich-geregelte\/\",\"url\":\"https:\/\/www.nlw.fr\/de\/gebuhren\/tariflich-geregelte\/\",\"name\":\"Tariflich geregelte Geb\u00fchren - Notariat von La Wantzenau\",\"isPartOf\":{\"@id\":\"https:\/\/www.nlw.fr\/#website\"},\"datePublished\":\"2022-04-11T15:51:27+00:00\",\"dateModified\":\"2024-10-18T10:35:30+00:00\",\"description\":\"Neuer Notariatstarif in Verbindung mit dem Wirtschaftswachstumsgesetz von 2015. Kontaktieren Sie uns zu den spezifischen Geb\u00fchren f\u00fcr Ihr Gesch\u00e4ft\",\"breadcrumb\":{\"@id\":\"https:\/\/www.nlw.fr\/de\/gebuhren\/tariflich-geregelte\/#breadcrumb\"},\"inLanguage\":\"de\",\"potentialAction\":[{\"@type\":\"ReadAction\",\"target\":[\"https:\/\/www.nlw.fr\/de\/gebuhren\/tariflich-geregelte\/\"]}]},{\"@type\":\"BreadcrumbList\",\"@id\":\"https:\/\/www.nlw.fr\/de\/gebuhren\/tariflich-geregelte\/#breadcrumb\",\"itemListElement\":[{\"@type\":\"ListItem\",\"position\":1,\"name\":\"Accueil\",\"item\":\"https:\/\/www.nlw.fr\/de\/\"},{\"@type\":\"ListItem\",\"position\":2,\"name\":\"Geb\u00fchren\",\"item\":\"https:\/\/www.nlw.fr\/de\/gebuhren\/\"},{\"@type\":\"ListItem\",\"position\":3,\"name\":\"Tariflich geregelte Geb\u00fchren\"}]},{\"@type\":\"WebSite\",\"@id\":\"https:\/\/www.nlw.fr\/#website\",\"url\":\"https:\/\/www.nlw.fr\/\",\"name\":\"NLW\",\"description\":\"\",\"potentialAction\":[{\"@type\":\"SearchAction\",\"target\":{\"@type\":\"EntryPoint\",\"urlTemplate\":\"https:\/\/www.nlw.fr\/?s={search_term_string}\"},\"query-input\":{\"@type\":\"PropertyValueSpecification\",\"valueRequired\":true,\"valueName\":\"search_term_string\"}}],\"inLanguage\":\"de\"}]}<\/script>\n<!-- \/ Yoast SEO plugin. -->","yoast_head_json":{"title":"Tariflich geregelte Geb\u00fchren - Notariat von La Wantzenau","description":"Neuer Notariatstarif in Verbindung mit dem Wirtschaftswachstumsgesetz von 2015. Kontaktieren Sie uns zu den spezifischen Geb\u00fchren f\u00fcr Ihr Gesch\u00e4ft","robots":{"index":"index","follow":"follow","max-snippet":"max-snippet:-1","max-image-preview":"max-image-preview:large","max-video-preview":"max-video-preview:-1"},"canonical":"https:\/\/www.nlw.fr\/de\/gebuhren\/tariflich-geregelte\/","og_locale":"de_DE","og_type":"article","og_title":"Tariflich geregelte Geb\u00fchren - Notariat von La Wantzenau","og_description":"Neuer Notariatstarif in Verbindung mit dem Wirtschaftswachstumsgesetz von 2015. Kontaktieren Sie uns zu den spezifischen Geb\u00fchren f\u00fcr Ihr Gesch\u00e4ft","og_url":"https:\/\/www.nlw.fr\/de\/gebuhren\/tariflich-geregelte\/","og_site_name":"Notariat von La Wantzenau","article_modified_time":"2024-10-18T10:35:30+00:00","twitter_card":"summary_large_image","twitter_misc":{"Gesch\u00e4tzte Lesezeit":"2\u00a0Minuten"},"schema":{"@context":"https:\/\/schema.org","@graph":[{"@type":"WebPage","@id":"https:\/\/www.nlw.fr\/de\/gebuhren\/tariflich-geregelte\/","url":"https:\/\/www.nlw.fr\/de\/gebuhren\/tariflich-geregelte\/","name":"Tariflich geregelte Geb\u00fchren - Notariat von La Wantzenau","isPartOf":{"@id":"https:\/\/www.nlw.fr\/#website"},"datePublished":"2022-04-11T15:51:27+00:00","dateModified":"2024-10-18T10:35:30+00:00","description":"Neuer Notariatstarif in Verbindung mit dem Wirtschaftswachstumsgesetz von 2015. Kontaktieren Sie uns zu den spezifischen Geb\u00fchren f\u00fcr Ihr Gesch\u00e4ft","breadcrumb":{"@id":"https:\/\/www.nlw.fr\/de\/gebuhren\/tariflich-geregelte\/#breadcrumb"},"inLanguage":"de","potentialAction":[{"@type":"ReadAction","target":["https:\/\/www.nlw.fr\/de\/gebuhren\/tariflich-geregelte\/"]}]},{"@type":"BreadcrumbList","@id":"https:\/\/www.nlw.fr\/de\/gebuhren\/tariflich-geregelte\/#breadcrumb","itemListElement":[{"@type":"ListItem","position":1,"name":"Accueil","item":"https:\/\/www.nlw.fr\/de\/"},{"@type":"ListItem","position":2,"name":"Geb\u00fchren","item":"https:\/\/www.nlw.fr\/de\/gebuhren\/"},{"@type":"ListItem","position":3,"name":"Tariflich geregelte Geb\u00fchren"}]},{"@type":"WebSite","@id":"https:\/\/www.nlw.fr\/#website","url":"https:\/\/www.nlw.fr\/","name":"NLW","description":"","potentialAction":[{"@type":"SearchAction","target":{"@type":"EntryPoint","urlTemplate":"https:\/\/www.nlw.fr\/?s={search_term_string}"},"query-input":{"@type":"PropertyValueSpecification","valueRequired":true,"valueName":"search_term_string"}}],"inLanguage":"de"}]}},"_links":{"self":[{"href":"https:\/\/www.nlw.fr\/de\/wp-json\/wp\/v2\/pages\/4728","targetHints":{"allow":["GET"]}}],"collection":[{"href":"https:\/\/www.nlw.fr\/de\/wp-json\/wp\/v2\/pages"}],"about":[{"href":"https:\/\/www.nlw.fr\/de\/wp-json\/wp\/v2\/types\/page"}],"author":[{"embeddable":true,"href":"https:\/\/www.nlw.fr\/de\/wp-json\/wp\/v2\/users\/7"}],"replies":[{"embeddable":true,"href":"https:\/\/www.nlw.fr\/de\/wp-json\/wp\/v2\/comments?post=4728"}],"version-history":[{"count":1,"href":"https:\/\/www.nlw.fr\/de\/wp-json\/wp\/v2\/pages\/4728\/revisions"}],"predecessor-version":[{"id":5759,"href":"https:\/\/www.nlw.fr\/de\/wp-json\/wp\/v2\/pages\/4728\/revisions\/5759"}],"up":[{"embeddable":true,"href":"https:\/\/www.nlw.fr\/de\/wp-json\/wp\/v2\/pages\/4723"}],"wp:attachment":[{"href":"https:\/\/www.nlw.fr\/de\/wp-json\/wp\/v2\/media?parent=4728"}],"curies":[{"name":"wp","href":"https:\/\/api.w.org\/{rel}","templated":true}]}}