{"id":4743,"date":"2022-04-11T17:53:01","date_gmt":"2022-04-11T15:53:01","guid":{"rendered":"https:\/\/www.nlw.fr\/offres-emplois\/"},"modified":"2024-03-13T09:59:43","modified_gmt":"2024-03-13T08:59:43","slug":"stellenangebote","status":"publish","type":"page","link":"https:\/\/www.nlw.fr\/de\/karriere\/stellenangebote\/","title":{"rendered":"Unsere Stellenangebote"},"content":{"rendered":"\n<p>Im Rahmen der Weiterentwicklung unseres Notariats&nbsp;<strong>suchen wir neue Kolleginnen und Kollegen<\/strong>.<\/p>\n\n\n\n<p>Sie verf\u00fcgen \u00fcber Berufserfahrung im Notariat?&nbsp;<strong>WERDEN SIE TEIL UNSERES TEAMS<\/strong>!<\/p>\n\n\n\n<p>Das Notariat La Wantzenau verf\u00fcgt \u00fcber ein Team von mehr als f\u00fcnfzig erfahrenen und dynamischen Mitarbeiterinnen und Mitarbeitern.<\/p>\n\n\n\n<p>Die Strukturierung in Fachabteilungen f\u00f6rdert die&nbsp;<strong>Teamarbeit<\/strong>&nbsp;und die Bearbeitung jeder Akte mit&nbsp;<strong>vertiefter Fachkenntnis<\/strong>.<\/p>\n\n\n\n<p><strong><strong>Teil des Teams bei Notaires La Wantzenau zu sein, bedeutet:<\/strong><\/strong><\/p>\n\n\n\n<ul class=\"wp-block-list\">\n<li>Bereichernde und menschliche Zusammenarbeit<\/li>\n\n\n\n<li>Selbstst\u00e4ndiges, abwechslungsreiches Arbeiten<\/li>\n\n\n\n<li>Fort- und Weiterbildungsm\u00f6glichkeiten \u00fcber die gesamte Dauer der beruflichen Laufbahn<\/li>\n\n\n\n<li>Ein modernes Arbeitsumfeld mit aktueller und effizienter Ausstattung<\/li>\n<\/ul>\n\n\n\n<p><\/p>\n\n\n\n<div style=\"height:50px\" aria-hidden=\"true\" class=\"wp-block-spacer\"><\/div>\n\n\n\n<hr class=\"wp-block-separator has-css-opacity\"\/>\n\n\n<section class=\"section-missions home-section container background-lightgray\">\n    <div class=\"home-section__title\">\n    <div class=\"row column\"><h4 style=\"text-align: center;\">Besondere Aufgaben<\/h4>\n<h2 style=\"text-align: center;\">Im Dienste unserer Kundschaft<\/h2>\n<\/div>\n  <\/div>\n      <div class=\"home-section__body\">\n    <div class=\"row large-up-4 medium-up-2 small-up-1 align-middle\">\n            <div class=\"columns mission-item-column\">\n        <div class=\"mission-item\">\n                    <figure class=\"mission-item__image\">\n            <img decoding=\"async\" src=\"https:\/\/www.nlw.fr\/wp-content\/uploads\/2021\/06\/icon-notaire_03.png\" alt=\"\">\n          <\/figure>\n                    <div class=\"mission-item__title\">Authentizit\u00e4t<\/div>\n        <\/div>\n      <\/div>\n            <div class=\"columns mission-item-column\">\n        <div class=\"mission-item\">\n                    <figure class=\"mission-item__image\">\n            <img decoding=\"async\" src=\"https:\/\/www.nlw.fr\/wp-content\/uploads\/2021\/06\/005-lock.svg\" alt=\"\">\n          <\/figure>\n                    <div class=\"mission-item__title\">Verschwiegenheit<\/div>\n        <\/div>\n      <\/div>\n            <div class=\"columns mission-item-column\">\n        <div class=\"mission-item\">\n                    <figure class=\"mission-item__image\">\n            <img decoding=\"async\" src=\"https:\/\/www.nlw.fr\/wp-content\/uploads\/2021\/06\/003-hand-shake.svg\" alt=\"\">\n          <\/figure>\n                    <div class=\"mission-item__title\">Klientenservice<\/div>\n        <\/div>\n      <\/div>\n            <div class=\"columns mission-item-column\">\n        <div class=\"mission-item\">\n                    <figure class=\"mission-item__image\">\n            <img decoding=\"async\" src=\"https:\/\/www.nlw.fr\/wp-content\/uploads\/2021\/06\/010-checked-1.svg\" alt=\"\">\n          <\/figure>\n                    <div class=\"mission-item__title\">Absicherung<\/div>\n        <\/div>\n      <\/div>\n          <\/div>\n  <\/div>\n  <\/section>\n\n\n<div style=\"height:100px\" aria-hidden=\"true\" class=\"wp-block-spacer\"><\/div>\n\n\n<section class=\"section-acces home-section container \">\r\n    <div class=\"home-section__body\">\r\n    <div class=\"row expanded collapse large-up-2 small-up-1\">\r\n            <div class=\"columns acces-item-column\">\r\n        <article class=\"acces-item\">\n  <a href=\"https:\/\/www.nlw.fr\/de\/buro\/\">\n        <figure class=\"acces-item__thumb\">\n      <img decoding=\"async\" src=\"https:\/\/www.nlw.fr\/wp-content\/uploads\/2022\/06\/Notaires-Wantzenau-Equipe-430x430.jpg\" alt=\"L'\u00e9quipe des Notaires de la Wantzenau\">\n    <\/figure>\n        <div class=\"acces-item__body\">\n            <div class=\"acces-item__title\">Entdecken<\/div>\n                  <div class=\"acces-item__link\">\n        <span class=\"link-icon link-icon--after link-icon--white\">\u00dcber uns<\/span>\n      <\/div>\n          <\/div>\n  <\/a>\n<\/article>      <\/div>\r\n            <div class=\"columns acces-item-column\">\r\n        <article class=\"acces-item\">\n  <a href=\"https:\/\/www.nlw.fr\/de\/buro\/unsere-werte-und-unser-auftrag\/\">\n        <figure class=\"acces-item__thumb\">\n      <img decoding=\"async\" src=\"https:\/\/www.nlw.fr\/wp-content\/uploads\/2022\/06\/Contact-Notaires-Wantzenau-645x430.jpg\" alt=\"Contactez les Notaires de la Wantzenau\">\n    <\/figure>\n        <div class=\"acces-item__body\">\n            <div class=\"acces-item__title\">Entdecken<\/div>\n                  <div class=\"acces-item__link\">\n        <span class=\"link-icon link-icon--after link-icon--white\">Unsere Werte und Aufgaben<\/span>\n      <\/div>\n          <\/div>\n  <\/a>\n<\/article>      <\/div>\r\n          <\/div>\r\n  <\/div>\r\n  <\/section>","protected":false},"excerpt":{"rendered":"<p>Im Rahmen der Weiterentwicklung unseres Notariats&nbsp;suchen wir neue Kolleginnen und Kollegen. Sie verf\u00fcgen \u00fcber Berufserfahrung im Notariat?&nbsp;WERDEN SIE TEIL UNSERES TEAMS! Das Notariat La Wantzenau verf\u00fcgt \u00fcber ein Team von mehr als f\u00fcnfzig erfahrenen und dynamischen Mitarbeiterinnen und Mitarbeitern. Die Strukturierung in Fachabteilungen f\u00f6rdert die&nbsp;Teamarbeit&nbsp;und die Bearbeitung jeder Akte mit&nbsp;vertiefter Fachkenntnis. Teil des Teams bei [&hellip;]<\/p>\n","protected":false},"author":7,"featured_media":0,"parent":4860,"menu_order":9,"comment_status":"closed","ping_status":"closed","template":"","meta":{"_acf_changed":false,"inline_featured_image":false,"footnotes":""},"class_list":["post-4743","page","type-page","status-publish","hentry"],"acf":[],"yoast_head":"<!-- This site is optimized with the Yoast SEO plugin v26.1.1 - https:\/\/yoast.com\/wordpress\/plugins\/seo\/ -->\n<title>Unsere Stellenangebote - Notariat von La Wantzenau<\/title>\n<meta name=\"description\" content=\"Werden Sie Teil unseres wachsenden Notariatsteams! Sehen Sie sich unsere M\u00f6glichkeiten an, wenn Sie Erfahrung im Notariat haben.\" \/>\n<meta name=\"robots\" content=\"index, follow, max-snippet:-1, max-image-preview:large, max-video-preview:-1\" \/>\n<link rel=\"canonical\" href=\"https:\/\/www.nlw.fr\/de\/karriere\/stellenangebote\/\" \/>\n<meta property=\"og:locale\" content=\"de_DE\" \/>\n<meta property=\"og:type\" content=\"article\" \/>\n<meta property=\"og:title\" content=\"Unsere Stellenangebote - Notariat von La Wantzenau\" \/>\n<meta property=\"og:description\" content=\"Werden Sie Teil unseres wachsenden Notariatsteams! Sehen Sie sich unsere M\u00f6glichkeiten an, wenn Sie Erfahrung im Notariat haben.\" \/>\n<meta property=\"og:url\" content=\"https:\/\/www.nlw.fr\/de\/karriere\/stellenangebote\/\" \/>\n<meta property=\"og:site_name\" content=\"Notariat von La Wantzenau\" \/>\n<meta property=\"article:modified_time\" content=\"2024-03-13T08:59:43+00:00\" \/>\n<meta name=\"twitter:card\" content=\"summary_large_image\" \/>\n<meta name=\"twitter:label1\" content=\"Gesch\u00e4tzte Lesezeit\" \/>\n\t<meta name=\"twitter:data1\" content=\"1\u00a0Minute\" \/>\n<script type=\"application\/ld+json\" class=\"yoast-schema-graph\">{\"@context\":\"https:\/\/schema.org\",\"@graph\":[{\"@type\":\"WebPage\",\"@id\":\"https:\/\/www.nlw.fr\/de\/karriere\/stellenangebote\/\",\"url\":\"https:\/\/www.nlw.fr\/de\/karriere\/stellenangebote\/\",\"name\":\"Unsere Stellenangebote - Notariat von La Wantzenau\",\"isPartOf\":{\"@id\":\"https:\/\/www.nlw.fr\/#website\"},\"datePublished\":\"2022-04-11T15:53:01+00:00\",\"dateModified\":\"2024-03-13T08:59:43+00:00\",\"description\":\"Werden Sie Teil unseres wachsenden Notariatsteams! Sehen Sie sich unsere M\u00f6glichkeiten an, wenn Sie Erfahrung im Notariat haben.\",\"breadcrumb\":{\"@id\":\"https:\/\/www.nlw.fr\/de\/karriere\/stellenangebote\/#breadcrumb\"},\"inLanguage\":\"de\",\"potentialAction\":[{\"@type\":\"ReadAction\",\"target\":[\"https:\/\/www.nlw.fr\/de\/karriere\/stellenangebote\/\"]}]},{\"@type\":\"BreadcrumbList\",\"@id\":\"https:\/\/www.nlw.fr\/de\/karriere\/stellenangebote\/#breadcrumb\",\"itemListElement\":[{\"@type\":\"ListItem\",\"position\":1,\"name\":\"Accueil\",\"item\":\"https:\/\/www.nlw.fr\/de\/\"},{\"@type\":\"ListItem\",\"position\":2,\"name\":\"Karriere\",\"item\":\"https:\/\/www.nlw.fr\/de\/karriere\/\"},{\"@type\":\"ListItem\",\"position\":3,\"name\":\"Unsere Stellenangebote\"}]},{\"@type\":\"WebSite\",\"@id\":\"https:\/\/www.nlw.fr\/#website\",\"url\":\"https:\/\/www.nlw.fr\/\",\"name\":\"NLW\",\"description\":\"\",\"potentialAction\":[{\"@type\":\"SearchAction\",\"target\":{\"@type\":\"EntryPoint\",\"urlTemplate\":\"https:\/\/www.nlw.fr\/?s={search_term_string}\"},\"query-input\":{\"@type\":\"PropertyValueSpecification\",\"valueRequired\":true,\"valueName\":\"search_term_string\"}}],\"inLanguage\":\"de\"}]}<\/script>\n<!-- \/ Yoast SEO plugin. -->","yoast_head_json":{"title":"Unsere Stellenangebote - Notariat von La Wantzenau","description":"Werden Sie Teil unseres wachsenden Notariatsteams! Sehen Sie sich unsere M\u00f6glichkeiten an, wenn Sie Erfahrung im Notariat haben.","robots":{"index":"index","follow":"follow","max-snippet":"max-snippet:-1","max-image-preview":"max-image-preview:large","max-video-preview":"max-video-preview:-1"},"canonical":"https:\/\/www.nlw.fr\/de\/karriere\/stellenangebote\/","og_locale":"de_DE","og_type":"article","og_title":"Unsere Stellenangebote - Notariat von La Wantzenau","og_description":"Werden Sie Teil unseres wachsenden Notariatsteams! Sehen Sie sich unsere M\u00f6glichkeiten an, wenn Sie Erfahrung im Notariat haben.","og_url":"https:\/\/www.nlw.fr\/de\/karriere\/stellenangebote\/","og_site_name":"Notariat von La Wantzenau","article_modified_time":"2024-03-13T08:59:43+00:00","twitter_card":"summary_large_image","twitter_misc":{"Gesch\u00e4tzte Lesezeit":"1\u00a0Minute"},"schema":{"@context":"https:\/\/schema.org","@graph":[{"@type":"WebPage","@id":"https:\/\/www.nlw.fr\/de\/karriere\/stellenangebote\/","url":"https:\/\/www.nlw.fr\/de\/karriere\/stellenangebote\/","name":"Unsere Stellenangebote - Notariat von La Wantzenau","isPartOf":{"@id":"https:\/\/www.nlw.fr\/#website"},"datePublished":"2022-04-11T15:53:01+00:00","dateModified":"2024-03-13T08:59:43+00:00","description":"Werden Sie Teil unseres wachsenden Notariatsteams! Sehen Sie sich unsere M\u00f6glichkeiten an, wenn Sie Erfahrung im Notariat haben.","breadcrumb":{"@id":"https:\/\/www.nlw.fr\/de\/karriere\/stellenangebote\/#breadcrumb"},"inLanguage":"de","potentialAction":[{"@type":"ReadAction","target":["https:\/\/www.nlw.fr\/de\/karriere\/stellenangebote\/"]}]},{"@type":"BreadcrumbList","@id":"https:\/\/www.nlw.fr\/de\/karriere\/stellenangebote\/#breadcrumb","itemListElement":[{"@type":"ListItem","position":1,"name":"Accueil","item":"https:\/\/www.nlw.fr\/de\/"},{"@type":"ListItem","position":2,"name":"Karriere","item":"https:\/\/www.nlw.fr\/de\/karriere\/"},{"@type":"ListItem","position":3,"name":"Unsere Stellenangebote"}]},{"@type":"WebSite","@id":"https:\/\/www.nlw.fr\/#website","url":"https:\/\/www.nlw.fr\/","name":"NLW","description":"","potentialAction":[{"@type":"SearchAction","target":{"@type":"EntryPoint","urlTemplate":"https:\/\/www.nlw.fr\/?s={search_term_string}"},"query-input":{"@type":"PropertyValueSpecification","valueRequired":true,"valueName":"search_term_string"}}],"inLanguage":"de"}]}},"_links":{"self":[{"href":"https:\/\/www.nlw.fr\/de\/wp-json\/wp\/v2\/pages\/4743","targetHints":{"allow":["GET"]}}],"collection":[{"href":"https:\/\/www.nlw.fr\/de\/wp-json\/wp\/v2\/pages"}],"about":[{"href":"https:\/\/www.nlw.fr\/de\/wp-json\/wp\/v2\/types\/page"}],"author":[{"embeddable":true,"href":"https:\/\/www.nlw.fr\/de\/wp-json\/wp\/v2\/users\/7"}],"replies":[{"embeddable":true,"href":"https:\/\/www.nlw.fr\/de\/wp-json\/wp\/v2\/comments?post=4743"}],"version-history":[{"count":2,"href":"https:\/\/www.nlw.fr\/de\/wp-json\/wp\/v2\/pages\/4743\/revisions"}],"predecessor-version":[{"id":5706,"href":"https:\/\/www.nlw.fr\/de\/wp-json\/wp\/v2\/pages\/4743\/revisions\/5706"}],"up":[{"embeddable":true,"href":"https:\/\/www.nlw.fr\/de\/wp-json\/wp\/v2\/pages\/4860"}],"wp:attachment":[{"href":"https:\/\/www.nlw.fr\/de\/wp-json\/wp\/v2\/media?parent=4743"}],"curies":[{"name":"wp","href":"https:\/\/api.w.org\/{rel}","templated":true}]}}