{"id":4831,"date":"2021-06-11T07:12:54","date_gmt":"2021-06-11T05:12:54","guid":{"rendered":"https:\/\/www.nlw.fr\/ventes-interractives\/"},"modified":"2024-10-18T12:29:26","modified_gmt":"2024-10-18T10:29:26","slug":"interaktive-verkaufe","status":"publish","type":"page","link":"https:\/\/www.nlw.fr\/de\/interaktive-verkaufe\/","title":{"rendered":"INTERAKTIVE VERK\u00c4UFE"},"content":{"rendered":"\n<p>Neben der herk\u00f6mmlichen Verkaufsvorgehensweise und Verk\u00e4ufen im Rahmen von Versteigerungen bieten wir unseren Klienten auch die M\u00f6glichkeit, interaktive Verk\u00e4ufe zu t\u00e4tigen. Diese Art des Verkaufs mithilfe von Onlineangeboten wurde im Laufe der 2000er Jahre vom franz\u00f6sischen Notariat entwickelt. Urspr\u00fcnglich hie\u00df das Verfahren Vente Notariale Interactive, tr\u00e4gt nun jedoch den Namen Vente en immo-interactif \u00ae und ist eine eingetragene Marke <a href=\"https:\/\/www.notaires.fr\/fr\">der franz\u00f6sischen Notare.<\/a><\/p>\n\n\n\n<h3 class=\"wp-block-heading\">Prinzip<\/h3>\n\n\n\n<p>Innerhalb eines Zeitraums von 24 Stunden <strong>versammeln sich potenzielle K\u00e4ufer in einem virtuellen Raum, <\/strong>in dem sie sukzessive Kaufangebote abgeben k\u00f6nnen.<\/p>\n\n\n\n<h3 class=\"wp-block-heading\">Vorgehensweise<\/h3>\n\n\n\n<div class=\"wp-block-columns is-layout-flex wp-container-core-columns-is-layout-9d6595d7 wp-block-columns-is-layout-flex\">\n<div class=\"wp-block-column is-layout-flow wp-block-column-is-layout-flow\">\n<p>Die Vorbereitung des Verkaufs beginnt bereits einige Wochen vor dem Onlinetermin. <strong>Wir schlagen dem Verk\u00e4ufer eine Bewertung der vertragsgegenst\u00e4ndlichen Immobilie<\/strong> vor und besprechen mit ihm die Verkaufsstrategie. Im Rahmen dessen wird ein spezielles Verkaufsmandat unterzeichnet. <strong>Parallel hierzu tragen wir die f\u00fcr die Transaktion erforderlichen Unterlagen zusammen<\/strong> und legen mit dem Verk\u00e4ufer zusammen den Zeitplan f\u00fcr das Vorhaben fest.<\/p>\n\n\n\n<p>Anschlie\u00dfend wird eine Anzeige auf der Webseite <em><a href=\"http:\/\/www.immobilier.notaires.fr\">www.immobilier.notaires.fr<\/a><\/em> ver\u00f6ffentlicht. Die Anzeige wird auch an die wichtigsten Webseiten zur Onlineimmobiliensuche weitergeleitet und, sofern gew\u00fcnscht, an Printmedien.<\/p>\n\n\n\n<p><strong>In der Anzeige werden Gruppenbesichtigungen<\/strong> zu festgelegten Terminen angeboten. Nachdem sie die Immobilie besichtigt haben, k\u00f6nnen die Interessenten ihren Wunsch mitteilen, an dem interaktiven Verkauf (Vente en immo-interactif \u00ae) teilzunehmen. Hierzu lassen wir den potenziellen K\u00e4ufern den auszuf\u00fcllenden Zulassungsantrag zukommen.<\/p>\n<\/div>\n\n\n\n<div class=\"wp-block-column is-layout-flow wp-block-column-is-layout-flow\">\n<figure class=\"wp-block-image size-large is-style-rounded-corner-image\"><img loading=\"lazy\" decoding=\"async\" width=\"765\" height=\"426\" src=\"https:\/\/www.nlw.fr\/wp-content\/uploads\/2023\/09\/site-immobilier-notaires-de-france-765x426.jpg\" alt=\"\" class=\"wp-image-3900\" srcset=\"https:\/\/www.nlw.fr\/wp-content\/uploads\/2023\/09\/site-immobilier-notaires-de-france-765x426.jpg 765w, https:\/\/www.nlw.fr\/wp-content\/uploads\/2023\/09\/site-immobilier-notaires-de-france-360x201.jpg 360w, https:\/\/www.nlw.fr\/wp-content\/uploads\/2023\/09\/site-immobilier-notaires-de-france-530x295.jpg 530w, https:\/\/www.nlw.fr\/wp-content\/uploads\/2023\/09\/site-immobilier-notaires-de-france.jpg 800w\" sizes=\"auto, (max-width: 765px) 100vw, 765px\" \/><\/figure>\n<\/div>\n<\/div>\n\n\n\n<p><strong>Nach Ablauf des Bietungszeitraums w\u00e4hlt der Verk\u00e4ufer den K\u00e4ufer unter Ber\u00fccksichtigung der gebotenen Betr\u00e4ge<\/strong> und der \u00fcber den Erwerbskandidaten \u00fcbermittelten Informationen (bzgl. Finanzierungsmodalit\u00e4ten, etc.) frei aus. <strong>Danach wird der Vorgang wie eine herk\u00f6mmliche Kaufakte<\/strong> bearbeitet und auf die Unterzeichnung eines Vorvertrags folgt nach Erf\u00fcllung eventueller aufschiebender Bedingungen die Beurkundung des endg\u00fcltigen Kaufvertrags.<\/p>\n\n\n\n<h3 class=\"wp-block-heading\">Vorteile des interaktiven Verkaufs<\/h3>\n\n\n\n<p>Ein solcher <strong>interaktiver Verkauf ist in gewissen F\u00e4llen von gro\u00dfem Nutzen,<\/strong> beispielsweise wenn ein institutioneller Investor, ein Verein oder eine Erbengemeinschaft eine attraktive Immobilie verkaufen m\u00f6chten. <strong>Der Verkauf erfolgt transparent, zum bestm\u00f6glichen Preis und innerhalb einer definierten Frist. <\/strong>Unser Team begleitet unsere Klienten w\u00e4hrend des gesamten Verfahrens der Vente en immo-interactif \u00ae und steht ihnen beratend zur Seite.<\/p>\n","protected":false},"excerpt":{"rendered":"<p>Neben der herk\u00f6mmlichen Verkaufsvorgehensweise und Verk\u00e4ufen im Rahmen von Versteigerungen bieten wir unseren Klienten auch die M\u00f6glichkeit, interaktive Verk\u00e4ufe zu t\u00e4tigen. Diese Art des Verkaufs mithilfe von Onlineangeboten wurde im Laufe der 2000er Jahre vom franz\u00f6sischen Notariat entwickelt. Urspr\u00fcnglich hie\u00df das Verfahren Vente Notariale Interactive, tr\u00e4gt nun jedoch den Namen Vente en immo-interactif \u00ae und [&hellip;]<\/p>\n","protected":false},"author":7,"featured_media":2931,"parent":0,"menu_order":58,"comment_status":"closed","ping_status":"closed","template":"","meta":{"_acf_changed":false,"inline_featured_image":false,"footnotes":""},"class_list":["post-4831","page","type-page","status-publish","has-post-thumbnail","hentry"],"acf":[],"yoast_head":"<!-- This site is optimized with the Yoast SEO plugin v26.1.1 - https:\/\/yoast.com\/wordpress\/plugins\/seo\/ -->\n<title>INTERAKTIVE VERK\u00c4UFE - Notariat von La Wantzenau<\/title>\n<meta name=\"description\" content=\"Erkunden Sie unsere Methoden des Immobilienverkaufs, einschlie\u00dflich immo-interactive\u00ae, einem innovativen Verfahren zur Online-Ausschreibung von Immobilien.\" \/>\n<meta name=\"robots\" content=\"index, follow, max-snippet:-1, max-image-preview:large, max-video-preview:-1\" \/>\n<link rel=\"canonical\" href=\"https:\/\/www.nlw.fr\/de\/interaktive-verkaufe\/\" \/>\n<meta property=\"og:locale\" content=\"de_DE\" \/>\n<meta property=\"og:type\" content=\"article\" \/>\n<meta property=\"og:title\" content=\"INTERAKTIVE VERK\u00c4UFE - Notariat von La Wantzenau\" \/>\n<meta property=\"og:description\" content=\"Erkunden Sie unsere Methoden des Immobilienverkaufs, einschlie\u00dflich immo-interactive\u00ae, einem innovativen Verfahren zur Online-Ausschreibung von Immobilien.\" \/>\n<meta property=\"og:url\" content=\"https:\/\/www.nlw.fr\/de\/interaktive-verkaufe\/\" \/>\n<meta property=\"og:site_name\" content=\"Notariat von La Wantzenau\" \/>\n<meta property=\"article:modified_time\" content=\"2024-10-18T10:29:26+00:00\" \/>\n<meta property=\"og:image\" content=\"https:\/\/www.nlw.fr\/wp-content\/uploads\/2022\/06\/vente-interactives-notaires-wanzenau-scaled.jpg\" \/>\n\t<meta property=\"og:image:width\" content=\"2560\" \/>\n\t<meta property=\"og:image:height\" content=\"2048\" \/>\n\t<meta property=\"og:image:type\" content=\"image\/jpeg\" \/>\n<meta name=\"twitter:card\" content=\"summary_large_image\" \/>\n<meta name=\"twitter:label1\" content=\"Gesch\u00e4tzte Lesezeit\" \/>\n\t<meta name=\"twitter:data1\" content=\"2\u00a0Minuten\" \/>\n<script type=\"application\/ld+json\" class=\"yoast-schema-graph\">{\"@context\":\"https:\/\/schema.org\",\"@graph\":[{\"@type\":\"WebPage\",\"@id\":\"https:\/\/www.nlw.fr\/de\/interaktive-verkaufe\/\",\"url\":\"https:\/\/www.nlw.fr\/de\/interaktive-verkaufe\/\",\"name\":\"INTERAKTIVE VERK\u00c4UFE - Notariat von La Wantzenau\",\"isPartOf\":{\"@id\":\"https:\/\/www.nlw.fr\/#website\"},\"primaryImageOfPage\":{\"@id\":\"https:\/\/www.nlw.fr\/de\/interaktive-verkaufe\/#primaryimage\"},\"image\":{\"@id\":\"https:\/\/www.nlw.fr\/de\/interaktive-verkaufe\/#primaryimage\"},\"thumbnailUrl\":\"https:\/\/www.nlw.fr\/wp-content\/uploads\/2022\/06\/vente-interactives-notaires-wanzenau-scaled.jpg\",\"datePublished\":\"2021-06-11T05:12:54+00:00\",\"dateModified\":\"2024-10-18T10:29:26+00:00\",\"description\":\"Erkunden Sie unsere Methoden des Immobilienverkaufs, einschlie\u00dflich immo-interactive\u00ae, einem innovativen Verfahren zur Online-Ausschreibung von Immobilien.\",\"breadcrumb\":{\"@id\":\"https:\/\/www.nlw.fr\/de\/interaktive-verkaufe\/#breadcrumb\"},\"inLanguage\":\"de\",\"potentialAction\":[{\"@type\":\"ReadAction\",\"target\":[\"https:\/\/www.nlw.fr\/de\/interaktive-verkaufe\/\"]}]},{\"@type\":\"ImageObject\",\"inLanguage\":\"de\",\"@id\":\"https:\/\/www.nlw.fr\/de\/interaktive-verkaufe\/#primaryimage\",\"url\":\"https:\/\/www.nlw.fr\/wp-content\/uploads\/2022\/06\/vente-interactives-notaires-wanzenau-scaled.jpg\",\"contentUrl\":\"https:\/\/www.nlw.fr\/wp-content\/uploads\/2022\/06\/vente-interactives-notaires-wanzenau-scaled.jpg\",\"width\":2560,\"height\":2048,\"caption\":\"Ventes interactives avec les Notaires de la Wantzenau\"},{\"@type\":\"BreadcrumbList\",\"@id\":\"https:\/\/www.nlw.fr\/de\/interaktive-verkaufe\/#breadcrumb\",\"itemListElement\":[{\"@type\":\"ListItem\",\"position\":1,\"name\":\"Accueil\",\"item\":\"https:\/\/www.nlw.fr\/de\/\"},{\"@type\":\"ListItem\",\"position\":2,\"name\":\"INTERAKTIVE VERK\u00c4UFE\"}]},{\"@type\":\"WebSite\",\"@id\":\"https:\/\/www.nlw.fr\/#website\",\"url\":\"https:\/\/www.nlw.fr\/\",\"name\":\"NLW\",\"description\":\"\",\"potentialAction\":[{\"@type\":\"SearchAction\",\"target\":{\"@type\":\"EntryPoint\",\"urlTemplate\":\"https:\/\/www.nlw.fr\/?s={search_term_string}\"},\"query-input\":{\"@type\":\"PropertyValueSpecification\",\"valueRequired\":true,\"valueName\":\"search_term_string\"}}],\"inLanguage\":\"de\"}]}<\/script>\n<!-- \/ Yoast SEO plugin. -->","yoast_head_json":{"title":"INTERAKTIVE VERK\u00c4UFE - Notariat von La Wantzenau","description":"Erkunden Sie unsere Methoden des Immobilienverkaufs, einschlie\u00dflich immo-interactive\u00ae, einem innovativen Verfahren zur Online-Ausschreibung von Immobilien.","robots":{"index":"index","follow":"follow","max-snippet":"max-snippet:-1","max-image-preview":"max-image-preview:large","max-video-preview":"max-video-preview:-1"},"canonical":"https:\/\/www.nlw.fr\/de\/interaktive-verkaufe\/","og_locale":"de_DE","og_type":"article","og_title":"INTERAKTIVE VERK\u00c4UFE - Notariat von La Wantzenau","og_description":"Erkunden Sie unsere Methoden des Immobilienverkaufs, einschlie\u00dflich immo-interactive\u00ae, einem innovativen Verfahren zur Online-Ausschreibung von Immobilien.","og_url":"https:\/\/www.nlw.fr\/de\/interaktive-verkaufe\/","og_site_name":"Notariat von La Wantzenau","article_modified_time":"2024-10-18T10:29:26+00:00","og_image":[{"width":2560,"height":2048,"url":"https:\/\/www.nlw.fr\/wp-content\/uploads\/2022\/06\/vente-interactives-notaires-wanzenau-scaled.jpg","type":"image\/jpeg"}],"twitter_card":"summary_large_image","twitter_misc":{"Gesch\u00e4tzte Lesezeit":"2\u00a0Minuten"},"schema":{"@context":"https:\/\/schema.org","@graph":[{"@type":"WebPage","@id":"https:\/\/www.nlw.fr\/de\/interaktive-verkaufe\/","url":"https:\/\/www.nlw.fr\/de\/interaktive-verkaufe\/","name":"INTERAKTIVE VERK\u00c4UFE - Notariat von La Wantzenau","isPartOf":{"@id":"https:\/\/www.nlw.fr\/#website"},"primaryImageOfPage":{"@id":"https:\/\/www.nlw.fr\/de\/interaktive-verkaufe\/#primaryimage"},"image":{"@id":"https:\/\/www.nlw.fr\/de\/interaktive-verkaufe\/#primaryimage"},"thumbnailUrl":"https:\/\/www.nlw.fr\/wp-content\/uploads\/2022\/06\/vente-interactives-notaires-wanzenau-scaled.jpg","datePublished":"2021-06-11T05:12:54+00:00","dateModified":"2024-10-18T10:29:26+00:00","description":"Erkunden Sie unsere Methoden des Immobilienverkaufs, einschlie\u00dflich immo-interactive\u00ae, einem innovativen Verfahren zur Online-Ausschreibung von Immobilien.","breadcrumb":{"@id":"https:\/\/www.nlw.fr\/de\/interaktive-verkaufe\/#breadcrumb"},"inLanguage":"de","potentialAction":[{"@type":"ReadAction","target":["https:\/\/www.nlw.fr\/de\/interaktive-verkaufe\/"]}]},{"@type":"ImageObject","inLanguage":"de","@id":"https:\/\/www.nlw.fr\/de\/interaktive-verkaufe\/#primaryimage","url":"https:\/\/www.nlw.fr\/wp-content\/uploads\/2022\/06\/vente-interactives-notaires-wanzenau-scaled.jpg","contentUrl":"https:\/\/www.nlw.fr\/wp-content\/uploads\/2022\/06\/vente-interactives-notaires-wanzenau-scaled.jpg","width":2560,"height":2048,"caption":"Ventes interactives avec les Notaires de la Wantzenau"},{"@type":"BreadcrumbList","@id":"https:\/\/www.nlw.fr\/de\/interaktive-verkaufe\/#breadcrumb","itemListElement":[{"@type":"ListItem","position":1,"name":"Accueil","item":"https:\/\/www.nlw.fr\/de\/"},{"@type":"ListItem","position":2,"name":"INTERAKTIVE VERK\u00c4UFE"}]},{"@type":"WebSite","@id":"https:\/\/www.nlw.fr\/#website","url":"https:\/\/www.nlw.fr\/","name":"NLW","description":"","potentialAction":[{"@type":"SearchAction","target":{"@type":"EntryPoint","urlTemplate":"https:\/\/www.nlw.fr\/?s={search_term_string}"},"query-input":{"@type":"PropertyValueSpecification","valueRequired":true,"valueName":"search_term_string"}}],"inLanguage":"de"}]}},"_links":{"self":[{"href":"https:\/\/www.nlw.fr\/de\/wp-json\/wp\/v2\/pages\/4831","targetHints":{"allow":["GET"]}}],"collection":[{"href":"https:\/\/www.nlw.fr\/de\/wp-json\/wp\/v2\/pages"}],"about":[{"href":"https:\/\/www.nlw.fr\/de\/wp-json\/wp\/v2\/types\/page"}],"author":[{"embeddable":true,"href":"https:\/\/www.nlw.fr\/de\/wp-json\/wp\/v2\/users\/7"}],"replies":[{"embeddable":true,"href":"https:\/\/www.nlw.fr\/de\/wp-json\/wp\/v2\/comments?post=4831"}],"version-history":[{"count":1,"href":"https:\/\/www.nlw.fr\/de\/wp-json\/wp\/v2\/pages\/4831\/revisions"}],"predecessor-version":[{"id":5758,"href":"https:\/\/www.nlw.fr\/de\/wp-json\/wp\/v2\/pages\/4831\/revisions\/5758"}],"wp:featuredmedia":[{"embeddable":true,"href":"https:\/\/www.nlw.fr\/de\/wp-json\/wp\/v2\/media\/2931"}],"wp:attachment":[{"href":"https:\/\/www.nlw.fr\/de\/wp-json\/wp\/v2\/media?parent=4831"}],"curies":[{"name":"wp","href":"https:\/\/api.w.org\/{rel}","templated":true}]}}