{"id":4914,"date":"2021-06-09T08:12:45","date_gmt":"2021-06-09T06:12:45","guid":{"rendered":"https:\/\/www.nlw.fr\/mentions-legales\/"},"modified":"2024-10-18T12:43:07","modified_gmt":"2024-10-18T10:43:07","slug":"mentions-legales","status":"publish","type":"page","link":"https:\/\/www.nlw.fr\/de\/mentions-legales\/","title":{"rendered":"Rechtliche Hinweise"},"content":{"rendered":"\n<h3 class=\"wp-block-heading\">1 &#8211; HERAUSGEBERINFORMATIONEN<\/h3>\n\n\n\n<p>Diese Website ist Eigentum des Notariatsamts von La Wantzenau.<\/p>\n\n\n\n<p>19, route de Strasbourg<br>CS 80006 &#8211; 67610 LA WANTZENAU<\/p>\n\n\n\n<p>Tel : 03 88 59 24 24<\/p>\n\n\n\n<p>Mail : <a href=\"mailto:notaires.wantzenau@notaires.fr\">notaires.wantzenau@notaires.fr<\/a><\/p>\n\n\n\n<p>Publikationsdirektor: Christian Grieneisen<\/p>\n\n\n\n<h3 class=\"wp-block-heading\">2 &#8211; UNTERBRINGUNG &#8211; SICHERHEIT &#8211; BETRIEB<\/h3>\n\n\n\n<p>Die Website wird von der Firma Idealice gehostet. Der Nutzer dieser Website best\u00e4tigt, dass er \u00fcber die Kompetenz und die notwendigen Mittel verf\u00fcgt, um auf diese Website zuzugreifen und sie zu nutzen, und dass er \u00fcberpr\u00fcft hat, dass die verwendete Computerkonfiguration keine Viren enth\u00e4lt und in einwandfreiem Betriebszustand ist.<\/p>\n\n\n\n<p>Der Nutzer erkennt an, dass er dar\u00fcber informiert wurde, dass diese Website 24 Stunden am Tag und 7 Tage in der Woche zug\u00e4nglich ist, mit Ausnahme von F\u00e4llen h\u00f6herer Gewalt, Computerschwierigkeiten, Schwierigkeiten aufgrund der Struktur von Kommunikationsnetzen oder technischen Schwierigkeiten.<\/p>\n\n\n\n<p>Der Inhalt dieser Website kann Ungenauigkeiten oder Auslassungen enthalten. Dieser Inhalt kann kurzfristig ge\u00e4ndert oder aktualisiert werden.<br>Trotz aller Sorgfalt bei der Erstellung dieser Website und ihrer regelm\u00e4\u00dfigen Aktualisierung k\u00f6nnen sich in den dargestellten Informationen und\/oder Dokumenten Fehler eingeschlichen haben. Die auf dieser Website verf\u00fcgbaren Informationen dienen lediglich der Orientierung und sind nicht vertraglich bindend. In diesem Sinne kann das Notariat La Wantzenau keine Schadensersatzforderungen f\u00fcr direkte oder indirekte Sch\u00e4den \u00fcbernehmen, die dem Internetnutzer durch die Konsultation der auf dieser Website enthaltenen Informationen entstanden sind.<\/p>\n\n\n\n<p>Aus Wartungsgr\u00fcnden kann das Notariat La Wantzenau die Website jederzeit unterbrechen. Das Notariat La Wantzenau unternimmt alle Anstrengungen, um den Nutzern verf\u00fcgbare und gepr\u00fcfte Informationen und Tools anzubieten, haftet jedoch nicht f\u00fcr Fehler, fehlende Verf\u00fcgbarkeit von Informationen oder das Vorhandensein von Viren auf der Website.<\/p>\n\n\n\n<h3 class=\"wp-block-heading\">3 &#8211; GEISTIGE EIGENTUMSRECHTE<\/h3>\n\n\n\n<p>Website bei der CNIL angemeldet &#8211; Nr. der Anmeldung: in Bearbeitung<\/p>\n\n\n\n<p>Alle Texte, Kommentare, Werke, Illustrationen und Bilder, die auf der Website www.notaires-wantzenau.fr wiedergegeben werden, sind Eigentum des Notariatsb\u00fcros von La Wantzenau oder seiner Rechtsnachfolger, unterliegen dem Urheberrecht und d\u00fcrfen nur f\u00fcr den privaten Gebrauch vervielf\u00e4ltigt werden. Die Rechte, die den Autoren oder den Inhabern von verwandten Schutzrechten durch das Gesetz \u00fcber geistiges Eigentum zuerkannt werden, sind vorbehalten.<\/p>\n\n\n\n<p>Die gesamte Website unterliegt der franz\u00f6sischen und internationalen Gesetzgebung \u00fcber das Urheberrecht und das geistige Eigentum. Dasselbe gilt f\u00fcr die auf der Website enthaltenen Datenbanken, die durch die Bestimmungen des Gesetzes vom 1. Juli 1998 zur Umsetzung der europ\u00e4ischen Richtlinie vom 11. M\u00e4rz 1996 \u00fcber den rechtlichen Schutz von Datenbanken in das Gesetzbuch \u00fcber geistiges Eigentum (Artikel L112-3) gesch\u00fctzt sind und deren Urheber das Notariat La Wantzenau ist.<\/p>\n\n\n\n<h3 class=\"wp-block-heading\">4- CREDITS<\/h3>\n\n\n\n<p>Bildnachweis: Fotolia &#8211; iStock &#8211; idealice &#8211; Office notarial de La Wantzenau<br>Erstellung der Website und Hosting :\u00a0<a href=\"http:\/\/www.idealice.fr\/\" target=\"_blank\" rel=\"noreferrer noopener\">Agence de communication strat\u00e9gique idealice<\/a><br><\/p>\n","protected":false},"excerpt":{"rendered":"<p>1 &#8211; HERAUSGEBERINFORMATIONEN Diese Website ist Eigentum des Notariatsamts von La Wantzenau. 19, route de StrasbourgCS 80006 &#8211; 67610 LA WANTZENAU Tel : 03 88 59 24 24 Mail : notaires.wantzenau@notaires.fr Publikationsdirektor: Christian Grieneisen 2 &#8211; UNTERBRINGUNG &#8211; SICHERHEIT &#8211; BETRIEB Die Website wird von der Firma Idealice gehostet. Der Nutzer dieser Website best\u00e4tigt, dass [&hellip;]<\/p>\n","protected":false},"author":5,"featured_media":0,"parent":0,"menu_order":34,"comment_status":"closed","ping_status":"closed","template":"","meta":{"_acf_changed":false,"inline_featured_image":false,"footnotes":""},"class_list":["post-4914","page","type-page","status-publish","hentry"],"acf":[],"yoast_head":"<!-- This site is optimized with the Yoast SEO plugin v26.1.1 - https:\/\/yoast.com\/wordpress\/plugins\/seo\/ -->\n<title>Rechtliche Hinweise - Notariat von La Wantzenau<\/title>\n<meta name=\"description\" content=\"Consultez les mentions l\u00e9gales des Notaires de La Wantzenau pour obtenir des informations sur l\u2019\u00e9diteur, l\u2019h\u00e9bergement, la propri\u00e9t\u00e9 intellectuelle, et les conditions d\u2019utilisation de notre site.\" \/>\n<meta name=\"robots\" content=\"index, follow, max-snippet:-1, max-image-preview:large, max-video-preview:-1\" \/>\n<link rel=\"canonical\" href=\"https:\/\/www.nlw.fr\/de\/mentions-legales\/\" \/>\n<meta property=\"og:locale\" content=\"de_DE\" \/>\n<meta property=\"og:type\" content=\"article\" \/>\n<meta property=\"og:title\" content=\"Rechtliche Hinweise - Notariat von La Wantzenau\" \/>\n<meta property=\"og:description\" content=\"Consultez les mentions l\u00e9gales des Notaires de La Wantzenau pour obtenir des informations sur l\u2019\u00e9diteur, l\u2019h\u00e9bergement, la propri\u00e9t\u00e9 intellectuelle, et les conditions d\u2019utilisation de notre site.\" \/>\n<meta property=\"og:url\" content=\"https:\/\/www.nlw.fr\/de\/mentions-legales\/\" \/>\n<meta property=\"og:site_name\" content=\"Notariat von La Wantzenau\" \/>\n<meta property=\"article:modified_time\" content=\"2024-10-18T10:43:07+00:00\" \/>\n<meta name=\"twitter:card\" content=\"summary_large_image\" \/>\n<script type=\"application\/ld+json\" class=\"yoast-schema-graph\">{\"@context\":\"https:\/\/schema.org\",\"@graph\":[{\"@type\":\"WebPage\",\"@id\":\"https:\/\/www.nlw.fr\/de\/mentions-legales\/\",\"url\":\"https:\/\/www.nlw.fr\/de\/mentions-legales\/\",\"name\":\"Rechtliche Hinweise - Notariat von La Wantzenau\",\"isPartOf\":{\"@id\":\"https:\/\/www.nlw.fr\/#website\"},\"datePublished\":\"2021-06-09T06:12:45+00:00\",\"dateModified\":\"2024-10-18T10:43:07+00:00\",\"description\":\"Consultez les mentions l\u00e9gales des Notaires de La Wantzenau pour obtenir des informations sur l\u2019\u00e9diteur, l\u2019h\u00e9bergement, la propri\u00e9t\u00e9 intellectuelle, et les conditions d\u2019utilisation de notre site.\",\"breadcrumb\":{\"@id\":\"https:\/\/www.nlw.fr\/de\/mentions-legales\/#breadcrumb\"},\"inLanguage\":\"de\",\"potentialAction\":[{\"@type\":\"ReadAction\",\"target\":[\"https:\/\/www.nlw.fr\/de\/mentions-legales\/\"]}]},{\"@type\":\"BreadcrumbList\",\"@id\":\"https:\/\/www.nlw.fr\/de\/mentions-legales\/#breadcrumb\",\"itemListElement\":[{\"@type\":\"ListItem\",\"position\":1,\"name\":\"Accueil\",\"item\":\"https:\/\/www.nlw.fr\/de\/\"},{\"@type\":\"ListItem\",\"position\":2,\"name\":\"Rechtliche Hinweise\"}]},{\"@type\":\"WebSite\",\"@id\":\"https:\/\/www.nlw.fr\/#website\",\"url\":\"https:\/\/www.nlw.fr\/\",\"name\":\"NLW\",\"description\":\"\",\"potentialAction\":[{\"@type\":\"SearchAction\",\"target\":{\"@type\":\"EntryPoint\",\"urlTemplate\":\"https:\/\/www.nlw.fr\/?s={search_term_string}\"},\"query-input\":{\"@type\":\"PropertyValueSpecification\",\"valueRequired\":true,\"valueName\":\"search_term_string\"}}],\"inLanguage\":\"de\"}]}<\/script>\n<!-- \/ Yoast SEO plugin. -->","yoast_head_json":{"title":"Rechtliche Hinweise - Notariat von La Wantzenau","description":"Consultez les mentions l\u00e9gales des Notaires de La Wantzenau pour obtenir des informations sur l\u2019\u00e9diteur, l\u2019h\u00e9bergement, la propri\u00e9t\u00e9 intellectuelle, et les conditions d\u2019utilisation de notre site.","robots":{"index":"index","follow":"follow","max-snippet":"max-snippet:-1","max-image-preview":"max-image-preview:large","max-video-preview":"max-video-preview:-1"},"canonical":"https:\/\/www.nlw.fr\/de\/mentions-legales\/","og_locale":"de_DE","og_type":"article","og_title":"Rechtliche Hinweise - Notariat von La Wantzenau","og_description":"Consultez les mentions l\u00e9gales des Notaires de La Wantzenau pour obtenir des informations sur l\u2019\u00e9diteur, l\u2019h\u00e9bergement, la propri\u00e9t\u00e9 intellectuelle, et les conditions d\u2019utilisation de notre site.","og_url":"https:\/\/www.nlw.fr\/de\/mentions-legales\/","og_site_name":"Notariat von La Wantzenau","article_modified_time":"2024-10-18T10:43:07+00:00","twitter_card":"summary_large_image","schema":{"@context":"https:\/\/schema.org","@graph":[{"@type":"WebPage","@id":"https:\/\/www.nlw.fr\/de\/mentions-legales\/","url":"https:\/\/www.nlw.fr\/de\/mentions-legales\/","name":"Rechtliche Hinweise - Notariat von La Wantzenau","isPartOf":{"@id":"https:\/\/www.nlw.fr\/#website"},"datePublished":"2021-06-09T06:12:45+00:00","dateModified":"2024-10-18T10:43:07+00:00","description":"Consultez les mentions l\u00e9gales des Notaires de La Wantzenau pour obtenir des informations sur l\u2019\u00e9diteur, l\u2019h\u00e9bergement, la propri\u00e9t\u00e9 intellectuelle, et les conditions d\u2019utilisation de notre site.","breadcrumb":{"@id":"https:\/\/www.nlw.fr\/de\/mentions-legales\/#breadcrumb"},"inLanguage":"de","potentialAction":[{"@type":"ReadAction","target":["https:\/\/www.nlw.fr\/de\/mentions-legales\/"]}]},{"@type":"BreadcrumbList","@id":"https:\/\/www.nlw.fr\/de\/mentions-legales\/#breadcrumb","itemListElement":[{"@type":"ListItem","position":1,"name":"Accueil","item":"https:\/\/www.nlw.fr\/de\/"},{"@type":"ListItem","position":2,"name":"Rechtliche Hinweise"}]},{"@type":"WebSite","@id":"https:\/\/www.nlw.fr\/#website","url":"https:\/\/www.nlw.fr\/","name":"NLW","description":"","potentialAction":[{"@type":"SearchAction","target":{"@type":"EntryPoint","urlTemplate":"https:\/\/www.nlw.fr\/?s={search_term_string}"},"query-input":{"@type":"PropertyValueSpecification","valueRequired":true,"valueName":"search_term_string"}}],"inLanguage":"de"}]}},"_links":{"self":[{"href":"https:\/\/www.nlw.fr\/de\/wp-json\/wp\/v2\/pages\/4914","targetHints":{"allow":["GET"]}}],"collection":[{"href":"https:\/\/www.nlw.fr\/de\/wp-json\/wp\/v2\/pages"}],"about":[{"href":"https:\/\/www.nlw.fr\/de\/wp-json\/wp\/v2\/types\/page"}],"author":[{"embeddable":true,"href":"https:\/\/www.nlw.fr\/de\/wp-json\/wp\/v2\/users\/5"}],"replies":[{"embeddable":true,"href":"https:\/\/www.nlw.fr\/de\/wp-json\/wp\/v2\/comments?post=4914"}],"version-history":[{"count":1,"href":"https:\/\/www.nlw.fr\/de\/wp-json\/wp\/v2\/pages\/4914\/revisions"}],"predecessor-version":[{"id":5773,"href":"https:\/\/www.nlw.fr\/de\/wp-json\/wp\/v2\/pages\/4914\/revisions\/5773"}],"wp:attachment":[{"href":"https:\/\/www.nlw.fr\/de\/wp-json\/wp\/v2\/media?parent=4914"}],"curies":[{"name":"wp","href":"https:\/\/api.w.org\/{rel}","templated":true}]}}