{"id":5045,"date":"2022-04-11T17:46:39","date_gmt":"2022-04-11T15:46:39","guid":{"rendered":"https:\/\/www.nlw.fr\/buro\/nos-valeurs-et-nos-missions\/"},"modified":"2024-10-18T12:34:54","modified_gmt":"2024-10-18T10:34:54","slug":"unsere-werte-und-unser-auftrag","status":"publish","type":"page","link":"https:\/\/www.nlw.fr\/de\/buro\/unsere-werte-und-unser-auftrag\/","title":{"rendered":"Unsere Werte und unser Auftrag"},"content":{"rendered":"\n<p><strong>Die vier Notarpartner <\/strong>arbeiten mit einem<strong> interdisziplin\u00e4ren Team <\/strong>aus mehr als<strong> siebzig Notaren und Mitarbeitern <\/strong>zusammen, die in spezialisierte Abteilungen aufgeteilt sind, um effizient zu arbeiten und Synergien bestm\u00f6glich zu nutzen. Dank dieser Strukturierung und unserer <strong>klientenorientierten Arbeitsweise<\/strong> bieten wir <strong>individuell abgestimmte Dienstleistungen<\/strong> und eine z\u00fcgige und bestm\u00f6gliche Bearbeitung der uns anvertrauten Akten.<\/p>\n\n\n\n<p>Da uns bewusst ist, dass Expertise und Reaktionsbereitschaft f\u00fcr unsere Klienten essenziell sind, setzen wir auf stets aktuelles juristisches Fachwissen und qualitativ hochwertige Technologie, um den Bed\u00fcrfnissen unserer Klienten zu entsprechen und unseren Amtsauftrag der Beurkundung vollumf\u00e4nglich zu erf\u00fcllen. Wir unterst\u00fctzen unsere Klienten mit kompetenter Expertise und individuellen L\u00f6sungen, um Rechtssicherheit bei allen Auftr\u00e4gen zu gew\u00e4hrleisten, die uns erteilt werden.<\/p>\n\n\n\n<p><\/p>\n\n\n\n<div style=\"height:30px\" aria-hidden=\"true\" class=\"wp-block-spacer\"><\/div>\n\n\n\n<div class=\"wp-block-columns is-layout-flex wp-container-core-columns-is-layout-9d6595d7 wp-block-columns-is-layout-flex\">\n<div class=\"wp-block-column is-layout-flow wp-block-column-is-layout-flow\"><div class=\"wp-block-image is-style-rounded-corner-image\">\n<figure class=\"aligncenter size-large\"><img loading=\"lazy\" decoding=\"async\" width=\"669\" height=\"430\" src=\"https:\/\/www.nlw.fr\/wp-content\/uploads\/2023\/09\/Equipe-Notaires-Wantzenau-669x430.jpg\" alt=\"Equipe des Notaires de La Wantzenau\" class=\"wp-image-4074\" srcset=\"https:\/\/www.nlw.fr\/wp-content\/uploads\/2023\/09\/Equipe-Notaires-Wantzenau-669x430.jpg 669w, https:\/\/www.nlw.fr\/wp-content\/uploads\/2023\/09\/Equipe-Notaires-Wantzenau-360x231.jpg 360w, https:\/\/www.nlw.fr\/wp-content\/uploads\/2023\/09\/Equipe-Notaires-Wantzenau-483x310.jpg 483w, https:\/\/www.nlw.fr\/wp-content\/uploads\/2023\/09\/Equipe-Notaires-Wantzenau.jpg 1370w\" sizes=\"auto, (max-width: 669px) 100vw, 669px\" \/><\/figure><\/div><\/div>\n\n\n\n<div class=\"wp-block-column is-layout-flow wp-block-column-is-layout-flow\"><div class=\"wp-block-image is-style-rounded-corner-image\">\n<figure class=\"aligncenter size-full\"><img loading=\"lazy\" decoding=\"async\" width=\"1536\" height=\"1024\" src=\"https:\/\/www.nlw.fr\/wp-content\/uploads\/2023\/09\/signature-notaires-1536x1024-1.jpg\" alt=\"Missions du notaire : la signature d'actes authentiques\" class=\"wp-image-3770\"\/><\/figure><\/div><\/div>\n<\/div>\n\n\n\n<div style=\"height:50px\" aria-hidden=\"true\" class=\"wp-block-spacer\"><\/div>\n\n\n<section class=\"section-missions home-section container background-lightgray\">\n    <div class=\"home-section__title\">\n    <div class=\"row column\"><h4 style=\"text-align: center;\">UNSER AUFTRAG<\/h4>\n<h2 style=\"text-align: center;\">Wir unterst\u00fctzen Sie bei Ihren Vorhaben<\/h2>\n<\/div>\n  <\/div>\n      <div class=\"home-section__body\">\n    <div class=\"row large-up-4 medium-up-2 small-up-1 align-middle\">\n            <div class=\"columns mission-item-column\">\n        <div class=\"mission-item\">\n                    <figure class=\"mission-item__image\">\n            <img decoding=\"async\" src=\"https:\/\/www.nlw.fr\/wp-content\/uploads\/2021\/06\/icon-notaire_03.png\" alt=\"\">\n          <\/figure>\n                    <div class=\"mission-item__title\">Authentizit\u00e4t<\/div>\n        <\/div>\n      <\/div>\n            <div class=\"columns mission-item-column\">\n        <div class=\"mission-item\">\n                    <figure class=\"mission-item__image\">\n            <img decoding=\"async\" src=\"https:\/\/www.nlw.fr\/wp-content\/uploads\/2021\/06\/005-lock.svg\" alt=\"\">\n          <\/figure>\n                    <div class=\"mission-item__title\">Verschwiegenheit<\/div>\n        <\/div>\n      <\/div>\n            <div class=\"columns mission-item-column\">\n        <div class=\"mission-item\">\n                    <figure class=\"mission-item__image\">\n            <img decoding=\"async\" src=\"https:\/\/www.nlw.fr\/wp-content\/uploads\/2021\/06\/003-hand-shake.svg\" alt=\"\">\n          <\/figure>\n                    <div class=\"mission-item__title\">Klientenservice<\/div>\n        <\/div>\n      <\/div>\n            <div class=\"columns mission-item-column\">\n        <div class=\"mission-item\">\n                    <figure class=\"mission-item__image\">\n            <img decoding=\"async\" src=\"https:\/\/www.nlw.fr\/wp-content\/uploads\/2021\/06\/010-checked-1.svg\" alt=\"\">\n          <\/figure>\n                    <div class=\"mission-item__title\">Absicherung<\/div>\n        <\/div>\n      <\/div>\n          <\/div>\n  <\/div>\n  <\/section>\n\n\n<div style=\"height:32px\" aria-hidden=\"true\" class=\"wp-block-spacer\"><\/div>\n\n\n\n<h2 class=\"wp-block-heading has-text-align-left\">Stets an Ihrer Seite<\/h2>\n\n\n\n<p>Der Notar ist eine \u00f6ffentliche Amtsperson, die in staatlichem Auftrag handelt.&nbsp;So verleiht er den Urkunden, die er im Auftrag der Klienten erstellt, Authentizit\u00e4t.&nbsp;Der Justizminister ernennt die franz\u00f6sischen Notare.<\/p>\n\n\n\n<hr class=\"wp-block-separator has-css-opacity\"\/>\n\n\n\n<div class=\"wp-block-columns is-layout-flex wp-container-core-columns-is-layout-9d6595d7 wp-block-columns-is-layout-flex\">\n<div class=\"wp-block-column is-vertically-aligned-center is-layout-flow wp-block-column-is-layout-flow\" style=\"flex-basis:33.33%\">\n<figure class=\"wp-block-image size-large is-resized\"><img loading=\"lazy\" decoding=\"async\" width=\"440\" height=\"430\" src=\"https:\/\/www.nlw.fr\/wp-content\/uploads\/2023\/09\/logo-nb-notaires-de-france-440x430.png\" alt=\"logo notaires de france\" class=\"wp-image-3732\" style=\"width:267px;height:260px\" srcset=\"https:\/\/www.nlw.fr\/wp-content\/uploads\/2023\/09\/logo-nb-notaires-de-france-440x430.png 440w, https:\/\/www.nlw.fr\/wp-content\/uploads\/2023\/09\/logo-nb-notaires-de-france-360x351.png 360w, https:\/\/www.nlw.fr\/wp-content\/uploads\/2023\/09\/logo-nb-notaires-de-france-318x310.png 318w, https:\/\/www.nlw.fr\/wp-content\/uploads\/2023\/09\/logo-nb-notaires-de-france.png 800w\" sizes=\"auto, (max-width: 440px) 100vw, 440px\" \/><\/figure>\n<\/div>\n\n\n\n<div class=\"wp-block-column is-layout-flow wp-block-column-is-layout-flow\" style=\"flex-basis:66.66%\">\n<h3 class=\"wp-block-heading\">Authentizit\u00e4t<\/h3>\n\n\n\n<p><a href=\"https:\/\/www.legifrance.gouv.fr\/loda\/id\/LEGITEXT000006069175#LEGIARTI000006915175\" target=\"_blank\" rel=\"noreferrer noopener\">Artikel 1 der Verordnung vom 2. November 1945&nbsp;<\/a>\u00fcber das Notariatsstatut definiert die Funktion des Notars wie folgt: \u201eNotare sind die \u00f6ffentlichen Beamten, die ernannt wurden zur Beurkundung aller Urkunden und Vertr\u00e4ge, denen die Parteien den Charakter der Authentizit\u00e4t verleihen m\u00fcssen oder wollen, der mit Urkunden \u00f6ffentlicher Stellen verbunden ist\u201c.<\/p>\n\n\n\n<p><strong>Der Notar ist befugt, eine Urkunde&nbsp;<\/strong>durch den Vermerk seiner Unterschrift und das Anbringen seines Siegels<strong>&nbsp;zu beglaubigen.<\/strong>&nbsp;Diese Urkunde ist dann mit der gleichen Kraft durchsetzbar wie ein rechtskr\u00e4ftiges Urteil.<\/p>\n\n\n\n<p>Neben der Aufgabe der Beurkundung ist der Notar ein juristischer Generalist mit einer umfassenden Sicht auf rechtliche Probleme.<strong>&nbsp;Das Notariat in La Wantzenau<\/strong>&nbsp;kann dank der Multidisziplinarit\u00e4t seiner Mitarbeiter in allen Rechtsbereichen t\u00e4tig werden und seine Klienten daher detailliert und umfassend beraten.<\/p>\n<\/div>\n<\/div>\n\n\n\n<div class=\"wp-block-columns is-layout-flex wp-container-core-columns-is-layout-9d6595d7 wp-block-columns-is-layout-flex\">\n<div class=\"wp-block-column is-layout-flow wp-block-column-is-layout-flow\" style=\"flex-basis:33.33%\"><\/div>\n\n\n\n<div class=\"wp-block-column is-layout-flow wp-block-column-is-layout-flow\" style=\"flex-basis:66.66%\">\n<h3 class=\"wp-block-heading\"><strong>Verschwiegenheit<\/strong><\/h3>\n\n\n\n<p>Aufgrund seines Status und der Art der Beziehungen, die er mit seinen Klienten unterh\u00e4lt, unterliegt der Notar strengen Berufsregeln.&nbsp;<strong>Er ist sowohl bez\u00fcglich Urkunden als auch im Gesch\u00e4ftsverkehr zur Verschwiegenheit verpflichtet.<\/strong><\/p>\n<\/div>\n<\/div>\n\n\n\n<div class=\"wp-block-columns is-layout-flex wp-container-core-columns-is-layout-9d6595d7 wp-block-columns-is-layout-flex\">\n<div class=\"wp-block-column is-layout-flow wp-block-column-is-layout-flow\" style=\"flex-basis:33.33%\"><\/div>\n\n\n\n<div class=\"wp-block-column is-layout-flow wp-block-column-is-layout-flow\" style=\"flex-basis:66.66%\">\n<h3 class=\"wp-block-heading\">Klientenservice<\/h3>\n\n\n\n<p><strong>Die Begleitung des Klienten ist eine der Hauptaufgaben des Notariats in La Wantzenau.&nbsp;<\/strong>Sowohl im famili\u00e4ren Umfeld als auch auf beruflicher Ebene ist der Notar oftmals am besten in der Lage, seine Klienten beratend zu begleiten. Zu diesem Zweck bieten wir L\u00f6sungen an, die allen Bed\u00fcrfnissen gerecht werden, und dies in allen Schl\u00fcsselmomenten des Lebenswegs.<\/p>\n<\/div>\n<\/div>\n\n\n\n<div class=\"wp-block-columns is-layout-flex wp-container-core-columns-is-layout-9d6595d7 wp-block-columns-is-layout-flex\">\n<div class=\"wp-block-column is-layout-flow wp-block-column-is-layout-flow\" style=\"flex-basis:33.33%\"><\/div>\n\n\n\n<div class=\"wp-block-column is-layout-flow wp-block-column-is-layout-flow\" style=\"flex-basis:66.66%\">\n<h3 class=\"wp-block-heading\"><strong>Absicherung<\/strong><\/h3>\n\n\n\n<p><strong>Das Notariat in La Wantzenau<\/strong>&nbsp;begleitet seine Klienten bei der Verwirklichung ihrer verschiedenen pers\u00f6nlichen und beruflichen Projekte in allen Belangen, die Urkunden, Vertr\u00e4ge, \u2026 betreffen, um ihre Projekte abzusichern.<\/p>\n<\/div>\n<\/div>\n\n\n\n<hr class=\"wp-block-separator has-css-opacity\"\/>\n\n\n<section class=\"section-acces home-section container \">\r\n    <div class=\"home-section__body\">\r\n    <div class=\"row expanded collapse large-up-2 small-up-1\">\r\n            <div class=\"columns acces-item-column\">\r\n        <article class=\"acces-item\">\n  <a href=\"https:\/\/www.nlw.fr\/de\/buro\/team\/\">\n        <figure class=\"acces-item__thumb\">\n      <img decoding=\"async\" src=\"https:\/\/www.nlw.fr\/wp-content\/uploads\/2023\/09\/Notaires-associes-Wantzenau-430x430.jpg\" alt=\"Notaires associes \u00e9tude de La Wantzenau\">\n    <\/figure>\n        <div class=\"acces-item__body\">\n            <div class=\"acces-item__title\">Treffen Sie unser Team<\/div>\n                  <div class=\"acces-item__link\">\n        <span class=\"link-icon link-icon--after link-icon--white\">Unser Team<\/span>\n      <\/div>\n          <\/div>\n  <\/a>\n<\/article>      <\/div>\r\n            <div class=\"columns acces-item-column\">\r\n        <article class=\"acces-item\">\n  <a href=\"https:\/\/www.nlw.fr\/de\/buro\/unsere-geschichte\/\">\n        <figure class=\"acces-item__thumb\">\n      <img decoding=\"async\" src=\"https:\/\/www.nlw.fr\/wp-content\/uploads\/2023\/09\/histoire-notaires-de-la-wantzenau-669x430.jpg\" alt=\"histoire notaires de la Wantzenau\">\n    <\/figure>\n        <div class=\"acces-item__body\">\n            <div class=\"acces-item__title\">Entdecken Sie unsere Geschichte<\/div>\n                  <div class=\"acces-item__link\">\n        <span class=\"link-icon link-icon--after link-icon--white\">Unsere Geschichte<\/span>\n      <\/div>\n          <\/div>\n  <\/a>\n<\/article>      <\/div>\r\n          <\/div>\r\n  <\/div>\r\n  <\/section>\n\n\n<p><\/p>\n","protected":false},"excerpt":{"rendered":"<p>Die vier Notarpartner arbeiten mit einem interdisziplin\u00e4ren Team aus mehr als siebzig Notaren und Mitarbeitern zusammen, die in spezialisierte Abteilungen aufgeteilt sind, um effizient zu arbeiten und Synergien bestm\u00f6glich zu nutzen. Dank dieser Strukturierung und unserer klientenorientierten Arbeitsweise bieten wir individuell abgestimmte Dienstleistungen und eine z\u00fcgige und bestm\u00f6gliche Bearbeitung der uns anvertrauten Akten. Da uns [&hellip;]<\/p>\n","protected":false},"author":7,"featured_media":0,"parent":4639,"menu_order":40,"comment_status":"closed","ping_status":"closed","template":"","meta":{"_acf_changed":false,"inline_featured_image":false,"footnotes":""},"class_list":["post-5045","page","type-page","status-publish","hentry"],"acf":[],"yoast_head":"<!-- This site is optimized with the Yoast SEO plugin v26.1.1 - https:\/\/yoast.com\/wordpress\/plugins\/seo\/ -->\n<title>Unsere Werte und unser Auftrag - Notariat von La Wantzenau<\/title>\n<meta name=\"description\" content=\"Die Notare von La Wantzenau: Ein fachkundiges, reaktionsschnelles und ma\u00dfgeschneidertes Team f\u00fcr unsere Kunden.\" \/>\n<meta name=\"robots\" content=\"index, follow, max-snippet:-1, max-image-preview:large, max-video-preview:-1\" \/>\n<link rel=\"canonical\" href=\"https:\/\/www.nlw.fr\/de\/buro\/unsere-werte-und-unser-auftrag\/\" \/>\n<meta property=\"og:locale\" content=\"de_DE\" \/>\n<meta property=\"og:type\" content=\"article\" \/>\n<meta property=\"og:title\" content=\"Unsere Werte und unser Auftrag - Notariat von La Wantzenau\" \/>\n<meta property=\"og:description\" content=\"Die Notare von La Wantzenau: Ein fachkundiges, reaktionsschnelles und ma\u00dfgeschneidertes Team f\u00fcr unsere Kunden.\" \/>\n<meta property=\"og:url\" content=\"https:\/\/www.nlw.fr\/de\/buro\/unsere-werte-und-unser-auftrag\/\" \/>\n<meta property=\"og:site_name\" content=\"Notariat von La Wantzenau\" \/>\n<meta property=\"article:modified_time\" content=\"2024-10-18T10:34:54+00:00\" \/>\n<meta property=\"og:image\" content=\"https:\/\/www.nlw.fr\/wp-content\/uploads\/2023\/09\/Equipe-Notaires-Wantzenau.jpg\" \/>\n\t<meta property=\"og:image:width\" content=\"1370\" \/>\n\t<meta property=\"og:image:height\" content=\"880\" \/>\n\t<meta property=\"og:image:type\" content=\"image\/jpeg\" \/>\n<meta name=\"twitter:card\" content=\"summary_large_image\" \/>\n<meta name=\"twitter:label1\" content=\"Gesch\u00e4tzte Lesezeit\" \/>\n\t<meta name=\"twitter:data1\" content=\"3\u00a0Minuten\" \/>\n<script type=\"application\/ld+json\" class=\"yoast-schema-graph\">{\"@context\":\"https:\/\/schema.org\",\"@graph\":[{\"@type\":\"WebPage\",\"@id\":\"https:\/\/www.nlw.fr\/de\/buro\/unsere-werte-und-unser-auftrag\/\",\"url\":\"https:\/\/www.nlw.fr\/de\/buro\/unsere-werte-und-unser-auftrag\/\",\"name\":\"Unsere Werte und unser Auftrag - Notariat von La Wantzenau\",\"isPartOf\":{\"@id\":\"https:\/\/www.nlw.fr\/#website\"},\"primaryImageOfPage\":{\"@id\":\"https:\/\/www.nlw.fr\/de\/buro\/unsere-werte-und-unser-auftrag\/#primaryimage\"},\"image\":{\"@id\":\"https:\/\/www.nlw.fr\/de\/buro\/unsere-werte-und-unser-auftrag\/#primaryimage\"},\"thumbnailUrl\":\"https:\/\/www.nlw.fr\/wp-content\/uploads\/2023\/09\/Equipe-Notaires-Wantzenau-669x430.jpg\",\"datePublished\":\"2022-04-11T15:46:39+00:00\",\"dateModified\":\"2024-10-18T10:34:54+00:00\",\"description\":\"Die Notare von La Wantzenau: Ein fachkundiges, reaktionsschnelles und ma\u00dfgeschneidertes Team f\u00fcr unsere Kunden.\",\"breadcrumb\":{\"@id\":\"https:\/\/www.nlw.fr\/de\/buro\/unsere-werte-und-unser-auftrag\/#breadcrumb\"},\"inLanguage\":\"de\",\"potentialAction\":[{\"@type\":\"ReadAction\",\"target\":[\"https:\/\/www.nlw.fr\/de\/buro\/unsere-werte-und-unser-auftrag\/\"]}]},{\"@type\":\"ImageObject\",\"inLanguage\":\"de\",\"@id\":\"https:\/\/www.nlw.fr\/de\/buro\/unsere-werte-und-unser-auftrag\/#primaryimage\",\"url\":\"https:\/\/www.nlw.fr\/wp-content\/uploads\/2023\/09\/Equipe-Notaires-Wantzenau-669x430.jpg\",\"contentUrl\":\"https:\/\/www.nlw.fr\/wp-content\/uploads\/2023\/09\/Equipe-Notaires-Wantzenau-669x430.jpg\"},{\"@type\":\"BreadcrumbList\",\"@id\":\"https:\/\/www.nlw.fr\/de\/buro\/unsere-werte-und-unser-auftrag\/#breadcrumb\",\"itemListElement\":[{\"@type\":\"ListItem\",\"position\":1,\"name\":\"Accueil\",\"item\":\"https:\/\/www.nlw.fr\/de\/\"},{\"@type\":\"ListItem\",\"position\":2,\"name\":\"\u00dcber uns\",\"item\":\"https:\/\/www.nlw.fr\/de\/buro\/\"},{\"@type\":\"ListItem\",\"position\":3,\"name\":\"Unsere Werte und unser Auftrag\"}]},{\"@type\":\"WebSite\",\"@id\":\"https:\/\/www.nlw.fr\/#website\",\"url\":\"https:\/\/www.nlw.fr\/\",\"name\":\"NLW\",\"description\":\"\",\"potentialAction\":[{\"@type\":\"SearchAction\",\"target\":{\"@type\":\"EntryPoint\",\"urlTemplate\":\"https:\/\/www.nlw.fr\/?s={search_term_string}\"},\"query-input\":{\"@type\":\"PropertyValueSpecification\",\"valueRequired\":true,\"valueName\":\"search_term_string\"}}],\"inLanguage\":\"de\"}]}<\/script>\n<!-- \/ Yoast SEO plugin. -->","yoast_head_json":{"title":"Unsere Werte und unser Auftrag - Notariat von La Wantzenau","description":"Die Notare von La Wantzenau: Ein fachkundiges, reaktionsschnelles und ma\u00dfgeschneidertes Team f\u00fcr unsere Kunden.","robots":{"index":"index","follow":"follow","max-snippet":"max-snippet:-1","max-image-preview":"max-image-preview:large","max-video-preview":"max-video-preview:-1"},"canonical":"https:\/\/www.nlw.fr\/de\/buro\/unsere-werte-und-unser-auftrag\/","og_locale":"de_DE","og_type":"article","og_title":"Unsere Werte und unser Auftrag - Notariat von La Wantzenau","og_description":"Die Notare von La Wantzenau: Ein fachkundiges, reaktionsschnelles und ma\u00dfgeschneidertes Team f\u00fcr unsere Kunden.","og_url":"https:\/\/www.nlw.fr\/de\/buro\/unsere-werte-und-unser-auftrag\/","og_site_name":"Notariat von La Wantzenau","article_modified_time":"2024-10-18T10:34:54+00:00","og_image":[{"width":1370,"height":880,"url":"https:\/\/www.nlw.fr\/wp-content\/uploads\/2023\/09\/Equipe-Notaires-Wantzenau.jpg","type":"image\/jpeg"}],"twitter_card":"summary_large_image","twitter_misc":{"Gesch\u00e4tzte Lesezeit":"3\u00a0Minuten"},"schema":{"@context":"https:\/\/schema.org","@graph":[{"@type":"WebPage","@id":"https:\/\/www.nlw.fr\/de\/buro\/unsere-werte-und-unser-auftrag\/","url":"https:\/\/www.nlw.fr\/de\/buro\/unsere-werte-und-unser-auftrag\/","name":"Unsere Werte und unser Auftrag - Notariat von La Wantzenau","isPartOf":{"@id":"https:\/\/www.nlw.fr\/#website"},"primaryImageOfPage":{"@id":"https:\/\/www.nlw.fr\/de\/buro\/unsere-werte-und-unser-auftrag\/#primaryimage"},"image":{"@id":"https:\/\/www.nlw.fr\/de\/buro\/unsere-werte-und-unser-auftrag\/#primaryimage"},"thumbnailUrl":"https:\/\/www.nlw.fr\/wp-content\/uploads\/2023\/09\/Equipe-Notaires-Wantzenau-669x430.jpg","datePublished":"2022-04-11T15:46:39+00:00","dateModified":"2024-10-18T10:34:54+00:00","description":"Die Notare von La Wantzenau: Ein fachkundiges, reaktionsschnelles und ma\u00dfgeschneidertes Team f\u00fcr unsere Kunden.","breadcrumb":{"@id":"https:\/\/www.nlw.fr\/de\/buro\/unsere-werte-und-unser-auftrag\/#breadcrumb"},"inLanguage":"de","potentialAction":[{"@type":"ReadAction","target":["https:\/\/www.nlw.fr\/de\/buro\/unsere-werte-und-unser-auftrag\/"]}]},{"@type":"ImageObject","inLanguage":"de","@id":"https:\/\/www.nlw.fr\/de\/buro\/unsere-werte-und-unser-auftrag\/#primaryimage","url":"https:\/\/www.nlw.fr\/wp-content\/uploads\/2023\/09\/Equipe-Notaires-Wantzenau-669x430.jpg","contentUrl":"https:\/\/www.nlw.fr\/wp-content\/uploads\/2023\/09\/Equipe-Notaires-Wantzenau-669x430.jpg"},{"@type":"BreadcrumbList","@id":"https:\/\/www.nlw.fr\/de\/buro\/unsere-werte-und-unser-auftrag\/#breadcrumb","itemListElement":[{"@type":"ListItem","position":1,"name":"Accueil","item":"https:\/\/www.nlw.fr\/de\/"},{"@type":"ListItem","position":2,"name":"\u00dcber uns","item":"https:\/\/www.nlw.fr\/de\/buro\/"},{"@type":"ListItem","position":3,"name":"Unsere Werte und unser Auftrag"}]},{"@type":"WebSite","@id":"https:\/\/www.nlw.fr\/#website","url":"https:\/\/www.nlw.fr\/","name":"NLW","description":"","potentialAction":[{"@type":"SearchAction","target":{"@type":"EntryPoint","urlTemplate":"https:\/\/www.nlw.fr\/?s={search_term_string}"},"query-input":{"@type":"PropertyValueSpecification","valueRequired":true,"valueName":"search_term_string"}}],"inLanguage":"de"}]}},"_links":{"self":[{"href":"https:\/\/www.nlw.fr\/de\/wp-json\/wp\/v2\/pages\/5045","targetHints":{"allow":["GET"]}}],"collection":[{"href":"https:\/\/www.nlw.fr\/de\/wp-json\/wp\/v2\/pages"}],"about":[{"href":"https:\/\/www.nlw.fr\/de\/wp-json\/wp\/v2\/types\/page"}],"author":[{"embeddable":true,"href":"https:\/\/www.nlw.fr\/de\/wp-json\/wp\/v2\/users\/7"}],"replies":[{"embeddable":true,"href":"https:\/\/www.nlw.fr\/de\/wp-json\/wp\/v2\/comments?post=5045"}],"version-history":[{"count":2,"href":"https:\/\/www.nlw.fr\/de\/wp-json\/wp\/v2\/pages\/5045\/revisions"}],"predecessor-version":[{"id":5672,"href":"https:\/\/www.nlw.fr\/de\/wp-json\/wp\/v2\/pages\/5045\/revisions\/5672"}],"up":[{"embeddable":true,"href":"https:\/\/www.nlw.fr\/de\/wp-json\/wp\/v2\/pages\/4639"}],"wp:attachment":[{"href":"https:\/\/www.nlw.fr\/de\/wp-json\/wp\/v2\/media?parent=5045"}],"curies":[{"name":"wp","href":"https:\/\/api.w.org\/{rel}","templated":true}]}}