{"id":5054,"date":"2022-04-11T17:44:23","date_gmt":"2022-04-11T15:44:23","guid":{"rendered":"https:\/\/www.nlw.fr\/buro\/notre-histoire\/"},"modified":"2024-10-18T12:27:56","modified_gmt":"2024-10-18T10:27:56","slug":"unsere-geschichte","status":"publish","type":"page","link":"https:\/\/www.nlw.fr\/de\/buro\/unsere-geschichte\/","title":{"rendered":"Unsere Geschichte"},"content":{"rendered":"\n<h2 class=\"wp-block-heading\">Eckdaten der Entstehung unseres Notariats<\/h2>\n\n\n\n<div class=\"wp-block-columns is-layout-flex wp-container-core-columns-is-layout-9d6595d7 wp-block-columns-is-layout-flex\">\n<div class=\"wp-block-column is-vertically-aligned-center is-layout-flow wp-block-column-is-layout-flow\" style=\"flex-basis:66.66%\">\n<h3 class=\"wp-block-heading\"><strong>9. M\u00e4rz 1794: Gr\u00fcndung des Notariats<\/strong><\/h3>\n\n\n\n<p>An diesem Tag wird Ma\u00eetre Jacques SCHAEFFER zum Inhaber der Notarkanzlei ernannt. Bis zum 13.&nbsp;Dezember&nbsp;1942 folgen ihm f\u00fcnfzehn weitere Notare als Amtsinhaber dieser Notarstelle im D\u00e9partement Bas-Rhin.<\/p>\n\n\n\n<h3 class=\"wp-block-heading\"><strong>Von 1942 bis 1952<\/strong><\/h3>\n\n\n\n<p>Nachdem die Notarstelle durch den Justizminister als vakant erkl\u00e4rt worden war, wird Ma\u00eetre&nbsp;<strong>Pierre KRANTZ<\/strong>&nbsp;nach Einreichung seiner Bewerbung am 15.&nbsp;Januar&nbsp;1952 schlie\u00dflich zum Inhaber der Notarkanzlei in La Wantzenau ernannt.<\/p>\n<\/div>\n\n\n\n<div class=\"wp-block-column is-vertically-aligned-center is-layout-flow wp-block-column-is-layout-flow\" style=\"flex-basis:33.33%\"><div class=\"wp-block-image is-style-default\">\n<figure class=\"aligncenter size-full is-resized\"><img loading=\"lazy\" decoding=\"async\" width=\"300\" height=\"300\" src=\"https:\/\/www.nlw.fr\/wp-content\/uploads\/2023\/09\/histoire-nlw-pierre-krantz.png\" alt=\"Ma\u00eetre Pierre KRANTZ\" class=\"wp-image-4386\" style=\"object-fit:cover;width:200px;height:auto\"\/><figcaption class=\"wp-element-caption\">Ma\u00eetre Pierre KRANTZ<\/figcaption><\/figure><\/div><\/div>\n<\/div>\n\n\n\n<div class=\"wp-block-columns is-layout-flex wp-container-core-columns-is-layout-9d6595d7 wp-block-columns-is-layout-flex\">\n<div class=\"wp-block-column is-vertically-aligned-center is-layout-flow wp-block-column-is-layout-flow\" style=\"flex-basis:66.66%\">\n<h3 class=\"wp-block-heading\">28. Juni 1982<\/h3>\n\n\n\n<p>Nach einer achtj\u00e4hrigen Ausbildung in unserem Notariat und dem Erhalt des lokalen Notardiploms, das ihm die Aus\u00fcbung des Notaramts in der Region Elsass-Moselle gestattet, wird Ma\u00eetre<strong>&nbsp;Christian GRIENEISEN<\/strong> Notarpartner von Ma\u00eetrePierre KRANTZ.<\/p>\n<\/div>\n\n\n\n<div class=\"wp-block-column is-vertically-aligned-center is-layout-flow wp-block-column-is-layout-flow\" style=\"flex-basis:33.33%\"><div class=\"wp-block-image\">\n<figure class=\"aligncenter size-full is-resized\"><img loading=\"lazy\" decoding=\"async\" width=\"300\" height=\"300\" src=\"https:\/\/www.nlw.fr\/wp-content\/uploads\/2023\/09\/histoire-nlw-christian-grieneisen.png\" alt=\"\" class=\"wp-image-4625\" style=\"object-fit:cover;width:200px;height:200px\"\/><figcaption class=\"wp-element-caption\">Ma\u00eetre Christian GRIENEISEN<\/figcaption><\/figure><\/div><\/div>\n<\/div>\n\n\n\n<div class=\"wp-block-columns is-layout-flex wp-container-core-columns-is-layout-9d6595d7 wp-block-columns-is-layout-flex\">\n<div class=\"wp-block-column is-vertically-aligned-center is-layout-flow wp-block-column-is-layout-flow\" style=\"flex-basis:66.66%\">\n<h3 class=\"wp-block-heading\">4. Juni 1985<\/h3>\n\n\n\n<p>Das Notariat wird zur zivilen Berufsgesellschaft nach franz\u00f6sischem Recht Soci\u00e9t\u00e9 Civile Professionnelle \u201cPierre KRANTZ, Christian GRIENEISEN et Jean-Pierre KRANTZ\u201d, nachdem&nbsp;Ma\u00eetre&nbsp;<strong>Jean-Pierre KRANTZ<\/strong>&nbsp;ebenfalls die Voraussetzungen zur Aus\u00fcbung des Notaramts erf\u00fcllte.<\/p>\n<\/div>\n\n\n\n<div class=\"wp-block-column is-vertically-aligned-center is-layout-flow wp-block-column-is-layout-flow\" style=\"flex-basis:33.33%\"><div class=\"wp-block-image\">\n<figure class=\"aligncenter size-full is-resized\"><img loading=\"lazy\" decoding=\"async\" width=\"300\" height=\"300\" src=\"https:\/\/www.nlw.fr\/wp-content\/uploads\/2023\/09\/histoire-nlw-jean-pierre-krantz-1.png\" alt=\"Maitre Jean Pierre Krantz\" class=\"wp-image-4389\" style=\"object-fit:cover;width:200px;height:200px\"\/><figcaption class=\"wp-element-caption\">Ma\u00eetre Jean-Pierre KRANTZ<\/figcaption><\/figure><\/div><\/div>\n<\/div>\n\n\n\n<h3 class=\"wp-block-heading\">16. Oktober 1993<\/h3>\n\n\n\n<p>Die Berufsgesellschaft \u201cPierre KRANTZ, Christian GRIENEISEN et Jean-Pierre KRANTZ\u201d wird aufgel\u00f6st, da sich Ma\u00eetre Pierre KRANTZ in den Ruhestand verabschiedet.<\/p>\n\n\n\n<div style=\"height:45px\" aria-hidden=\"true\" class=\"wp-block-spacer\"><\/div>\n\n\n\n<h3 class=\"wp-block-heading\">31. Mai 1994<\/h3>\n\n\n\n<p>Als Ma\u00eetre&nbsp;<strong>Edmond GRESSER<\/strong>, zuvor Notar in Lauterbourg, zum Notarpartner ernannt wird, wird infolgedessen am Amtssitz des Notariats in La Wantzenau eine neue Berufsgesellschaft gegr\u00fcndet.<\/p>\n\n\n\n<div style=\"height:45px\" aria-hidden=\"true\" class=\"wp-block-spacer\"><\/div>\n\n\n\n<div class=\"wp-block-columns is-layout-flex wp-container-core-columns-is-layout-9d6595d7 wp-block-columns-is-layout-flex\">\n<div class=\"wp-block-column is-layout-flow wp-block-column-is-layout-flow\" style=\"flex-basis:33.33%\">\n<figure class=\"wp-block-image size-full is-style-rounded-corner-image\"><img loading=\"lazy\" decoding=\"async\" width=\"400\" height=\"320\" src=\"https:\/\/www.nlw.fr\/wp-content\/uploads\/2023\/09\/Histoire-archives-notaires-de-la-wantzenau.jpg\" alt=\"\" class=\"wp-image-3876\" srcset=\"https:\/\/www.nlw.fr\/wp-content\/uploads\/2023\/09\/Histoire-archives-notaires-de-la-wantzenau.jpg 400w, https:\/\/www.nlw.fr\/wp-content\/uploads\/2023\/09\/Histoire-archives-notaires-de-la-wantzenau-360x288.jpg 360w, https:\/\/www.nlw.fr\/wp-content\/uploads\/2023\/09\/Histoire-archives-notaires-de-la-wantzenau-388x310.jpg 388w\" sizes=\"auto, (max-width: 400px) 100vw, 400px\" \/><\/figure>\n<\/div>\n\n\n\n<div class=\"wp-block-column is-layout-flow wp-block-column-is-layout-flow\" style=\"flex-basis:66.66%\">\n<h3 class=\"wp-block-heading\">4. Dezember 2000<\/h3>\n\n\n\n<p>Ma\u00eetre&nbsp;<strong>St\u00e9phane GLOCK<\/strong>&nbsp;wird nach seiner achtj\u00e4hrigen Ausbildung in unserem Notariat zum Notarpartner der Berufsgesellschaft \u201cChristian GRIENEISEN, Jean-Pierre KRANTZ, Edmond GRESSER et St\u00e9phane GLOCK\u201d, Inhaber des Notariats mit Amtssitz in La Wantzenau.<\/p>\n\n\n\n<h3 class=\"wp-block-heading\">28. August 2012<\/h3>\n\n\n\n<p>Nach Ausscheiden von Ma\u00eetre Jean-Pierre KRANTZ sind Christian GRIENEISEN, Edmond GRESSER und St\u00e9phane GLOCK Inhaber der Berufsgesellschaft.<\/p>\n<\/div>\n<\/div>\n\n\n\n<div style=\"height:45px\" aria-hidden=\"true\" class=\"wp-block-spacer\"><\/div>\n\n\n\n<div class=\"wp-block-columns is-layout-flex wp-container-core-columns-is-layout-9d6595d7 wp-block-columns-is-layout-flex\">\n<div class=\"wp-block-column is-layout-flow wp-block-column-is-layout-flow\">\n<h3 class=\"wp-block-heading\">27. M\u00e4rz 2013<\/h3>\n\n\n\n<p>Ma\u00eetre&nbsp;<strong>Florence&nbsp;KRANTZ-OFFNER<\/strong>&nbsp;wird Notarin des Notariats \u201cChristian GRIENEISEN, Edmond GRESSER et St\u00e9phane GLOCK\u201d und am 12.&nbsp;April&nbsp;2019 schlie\u00dflich zur Notarpartnerin ernannt.<\/p>\n\n\n\n<div style=\"height:45px\" aria-hidden=\"true\" class=\"wp-block-spacer\"><\/div>\n\n\n\n<h3 class=\"wp-block-heading\">14. Februar 2014<\/h3>\n\n\n\n<p>Nach \u00fcber 60 Jahren in einem typisch els\u00e4ssischen Fachwerkhaus in der Rue de la Gare zieht das Notariat um in seine neuen B\u00fcror\u00e4umlichkeiten mit der Anschrift 19&nbsp;route de Strasbourg in 67610 La Wantzenau.<\/p>\n\n\n\n<div class=\"wp-block-columns is-layout-flex wp-container-core-columns-is-layout-9d6595d7 wp-block-columns-is-layout-flex\">\n<div class=\"wp-block-column is-layout-flow wp-block-column-is-layout-flow\">\n<figure class=\"wp-block-image size-large is-style-rounded-corner-image\"><img loading=\"lazy\" decoding=\"async\" width=\"645\" height=\"430\" src=\"https:\/\/www.nlw.fr\/wp-content\/uploads\/2023\/09\/ancienne-etude-notaires-wantzenau-645x430.jpg\" alt=\"ancienne \u00e9tude des Notaires de La Wantzenau\" class=\"wp-image-3854\" srcset=\"https:\/\/www.nlw.fr\/wp-content\/uploads\/2023\/09\/ancienne-etude-notaires-wantzenau-645x430.jpg 645w, https:\/\/www.nlw.fr\/wp-content\/uploads\/2023\/09\/ancienne-etude-notaires-wantzenau-360x240.jpg 360w, https:\/\/www.nlw.fr\/wp-content\/uploads\/2023\/09\/ancienne-etude-notaires-wantzenau-465x310.jpg 465w, https:\/\/www.nlw.fr\/wp-content\/uploads\/2023\/09\/ancienne-etude-notaires-wantzenau.jpg 1200w\" sizes=\"auto, (max-width: 645px) 100vw, 645px\" \/><\/figure>\n\n\n\n<p>Ehemaliger Sitz des Notariats in La Wantzenau<\/p>\n<\/div>\n\n\n\n<div class=\"wp-block-column is-layout-flow wp-block-column-is-layout-flow\">\n<figure class=\"wp-block-image size-large is-style-rounded-corner-image\"><img loading=\"lazy\" decoding=\"async\" width=\"645\" height=\"430\" src=\"https:\/\/www.nlw.fr\/wp-content\/uploads\/2023\/09\/nouveau-batiment-etude-notaires-wantzenau-645x430.jpg\" alt=\"\" class=\"wp-image-3857\" srcset=\"https:\/\/www.nlw.fr\/wp-content\/uploads\/2023\/09\/nouveau-batiment-etude-notaires-wantzenau-645x430.jpg 645w, https:\/\/www.nlw.fr\/wp-content\/uploads\/2023\/09\/nouveau-batiment-etude-notaires-wantzenau-360x240.jpg 360w, https:\/\/www.nlw.fr\/wp-content\/uploads\/2023\/09\/nouveau-batiment-etude-notaires-wantzenau-465x310.jpg 465w, https:\/\/www.nlw.fr\/wp-content\/uploads\/2023\/09\/nouveau-batiment-etude-notaires-wantzenau.jpg 1200w\" sizes=\"auto, (max-width: 645px) 100vw, 645px\" \/><\/figure>\n\n\n\n<p>Neues Geb\u00e4ude des Notariats: 19 route de Strasbourg in La Wantzenau<\/p>\n<\/div>\n<\/div>\n<\/div>\n<\/div>\n\n\n\n<div style=\"height:45px\" aria-hidden=\"true\" class=\"wp-block-spacer\"><\/div>\n\n\n\n<h3 class=\"wp-block-heading\"><strong>6. Juni 2016<\/strong><\/h3>\n\n\n\n<p>Ma\u00eetre&nbsp;<strong>Anne-Sophie&nbsp;LALLIER-BECK<\/strong>&nbsp;wird Notarin des Notariats \u201cChristian GRIENEISEN, Edmond GRESSER et St\u00e9phane GLOCK\u201d und am 14.&nbsp;Januar&nbsp;2021 schlie\u00dflich zur Notarpartnerin ernannt.<\/p>\n\n\n\n<hr class=\"wp-block-separator has-alpha-channel-opacity\"\/>\n\n\n\n<div class=\"wp-block-columns is-layout-flex wp-container-core-columns-is-layout-9d6595d7 wp-block-columns-is-layout-flex\">\n<div class=\"wp-block-column is-vertically-aligned-center is-layout-flow wp-block-column-is-layout-flow\">\n<h3 class=\"wp-block-heading has-text-align-center\"><strong>Das Notariat in La Wantzenau&nbsp;besteht derzeit aus einem Team von \u00fcber 70 Mitarbeiterinnen und Mitarbeitern.<\/strong><\/h3>\n\n\n\n<div style=\"height:50px\" aria-hidden=\"true\" class=\"wp-block-spacer\"><\/div>\n\n\n\n<div class=\"wp-block-buttons is-horizontal is-content-justification-center is-layout-flex wp-container-core-buttons-is-layout-499968f5 wp-block-buttons-is-layout-flex\">\n<div class=\"wp-block-button\"><a class=\"wp-block-button__link wp-element-button\" href=\"https:\/\/www.nlw.fr\/de\/buro\/team\/\">Entdecken Sie unser Team<\/a><\/div>\n<\/div>\n<\/div>\n\n\n\n<div class=\"wp-block-column is-layout-flow wp-block-column-is-layout-flow\"><div class=\"wp-block-image is-style-rounded-corner-image\">\n<figure class=\"aligncenter size-large\"><img loading=\"lazy\" decoding=\"async\" width=\"485\" height=\"430\" src=\"https:\/\/www.nlw.fr\/wp-content\/uploads\/2023\/10\/equipe-nlw-485x430.jpg\" alt=\"\" class=\"wp-image-4953\" srcset=\"https:\/\/www.nlw.fr\/wp-content\/uploads\/2023\/10\/equipe-nlw-485x430.jpg 485w, https:\/\/www.nlw.fr\/wp-content\/uploads\/2023\/10\/equipe-nlw-360x320.jpg 360w, https:\/\/www.nlw.fr\/wp-content\/uploads\/2023\/10\/equipe-nlw-349x310.jpg 349w, https:\/\/www.nlw.fr\/wp-content\/uploads\/2023\/10\/equipe-nlw.jpg 800w\" sizes=\"auto, (max-width: 485px) 100vw, 485px\" \/><\/figure><\/div><\/div>\n<\/div>\n\n\n\n<div style=\"height:100px\" aria-hidden=\"true\" class=\"wp-block-spacer\"><\/div>\n\n\n<section class=\"section-missions home-section container background-lightgray\">\n    <div class=\"home-section__title\">\n    <div class=\"row column\"><h4 style=\"text-align: center;\">unsere Aufgabe<\/h4>\n<h2 style=\"text-align: center;\">Wir unterst\u00fctzen Sie bei Ihren Vorhaben<\/h2>\n<\/div>\n  <\/div>\n      <div class=\"home-section__body\">\n    <div class=\"row large-up-4 medium-up-2 small-up-1 align-middle\">\n            <div class=\"columns mission-item-column\">\n        <div class=\"mission-item\">\n                    <figure class=\"mission-item__image\">\n            <img decoding=\"async\" src=\"https:\/\/www.nlw.fr\/wp-content\/uploads\/2021\/06\/icon-notaire_03.png\" alt=\"\">\n          <\/figure>\n                    <div class=\"mission-item__title\">Authentizit\u00e4t<\/div>\n        <\/div>\n      <\/div>\n            <div class=\"columns mission-item-column\">\n        <div class=\"mission-item\">\n                    <figure class=\"mission-item__image\">\n            <img decoding=\"async\" src=\"https:\/\/www.nlw.fr\/wp-content\/uploads\/2021\/06\/005-lock.svg\" alt=\"\">\n          <\/figure>\n                    <div class=\"mission-item__title\">Verschwiegenheit<\/div>\n        <\/div>\n      <\/div>\n            <div class=\"columns mission-item-column\">\n        <div class=\"mission-item\">\n                    <figure class=\"mission-item__image\">\n            <img decoding=\"async\" src=\"https:\/\/www.nlw.fr\/wp-content\/uploads\/2021\/06\/003-hand-shake.svg\" alt=\"\">\n          <\/figure>\n                    <div class=\"mission-item__title\">Klientenservice<\/div>\n        <\/div>\n      <\/div>\n            <div class=\"columns mission-item-column\">\n        <div class=\"mission-item\">\n                    <figure class=\"mission-item__image\">\n            <img decoding=\"async\" src=\"https:\/\/www.nlw.fr\/wp-content\/uploads\/2021\/06\/010-checked-1.svg\" alt=\"\">\n          <\/figure>\n                    <div class=\"mission-item__title\">Absicherung<\/div>\n        <\/div>\n      <\/div>\n          <\/div>\n  <\/div>\n  <\/section>\n\n\n<div style=\"height:100px\" aria-hidden=\"true\" class=\"wp-block-spacer\"><\/div>\n\n\n<section class=\"section-acces home-section container \">\r\n    <div class=\"home-section__body\">\r\n    <div class=\"row expanded collapse large-up-2 small-up-1\">\r\n            <div class=\"columns acces-item-column\">\r\n        <article class=\"acces-item\">\n  <a href=\"https:\/\/www.nlw.fr\/de\/buro\/team\/\">\n        <figure class=\"acces-item__thumb\">\n      <img decoding=\"async\" src=\"https:\/\/www.nlw.fr\/wp-content\/uploads\/2023\/09\/Notaires-associes-Wantzenau-430x430.jpg\" alt=\"Notaires associes \u00e9tude de La Wantzenau\">\n    <\/figure>\n        <div class=\"acces-item__body\">\n            <div class=\"acces-item__title\">Entdecken<\/div>\n                  <div class=\"acces-item__link\">\n        <span class=\"link-icon link-icon--after link-icon--white\">Unser Team<\/span>\n      <\/div>\n          <\/div>\n  <\/a>\n<\/article>      <\/div>\r\n            <div class=\"columns acces-item-column\">\r\n        <article class=\"acces-item\">\n  <a href=\"https:\/\/www.nlw.fr\/de\/buro\/unsere-werte-und-unser-auftrag\/\">\n        <figure class=\"acces-item__thumb\">\n      <img decoding=\"async\" src=\"https:\/\/www.nlw.fr\/wp-content\/uploads\/2022\/06\/documents-juridique-notaires-wantzenau-1-573x430.jpg\" alt=\"Documents juridiques chez les Notaires de la Wantzenau\">\n    <\/figure>\n        <div class=\"acces-item__body\">\n            <div class=\"acces-item__title\">Entdecken<\/div>\n                  <div class=\"acces-item__link\">\n        <span class=\"link-icon link-icon--after link-icon--white\">Unsere Werte und Aufgaben<\/span>\n      <\/div>\n          <\/div>\n  <\/a>\n<\/article>      <\/div>\r\n          <\/div>\r\n  <\/div>\r\n  <\/section>","protected":false},"excerpt":{"rendered":"<p>Eckdaten der Entstehung unseres Notariats 9. M\u00e4rz 1794: Gr\u00fcndung des Notariats An diesem Tag wird Ma\u00eetre Jacques SCHAEFFER zum Inhaber der Notarkanzlei ernannt. Bis zum 13.&nbsp;Dezember&nbsp;1942 folgen ihm f\u00fcnfzehn weitere Notare als Amtsinhaber dieser Notarstelle im D\u00e9partement Bas-Rhin. Von 1942 bis 1952 Nachdem die Notarstelle durch den Justizminister als vakant erkl\u00e4rt worden war, wird Ma\u00eetre&nbsp;Pierre [&hellip;]<\/p>\n","protected":false},"author":7,"featured_media":0,"parent":4639,"menu_order":47,"comment_status":"closed","ping_status":"closed","template":"","meta":{"_acf_changed":false,"inline_featured_image":false,"footnotes":""},"class_list":["post-5054","page","type-page","status-publish","hentry"],"acf":[],"yoast_head":"<!-- This site is optimized with the Yoast SEO plugin v26.1.1 - https:\/\/yoast.com\/wordpress\/plugins\/seo\/ -->\n<title>Unsere Geschichte - Notariat von La Wantzenau<\/title>\n<meta name=\"description\" content=\"Entdecken Sie die Geschichte des Notariatsb\u00fcros der Notare von La Wantzenau in einigen Daten.\" \/>\n<meta name=\"robots\" content=\"index, follow, max-snippet:-1, max-image-preview:large, max-video-preview:-1\" \/>\n<link rel=\"canonical\" href=\"https:\/\/www.nlw.fr\/de\/buro\/unsere-geschichte\/\" \/>\n<meta property=\"og:locale\" content=\"de_DE\" \/>\n<meta property=\"og:type\" content=\"article\" \/>\n<meta property=\"og:title\" content=\"Unsere Geschichte - Notariat von La Wantzenau\" \/>\n<meta property=\"og:description\" content=\"Entdecken Sie die Geschichte des Notariatsb\u00fcros der Notare von La Wantzenau in einigen Daten.\" \/>\n<meta property=\"og:url\" content=\"https:\/\/www.nlw.fr\/de\/buro\/unsere-geschichte\/\" \/>\n<meta property=\"og:site_name\" content=\"Notariat von La Wantzenau\" \/>\n<meta property=\"article:modified_time\" content=\"2024-10-18T10:27:56+00:00\" \/>\n<meta property=\"og:image\" content=\"https:\/\/www.nlw.fr\/wp-content\/uploads\/2023\/09\/histoire-nlw-pierre-krantz.png\" \/>\n\t<meta property=\"og:image:width\" content=\"300\" \/>\n\t<meta property=\"og:image:height\" content=\"300\" \/>\n\t<meta property=\"og:image:type\" content=\"image\/png\" \/>\n<meta name=\"twitter:card\" content=\"summary_large_image\" \/>\n<meta name=\"twitter:label1\" content=\"Gesch\u00e4tzte Lesezeit\" \/>\n\t<meta name=\"twitter:data1\" content=\"4\u00a0Minuten\" \/>\n<script type=\"application\/ld+json\" class=\"yoast-schema-graph\">{\"@context\":\"https:\/\/schema.org\",\"@graph\":[{\"@type\":\"WebPage\",\"@id\":\"https:\/\/www.nlw.fr\/de\/buro\/unsere-geschichte\/\",\"url\":\"https:\/\/www.nlw.fr\/de\/buro\/unsere-geschichte\/\",\"name\":\"Unsere Geschichte - Notariat von La Wantzenau\",\"isPartOf\":{\"@id\":\"https:\/\/www.nlw.fr\/#website\"},\"primaryImageOfPage\":{\"@id\":\"https:\/\/www.nlw.fr\/de\/buro\/unsere-geschichte\/#primaryimage\"},\"image\":{\"@id\":\"https:\/\/www.nlw.fr\/de\/buro\/unsere-geschichte\/#primaryimage\"},\"thumbnailUrl\":\"https:\/\/www.nlw.fr\/wp-content\/uploads\/2023\/09\/histoire-nlw-pierre-krantz.png\",\"datePublished\":\"2022-04-11T15:44:23+00:00\",\"dateModified\":\"2024-10-18T10:27:56+00:00\",\"description\":\"Entdecken Sie die Geschichte des Notariatsb\u00fcros der Notare von La Wantzenau in einigen Daten.\",\"breadcrumb\":{\"@id\":\"https:\/\/www.nlw.fr\/de\/buro\/unsere-geschichte\/#breadcrumb\"},\"inLanguage\":\"de\",\"potentialAction\":[{\"@type\":\"ReadAction\",\"target\":[\"https:\/\/www.nlw.fr\/de\/buro\/unsere-geschichte\/\"]}]},{\"@type\":\"ImageObject\",\"inLanguage\":\"de\",\"@id\":\"https:\/\/www.nlw.fr\/de\/buro\/unsere-geschichte\/#primaryimage\",\"url\":\"https:\/\/www.nlw.fr\/wp-content\/uploads\/2023\/09\/histoire-nlw-pierre-krantz.png\",\"contentUrl\":\"https:\/\/www.nlw.fr\/wp-content\/uploads\/2023\/09\/histoire-nlw-pierre-krantz.png\"},{\"@type\":\"BreadcrumbList\",\"@id\":\"https:\/\/www.nlw.fr\/de\/buro\/unsere-geschichte\/#breadcrumb\",\"itemListElement\":[{\"@type\":\"ListItem\",\"position\":1,\"name\":\"Accueil\",\"item\":\"https:\/\/www.nlw.fr\/de\/\"},{\"@type\":\"ListItem\",\"position\":2,\"name\":\"\u00dcber uns\",\"item\":\"https:\/\/www.nlw.fr\/de\/buro\/\"},{\"@type\":\"ListItem\",\"position\":3,\"name\":\"Unsere Geschichte\"}]},{\"@type\":\"WebSite\",\"@id\":\"https:\/\/www.nlw.fr\/#website\",\"url\":\"https:\/\/www.nlw.fr\/\",\"name\":\"NLW\",\"description\":\"\",\"potentialAction\":[{\"@type\":\"SearchAction\",\"target\":{\"@type\":\"EntryPoint\",\"urlTemplate\":\"https:\/\/www.nlw.fr\/?s={search_term_string}\"},\"query-input\":{\"@type\":\"PropertyValueSpecification\",\"valueRequired\":true,\"valueName\":\"search_term_string\"}}],\"inLanguage\":\"de\"}]}<\/script>\n<!-- \/ Yoast SEO plugin. -->","yoast_head_json":{"title":"Unsere Geschichte - Notariat von La Wantzenau","description":"Entdecken Sie die Geschichte des Notariatsb\u00fcros der Notare von La Wantzenau in einigen Daten.","robots":{"index":"index","follow":"follow","max-snippet":"max-snippet:-1","max-image-preview":"max-image-preview:large","max-video-preview":"max-video-preview:-1"},"canonical":"https:\/\/www.nlw.fr\/de\/buro\/unsere-geschichte\/","og_locale":"de_DE","og_type":"article","og_title":"Unsere Geschichte - Notariat von La Wantzenau","og_description":"Entdecken Sie die Geschichte des Notariatsb\u00fcros der Notare von La Wantzenau in einigen Daten.","og_url":"https:\/\/www.nlw.fr\/de\/buro\/unsere-geschichte\/","og_site_name":"Notariat von La Wantzenau","article_modified_time":"2024-10-18T10:27:56+00:00","og_image":[{"width":300,"height":300,"url":"https:\/\/www.nlw.fr\/wp-content\/uploads\/2023\/09\/histoire-nlw-pierre-krantz.png","type":"image\/png"}],"twitter_card":"summary_large_image","twitter_misc":{"Gesch\u00e4tzte Lesezeit":"4\u00a0Minuten"},"schema":{"@context":"https:\/\/schema.org","@graph":[{"@type":"WebPage","@id":"https:\/\/www.nlw.fr\/de\/buro\/unsere-geschichte\/","url":"https:\/\/www.nlw.fr\/de\/buro\/unsere-geschichte\/","name":"Unsere Geschichte - Notariat von La Wantzenau","isPartOf":{"@id":"https:\/\/www.nlw.fr\/#website"},"primaryImageOfPage":{"@id":"https:\/\/www.nlw.fr\/de\/buro\/unsere-geschichte\/#primaryimage"},"image":{"@id":"https:\/\/www.nlw.fr\/de\/buro\/unsere-geschichte\/#primaryimage"},"thumbnailUrl":"https:\/\/www.nlw.fr\/wp-content\/uploads\/2023\/09\/histoire-nlw-pierre-krantz.png","datePublished":"2022-04-11T15:44:23+00:00","dateModified":"2024-10-18T10:27:56+00:00","description":"Entdecken Sie die Geschichte des Notariatsb\u00fcros der Notare von La Wantzenau in einigen Daten.","breadcrumb":{"@id":"https:\/\/www.nlw.fr\/de\/buro\/unsere-geschichte\/#breadcrumb"},"inLanguage":"de","potentialAction":[{"@type":"ReadAction","target":["https:\/\/www.nlw.fr\/de\/buro\/unsere-geschichte\/"]}]},{"@type":"ImageObject","inLanguage":"de","@id":"https:\/\/www.nlw.fr\/de\/buro\/unsere-geschichte\/#primaryimage","url":"https:\/\/www.nlw.fr\/wp-content\/uploads\/2023\/09\/histoire-nlw-pierre-krantz.png","contentUrl":"https:\/\/www.nlw.fr\/wp-content\/uploads\/2023\/09\/histoire-nlw-pierre-krantz.png"},{"@type":"BreadcrumbList","@id":"https:\/\/www.nlw.fr\/de\/buro\/unsere-geschichte\/#breadcrumb","itemListElement":[{"@type":"ListItem","position":1,"name":"Accueil","item":"https:\/\/www.nlw.fr\/de\/"},{"@type":"ListItem","position":2,"name":"\u00dcber uns","item":"https:\/\/www.nlw.fr\/de\/buro\/"},{"@type":"ListItem","position":3,"name":"Unsere Geschichte"}]},{"@type":"WebSite","@id":"https:\/\/www.nlw.fr\/#website","url":"https:\/\/www.nlw.fr\/","name":"NLW","description":"","potentialAction":[{"@type":"SearchAction","target":{"@type":"EntryPoint","urlTemplate":"https:\/\/www.nlw.fr\/?s={search_term_string}"},"query-input":{"@type":"PropertyValueSpecification","valueRequired":true,"valueName":"search_term_string"}}],"inLanguage":"de"}]}},"_links":{"self":[{"href":"https:\/\/www.nlw.fr\/de\/wp-json\/wp\/v2\/pages\/5054","targetHints":{"allow":["GET"]}}],"collection":[{"href":"https:\/\/www.nlw.fr\/de\/wp-json\/wp\/v2\/pages"}],"about":[{"href":"https:\/\/www.nlw.fr\/de\/wp-json\/wp\/v2\/types\/page"}],"author":[{"embeddable":true,"href":"https:\/\/www.nlw.fr\/de\/wp-json\/wp\/v2\/users\/7"}],"replies":[{"embeddable":true,"href":"https:\/\/www.nlw.fr\/de\/wp-json\/wp\/v2\/comments?post=5054"}],"version-history":[{"count":3,"href":"https:\/\/www.nlw.fr\/de\/wp-json\/wp\/v2\/pages\/5054\/revisions"}],"predecessor-version":[{"id":5703,"href":"https:\/\/www.nlw.fr\/de\/wp-json\/wp\/v2\/pages\/5054\/revisions\/5703"}],"up":[{"embeddable":true,"href":"https:\/\/www.nlw.fr\/de\/wp-json\/wp\/v2\/pages\/4639"}],"wp:attachment":[{"href":"https:\/\/www.nlw.fr\/de\/wp-json\/wp\/v2\/media?parent=5054"}],"curies":[{"name":"wp","href":"https:\/\/api.w.org\/{rel}","templated":true}]}}