{"id":5145,"date":"2024-01-09T12:39:06","date_gmt":"2024-01-09T11:39:06","guid":{"rendered":"https:\/\/www.nlw.fr\/?page_id=5145"},"modified":"2024-10-18T12:40:13","modified_gmt":"2024-10-18T10:40:13","slug":"initiativbewerbung","status":"publish","type":"page","link":"https:\/\/www.nlw.fr\/de\/karriere\/initiativbewerbung\/","title":{"rendered":"Initiativbewerbung"},"content":{"rendered":"\n<div class=\"wp-block-contact-form-7-contact-form-selector\">\n<div class=\"wpcf7 no-js\" id=\"wpcf7-f4798-o1\" lang=\"de-DE\" dir=\"ltr\" data-wpcf7-id=\"4798\">\n<div class=\"screen-reader-response\"><p role=\"status\" aria-live=\"polite\" aria-atomic=\"true\"><\/p> <ul><\/ul><\/div>\n<form action=\"\/de\/wp-json\/wp\/v2\/pages\/5145#wpcf7-f4798-o1\" method=\"post\" class=\"wpcf7-form init\" aria-label=\"Contact form\" enctype=\"multipart\/form-data\" novalidate=\"novalidate\" data-status=\"init\">\n<fieldset class=\"hidden-fields-container\"><input type=\"hidden\" name=\"_wpcf7\" value=\"4798\" \/><input type=\"hidden\" name=\"_wpcf7_version\" value=\"6.1.2\" \/><input type=\"hidden\" name=\"_wpcf7_locale\" value=\"de_DE\" \/><input type=\"hidden\" name=\"_wpcf7_unit_tag\" value=\"wpcf7-f4798-o1\" \/><input type=\"hidden\" name=\"_wpcf7_container_post\" value=\"0\" \/><input type=\"hidden\" name=\"_wpcf7_posted_data_hash\" value=\"\" \/><input type=\"hidden\" name=\"_wpcf7_recaptcha_response\" value=\"\" \/>\n<\/fieldset>\n<div class=\"wpcf7-response-output\" aria-hidden=\"true\"><\/div>\n<div class=\"row\">\n  <div class=\"columns medium-6 small-12\">\n    <div class=\"section-contact__line\">\n      <label for=\"contact-name\">Name \/ Vorname *<\/label>\n      <input size=\"40\" maxlength=\"400\" class=\"wpcf7-form-control wpcf7-text wpcf7-validates-as-required\" id=\"contact-name\" aria-required=\"true\" aria-invalid=\"false\" value=\"\" type=\"text\" name=\"contact-name\" \/>\n    <\/div>\n  <\/div>\n  <div class=\"columns medium-6 small-12\">\n    <div class=\"section-contact__line\">\n      <label for=\"contact-email\">E-Mail-Adresse *<\/label>\n      <input size=\"40\" maxlength=\"400\" class=\"wpcf7-form-control wpcf7-email wpcf7-validates-as-required wpcf7-text wpcf7-validates-as-email\" id=\"contact-email\" aria-required=\"true\" aria-invalid=\"false\" value=\"\" type=\"email\" name=\"contact-email\" \/>\n    <\/div>\n  <\/div>\n<\/div>\n<div class=\"row\">\n  <div class=\"columns small-12\">\n    <div class=\"section-contact__line\">\n      <label for=\"contact-subject\">Thema *<\/label>\n      <input size=\"40\" maxlength=\"400\" class=\"wpcf7-form-control wpcf7-text wpcf7-validates-as-required\" id=\"contact-subject\" aria-required=\"true\" aria-invalid=\"false\" value=\"\" type=\"text\" name=\"contact-subject\" \/>\n    <\/div>\n  <\/div>\n<\/div>\n<div class=\"row\">\n  <div class=\"columns small-12\">\n    <div class=\"section-contact__line\">\n      <label for=\"contact-message\">Nachricht *<\/label>\n      <textarea cols=\"40\" rows=\"10\" maxlength=\"2000\" class=\"wpcf7-form-control wpcf7-textarea wpcf7-validates-as-required\" id=\"contact-message\" aria-required=\"true\" aria-invalid=\"false\" name=\"contact-message\"><\/textarea>\n    <\/div>\n  <\/div>\n<\/div>\n<div class=\"row\">\n  <div class=\"columns small-12\">\n    <div class=\"section-contact__line\">\n      <label for=\"file-828\">Dateien (pdf, jpg, png - Max 200 MB)<\/label>\n     \n<input size=\"40\" class=\"wpcf7-form-control wpcf7-file\" id=\"file-828\" accept=\".pdf,.jpg,.jpeg,.png\" aria-invalid=\"false\" type=\"file\" name=\"file-828\" \/>\n    <\/div>\n  <\/div>\n<\/div>\n\n\n<div class=\"row\">\n  <div class=\"columns small-12 text-center\">\n    <button class=\"button\">Senden<\/button>\n  <\/div>\n<\/div><p style=\"display: none !important;\" class=\"akismet-fields-container\" data-prefix=\"_wpcf7_ak_\"><label>&#916;<textarea name=\"_wpcf7_ak_hp_textarea\" cols=\"45\" rows=\"8\" maxlength=\"100\"><\/textarea><\/label><input type=\"hidden\" id=\"ak_js_1\" name=\"_wpcf7_ak_js\" value=\"87\"\/><script>document.getElementById( \"ak_js_1\" ).setAttribute( \"value\", ( new Date() ).getTime() );<\/script><\/p>\n<\/form>\n<\/div>\n<\/div>\n\n\n\n<p>Im Rahmen seiner notariellen T\u00e4tigkeit mit Klienten und Beh\u00f6rden muss das Notariat La Wantzenau bestimmte Daten speichern.<br>Die Empf\u00e4nger der Daten sind: das Sekretariat des Notariats sowie die f\u00fcr die Beantwortung der Fragen zust\u00e4ndigen Personen.<br>Gem\u00e4\u00df dem Gesetz Nr. 78-17 vom 6. Januar 1978 \u00fcber Informatik, Dateien und Freiheitsrechte k\u00f6nnen Sie Ihr Recht auf Zugang, Widerspruch und Berichtigung der Sie betreffenden Daten bei dem vom Notariat ernannten Beauftragten f\u00fcr Informatik und Datenschutzrechte geltend machen:&nbsp;<a href=\"mailto:cil@notaires.fr\">cil@notaires.fr<\/a>.<\/p>\n\n\n\n<p><br>Die mit einem Sternchen markierten Felder m\u00fcssen ausgef\u00fcllt werden, damit Ihre Anfrage g\u00fcltig ist. Die \u00fcbrigen Felder sind nicht obligatorisch und dienen lediglich dazu, Ihre Anfrage zu pr\u00e4zisieren und Sie besser kennenzulernen.<\/p>\n\n\n\n<hr class=\"wp-block-separator has-css-opacity\"\/>\n\n\n\n<h2 class=\"wp-block-heading\">Entdecken Sie das Notariat<\/h2>\n\n\n<section class=\"section-acces home-section container \">\r\n    <div class=\"home-section__body\">\r\n    <div class=\"row expanded collapse large-up-2 small-up-1\">\r\n            <div class=\"columns acces-item-column\">\r\n        <article class=\"acces-item\">\n  <a href=\"https:\/\/www.nlw.fr\/de\/buro\/unsere-geschichte\/\">\n        <figure class=\"acces-item__thumb\">\n      <img decoding=\"async\" src=\"https:\/\/www.nlw.fr\/wp-content\/uploads\/2022\/04\/histoire-notaires-wantzeanu-644x430.jpg\" alt=\"L'histoire de l'office notarial de la Wantzenau\">\n    <\/figure>\n        <div class=\"acces-item__body\">\n            <div class=\"acces-item__title\">Entdecke unsere Geschichte<\/div>\n                  <div class=\"acces-item__link\">\n        <span class=\"link-icon link-icon--after link-icon--white\">Unsere Geschichte<\/span>\n      <\/div>\n          <\/div>\n  <\/a>\n<\/article>      <\/div>\r\n            <div class=\"columns acces-item-column\">\r\n        <article class=\"acces-item\">\n  <a href=\"https:\/\/www.nlw.fr\/letude\/notre-equipe\/\">\n        <figure class=\"acces-item__thumb\">\n      <img decoding=\"async\" src=\"https:\/\/www.nlw.fr\/wp-content\/uploads\/2022\/04\/equipe-complete-765x311.jpg\" alt=\"L'\u00e9quipe des Notaires de la Wantzenau\">\n    <\/figure>\n        <div class=\"acces-item__body\">\n            <div class=\"acces-item__title\">Entdecke unser Team<\/div>\n                  <div class=\"acces-item__link\">\n        <span class=\"link-icon link-icon--after link-icon--white\">Unsere Team<\/span>\n      <\/div>\n          <\/div>\n  <\/a>\n<\/article>      <\/div>\r\n          <\/div>\r\n  <\/div>\r\n  <\/section>","protected":false},"excerpt":{"rendered":"<p>Im Rahmen seiner notariellen T\u00e4tigkeit mit Klienten und Beh\u00f6rden muss das Notariat La Wantzenau bestimmte Daten speichern.Die Empf\u00e4nger der Daten sind: das Sekretariat des Notariats sowie die f\u00fcr die Beantwortung der Fragen zust\u00e4ndigen Personen.Gem\u00e4\u00df dem Gesetz Nr. 78-17 vom 6. Januar 1978 \u00fcber Informatik, Dateien und Freiheitsrechte k\u00f6nnen Sie Ihr Recht auf Zugang, Widerspruch und [&hellip;]<\/p>\n","protected":false},"author":5,"featured_media":0,"parent":4860,"menu_order":6,"comment_status":"closed","ping_status":"closed","template":"","meta":{"_acf_changed":false,"inline_featured_image":false,"footnotes":""},"class_list":["post-5145","page","type-page","status-publish","hentry"],"acf":[],"yoast_head":"<!-- This site is optimized with the Yoast SEO plugin v26.1.1 - https:\/\/yoast.com\/wordpress\/plugins\/seo\/ -->\n<title>Initiativbewerbung - Notariat von La Wantzenau<\/title>\n<meta name=\"description\" content=\"Senden Sie Ihre Initiativbewerbung an die Notare von La Wantzenau. Reichen Sie Lebenslauf und Bewerbungsschreiben ein, um Teil unseres Notariatsteams zu werden.\" \/>\n<meta name=\"robots\" content=\"index, follow, max-snippet:-1, max-image-preview:large, max-video-preview:-1\" \/>\n<link rel=\"canonical\" href=\"https:\/\/www.nlw.fr\/de\/karriere\/initiativbewerbung\/\" \/>\n<meta property=\"og:locale\" content=\"de_DE\" \/>\n<meta property=\"og:type\" content=\"article\" \/>\n<meta property=\"og:title\" content=\"Initiativbewerbung - Notariat von La Wantzenau\" \/>\n<meta property=\"og:description\" content=\"Senden Sie Ihre Initiativbewerbung an die Notare von La Wantzenau. Reichen Sie Lebenslauf und Bewerbungsschreiben ein, um Teil unseres Notariatsteams zu werden.\" \/>\n<meta property=\"og:url\" content=\"https:\/\/www.nlw.fr\/de\/karriere\/initiativbewerbung\/\" \/>\n<meta property=\"og:site_name\" content=\"Notariat von La Wantzenau\" \/>\n<meta property=\"article:modified_time\" content=\"2024-10-18T10:40:13+00:00\" \/>\n<meta name=\"twitter:card\" content=\"summary_large_image\" \/>\n<meta name=\"twitter:label1\" content=\"Gesch\u00e4tzte Lesezeit\" \/>\n\t<meta name=\"twitter:data1\" content=\"1\u00a0Minute\" \/>\n<script type=\"application\/ld+json\" class=\"yoast-schema-graph\">{\"@context\":\"https:\/\/schema.org\",\"@graph\":[{\"@type\":\"WebPage\",\"@id\":\"https:\/\/www.nlw.fr\/de\/karriere\/initiativbewerbung\/\",\"url\":\"https:\/\/www.nlw.fr\/de\/karriere\/initiativbewerbung\/\",\"name\":\"Initiativbewerbung - Notariat von La Wantzenau\",\"isPartOf\":{\"@id\":\"https:\/\/www.nlw.fr\/#website\"},\"datePublished\":\"2024-01-09T11:39:06+00:00\",\"dateModified\":\"2024-10-18T10:40:13+00:00\",\"description\":\"Senden Sie Ihre Initiativbewerbung an die Notare von La Wantzenau. Reichen Sie Lebenslauf und Bewerbungsschreiben ein, um Teil unseres Notariatsteams zu werden.\",\"breadcrumb\":{\"@id\":\"https:\/\/www.nlw.fr\/de\/karriere\/initiativbewerbung\/#breadcrumb\"},\"inLanguage\":\"de\",\"potentialAction\":[{\"@type\":\"ReadAction\",\"target\":[\"https:\/\/www.nlw.fr\/de\/karriere\/initiativbewerbung\/\"]}]},{\"@type\":\"BreadcrumbList\",\"@id\":\"https:\/\/www.nlw.fr\/de\/karriere\/initiativbewerbung\/#breadcrumb\",\"itemListElement\":[{\"@type\":\"ListItem\",\"position\":1,\"name\":\"Accueil\",\"item\":\"https:\/\/www.nlw.fr\/de\/\"},{\"@type\":\"ListItem\",\"position\":2,\"name\":\"Karriere\",\"item\":\"https:\/\/www.nlw.fr\/de\/karriere\/\"},{\"@type\":\"ListItem\",\"position\":3,\"name\":\"Initiativbewerbung\"}]},{\"@type\":\"WebSite\",\"@id\":\"https:\/\/www.nlw.fr\/#website\",\"url\":\"https:\/\/www.nlw.fr\/\",\"name\":\"NLW\",\"description\":\"\",\"potentialAction\":[{\"@type\":\"SearchAction\",\"target\":{\"@type\":\"EntryPoint\",\"urlTemplate\":\"https:\/\/www.nlw.fr\/?s={search_term_string}\"},\"query-input\":{\"@type\":\"PropertyValueSpecification\",\"valueRequired\":true,\"valueName\":\"search_term_string\"}}],\"inLanguage\":\"de\"}]}<\/script>\n<!-- \/ Yoast SEO plugin. -->","yoast_head_json":{"title":"Initiativbewerbung - Notariat von La Wantzenau","description":"Senden Sie Ihre Initiativbewerbung an die Notare von La Wantzenau. Reichen Sie Lebenslauf und Bewerbungsschreiben ein, um Teil unseres Notariatsteams zu werden.","robots":{"index":"index","follow":"follow","max-snippet":"max-snippet:-1","max-image-preview":"max-image-preview:large","max-video-preview":"max-video-preview:-1"},"canonical":"https:\/\/www.nlw.fr\/de\/karriere\/initiativbewerbung\/","og_locale":"de_DE","og_type":"article","og_title":"Initiativbewerbung - Notariat von La Wantzenau","og_description":"Senden Sie Ihre Initiativbewerbung an die Notare von La Wantzenau. Reichen Sie Lebenslauf und Bewerbungsschreiben ein, um Teil unseres Notariatsteams zu werden.","og_url":"https:\/\/www.nlw.fr\/de\/karriere\/initiativbewerbung\/","og_site_name":"Notariat von La Wantzenau","article_modified_time":"2024-10-18T10:40:13+00:00","twitter_card":"summary_large_image","twitter_misc":{"Gesch\u00e4tzte Lesezeit":"1\u00a0Minute"},"schema":{"@context":"https:\/\/schema.org","@graph":[{"@type":"WebPage","@id":"https:\/\/www.nlw.fr\/de\/karriere\/initiativbewerbung\/","url":"https:\/\/www.nlw.fr\/de\/karriere\/initiativbewerbung\/","name":"Initiativbewerbung - Notariat von La Wantzenau","isPartOf":{"@id":"https:\/\/www.nlw.fr\/#website"},"datePublished":"2024-01-09T11:39:06+00:00","dateModified":"2024-10-18T10:40:13+00:00","description":"Senden Sie Ihre Initiativbewerbung an die Notare von La Wantzenau. Reichen Sie Lebenslauf und Bewerbungsschreiben ein, um Teil unseres Notariatsteams zu werden.","breadcrumb":{"@id":"https:\/\/www.nlw.fr\/de\/karriere\/initiativbewerbung\/#breadcrumb"},"inLanguage":"de","potentialAction":[{"@type":"ReadAction","target":["https:\/\/www.nlw.fr\/de\/karriere\/initiativbewerbung\/"]}]},{"@type":"BreadcrumbList","@id":"https:\/\/www.nlw.fr\/de\/karriere\/initiativbewerbung\/#breadcrumb","itemListElement":[{"@type":"ListItem","position":1,"name":"Accueil","item":"https:\/\/www.nlw.fr\/de\/"},{"@type":"ListItem","position":2,"name":"Karriere","item":"https:\/\/www.nlw.fr\/de\/karriere\/"},{"@type":"ListItem","position":3,"name":"Initiativbewerbung"}]},{"@type":"WebSite","@id":"https:\/\/www.nlw.fr\/#website","url":"https:\/\/www.nlw.fr\/","name":"NLW","description":"","potentialAction":[{"@type":"SearchAction","target":{"@type":"EntryPoint","urlTemplate":"https:\/\/www.nlw.fr\/?s={search_term_string}"},"query-input":{"@type":"PropertyValueSpecification","valueRequired":true,"valueName":"search_term_string"}}],"inLanguage":"de"}]}},"_links":{"self":[{"href":"https:\/\/www.nlw.fr\/de\/wp-json\/wp\/v2\/pages\/5145","targetHints":{"allow":["GET"]}}],"collection":[{"href":"https:\/\/www.nlw.fr\/de\/wp-json\/wp\/v2\/pages"}],"about":[{"href":"https:\/\/www.nlw.fr\/de\/wp-json\/wp\/v2\/types\/page"}],"author":[{"embeddable":true,"href":"https:\/\/www.nlw.fr\/de\/wp-json\/wp\/v2\/users\/5"}],"replies":[{"embeddable":true,"href":"https:\/\/www.nlw.fr\/de\/wp-json\/wp\/v2\/comments?post=5145"}],"version-history":[{"count":1,"href":"https:\/\/www.nlw.fr\/de\/wp-json\/wp\/v2\/pages\/5145\/revisions"}],"predecessor-version":[{"id":5548,"href":"https:\/\/www.nlw.fr\/de\/wp-json\/wp\/v2\/pages\/5145\/revisions\/5548"}],"up":[{"embeddable":true,"href":"https:\/\/www.nlw.fr\/de\/wp-json\/wp\/v2\/pages\/4860"}],"wp:attachment":[{"href":"https:\/\/www.nlw.fr\/de\/wp-json\/wp\/v2\/media?parent=5145"}],"curies":[{"name":"wp","href":"https:\/\/api.w.org\/{rel}","templated":true}]}}