{"id":5389,"date":"2024-01-10T16:41:17","date_gmt":"2024-01-10T15:41:17","guid":{"rendered":"https:\/\/www.nlw.fr\/?page_id=5389"},"modified":"2024-10-18T12:39:53","modified_gmt":"2024-10-18T10:39:53","slug":"datenschutzrichtlinien","status":"publish","type":"page","link":"https:\/\/www.nlw.fr\/de\/datenschutzrichtlinien\/","title":{"rendered":"Datenschutzrichtlinien"},"content":{"rendered":"\n<p>Vielen Dank, dass Sie unsere Websites und Dienste nutzen! Wie Sie glauben auch wir, dass pers\u00f6nliche Integrit\u00e4t wichtig ist, und nehmen Ihre Privatsph\u00e4re ernst. Diese Datenschutzrichtlinie ist f\u00fcr jede nat\u00fcrliche Person relevant, die ihre pers\u00f6nlichen Daten direkt oder indirekt mit den Notaires de La Wantzenau teilt, indem sie unsere Webseiten besucht oder unsere Dienste nutzt, wie z. B. die Webseite <a href=\"https:\/\/www.nlw.fr\/de\/\">https:\/\/www.nlw.fr\/<\/a><\/p>\n\n\n\n<p>Unser Hauptsitz befindet sich in LA Wantzenau (67610). Bitte z\u00f6gern Sie nicht, uns Ihre Fragen oder Bedenken bez\u00fcglich des Datenschutzes mitzuteilen, und zwar unter folgender Adresse: <a href=\"mailto:notaires.wantzenau@notaires.fr\" target=\"_blank\" rel=\"noreferrer noopener\">notaires.wantzenau@notaires.fr<\/a><\/p>\n\n\n\n<p>In dieser Datenschutzrichtlinie erl\u00e4utern wir, welche Arten von personenbezogenen Daten wir zu welchem Zweck verarbeiten k\u00f6nnen. Wir erl\u00e4utern auch, welche Wahlm\u00f6glichkeiten Sie in Bezug auf unsere Verarbeitung haben und wie Sie mehr \u00fcber unsere Verarbeitung und Ihre Rechte erfahren k\u00f6nnen.<\/p>\n\n\n\n<h3 class=\"wp-block-heading\">GELTUNGSBEREICH DER DATENSCHUTZRICHTLINIE<\/h3>\n\n\n\n<p>Bitte beachten Sie, dass diese Datenschutzrichtlinie die Verarbeitung personenbezogener Daten betrifft, f\u00fcr die das Notaramt La Wantzenau der Verantwortliche f\u00fcr die Verarbeitung ist, d.h. in F\u00e4llen, in denen das Notaramt La Wantzenau \u00fcber die Zwecke und Mittel der Verarbeitung entschieden hat.<\/p>\n\n\n\n<p>Um Zweideutigkeiten zu vermeiden, bezieht sich diese Datenschutzrichtlinie nicht auf die Verarbeitung personenbezogener Daten, die Notaires de La Wantzenau als Unterauftragnehmer vornehmen kann, die sich aus Ihrer Nutzung unserer Dienste ergibt.<\/p>\n\n\n\n<p>Um weitere Informationen dar\u00fcber zu erhalten, wie unsere Dienste verwendet werden k\u00f6nnen, um Ihre Verarbeitung personenbezogener Daten zu erleichtern und\/oder \u00fcber die Verantwortlichkeiten und Verpflichtungen der Notaires de La Wantzenau in Bezug darauf, lesen Sie bitte die anwendbaren Bedingungen.<\/p>\n\n\n\n<h3 class=\"wp-block-heading\">VERARBEITETE PERS\u00d6NLICHE DATEN<\/h3>\n\n\n\n<p>Personenbezogene Daten bezeichnen Daten, die Sie als nat\u00fcrliche Person identifizieren. Wir k\u00f6nnen die folgenden Arten von personenbezogenen Daten \u00fcber Sie verarbeiten:<\/p>\n\n\n\n<ul class=\"wp-block-list\">\n<li>Ihre Kontaktdaten einschlie\u00dflich Ihres Vor- und Nachnamens, der E-Mail-Adresse und der Telefonnummer.<\/li>\n\n\n\n<li>Die Nachrichten, die bei Anfragen per Formular geteilt werden.<\/li>\n\n\n\n<li>Benutzerinformationen, z. B. wenn Sie sich bei unserem Dienst anmelden oder unsere Webseiten besuchen. Diese Informationen k\u00f6nnen die IP-Nummer, den Ger\u00e4tetyp und den Browser, die Zeitzone, den geografischen Standort sowie Ihre Interessen und Vorlieben umfassen. Informationen dar\u00fcber, wie Sie mit unseren Diensten interagieren, z. B. welche Funktionen Sie nutzen und welche Schaltfl\u00e4chen Sie anklicken.<\/li>\n\n\n\n<li>Informationen, die in den PDF-Dokumenten auf dieser Website enthalten sind, beziehen sich auf Ihre Akte in unserer Kanzlei.<\/li>\n<\/ul>\n\n\n\n<h3 class=\"wp-block-heading\">BEHANDLUNGSZWECKE<\/h3>\n\n\n\n<p>Wir verarbeiten personenbezogene Daten von Nutzern der Website www.notaires-wantzenau.fr zu folgenden Zwecken:<\/p>\n\n\n\n<ul class=\"wp-block-list\">\n<li>Bereitstellung unserer Dienste gem\u00e4\u00df den geltenden Bedingungen<\/li>\n\n\n\n<li>Die Nutzung der Website zu verwalten<\/li>\n\n\n\n<li>Die besuchten Seiten zu analysieren, um unsere Dienste zu optimieren.<\/li>\n\n\n\n<li>Unsere Dienste weiterzuentwickeln und zu verbessern<\/li>\n\n\n\n<li>Er\u00f6ffnen von Benutzer-Sessions ohne die Nutzung der &#8222;Notare Online&#8220;-Dienste<\/li>\n<\/ul>\n\n\n\n<h3 class=\"wp-block-heading\">WEITERGABE AN DRITTE UND TRANSFER IN DRITTL\u00c4NDER<\/h3>\n\n\n\n<p>Wir k\u00f6nnen personenbezogene Daten zu den oben erl\u00e4uterten Zwecken an Dritte weitergeben. Um jeden Zweifel auszuschlie\u00dfen, werden wir personenbezogene Daten nicht in einer Weise an Dritte weitergeben, dass diese Dritten personenbezogene Daten f\u00fcr Direktmarketingzwecke in Bezug auf Sie als Privatperson oder Gesch\u00e4ftskunde verwenden. Ihre Daten sind ausschlie\u00dflich den verschiedenen Abteilungen der Notaires de La Wantzenau gewidmet.<\/p>\n\n\n\n<p>Diese Datenschutzrichtlinie bezieht sich nicht auf eine Datenverarbeitung, f\u00fcr die Sie infolge der Nutzung unserer Dienste verantwortlich sein k\u00f6nnten. Sie oder die Partei, die Sie vertreten, sind stets f\u00fcr die Verarbeitung Ihrer personenbezogenen Daten gem\u00e4\u00df dem geltenden Recht verantwortlich.<\/p>\n\n\n\n<h3 class=\"wp-block-heading\">IHRE RECHTE<\/h3>\n\n\n\n<p>Es ist unsere Pflicht, genaue, relevante und notwendige pers\u00f6nliche Daten zu verarbeiten und dabei unsere legitimen Zwecke zu ber\u00fccksichtigen. Es ist Ihr Recht, uns zu kontrollieren.<\/p>\n\n\n\n<p>Um die personenbezogenen Daten, die wir \u00fcber Sie verarbeiten, zu aktualisieren, kontaktieren Sie uns bitte unter <a href=\"mailto:notaires.wantzenau@notaires.fr\">notaires.wantzenau@notaires.fr<\/a>. Um einen kostenlosen Auszug der personenbezogenen Daten, die wir \u00fcber Sie verarbeiten, zu erhalten, senden Sie uns bitte einen unterschriebenen Brief an den Hauptsitz der Notaires de La Wantzenau.<\/p>\n","protected":false},"excerpt":{"rendered":"<p>Vielen Dank, dass Sie unsere Websites und Dienste nutzen! Wie Sie glauben auch wir, dass pers\u00f6nliche Integrit\u00e4t wichtig ist, und nehmen Ihre Privatsph\u00e4re ernst. Diese Datenschutzrichtlinie ist f\u00fcr jede nat\u00fcrliche Person relevant, die ihre pers\u00f6nlichen Daten direkt oder indirekt mit den Notaires de La Wantzenau teilt, indem sie unsere Webseiten besucht oder unsere Dienste nutzt, [&hellip;]<\/p>\n","protected":false},"author":5,"featured_media":0,"parent":0,"menu_order":13,"comment_status":"closed","ping_status":"closed","template":"","meta":{"_acf_changed":false,"inline_featured_image":false,"footnotes":""},"class_list":["post-5389","page","type-page","status-publish","hentry"],"acf":[],"yoast_head":"<!-- This site is optimized with the Yoast SEO plugin v26.1.1 - https:\/\/yoast.com\/wordpress\/plugins\/seo\/ -->\n<title>Datenschutzrichtlinien - Notariat von La Wantzenau<\/title>\n<meta name=\"description\" content=\"In unserer Datenschutzrichtlinie finden Sie Informationen zu Ihren Rechten, den Arten der erhobenen Daten und den Zwecken der Verarbeitung. Kontaktieren Sie uns, wenn Sie Fragen zum Schutz Ihrer Privatsph\u00e4re haben.\" \/>\n<meta name=\"robots\" content=\"index, follow, max-snippet:-1, max-image-preview:large, max-video-preview:-1\" \/>\n<link rel=\"canonical\" href=\"https:\/\/www.nlw.fr\/de\/datenschutzrichtlinien\/\" \/>\n<meta property=\"og:locale\" content=\"de_DE\" \/>\n<meta property=\"og:type\" content=\"article\" \/>\n<meta property=\"og:title\" content=\"Datenschutzrichtlinien - Notariat von La Wantzenau\" \/>\n<meta property=\"og:description\" content=\"In unserer Datenschutzrichtlinie finden Sie Informationen zu Ihren Rechten, den Arten der erhobenen Daten und den Zwecken der Verarbeitung. Kontaktieren Sie uns, wenn Sie Fragen zum Schutz Ihrer Privatsph\u00e4re haben.\" \/>\n<meta property=\"og:url\" content=\"https:\/\/www.nlw.fr\/de\/datenschutzrichtlinien\/\" \/>\n<meta property=\"og:site_name\" content=\"Notariat von La Wantzenau\" \/>\n<meta property=\"article:modified_time\" content=\"2024-10-18T10:39:53+00:00\" \/>\n<meta name=\"twitter:card\" content=\"summary_large_image\" \/>\n<meta name=\"twitter:label1\" content=\"Gesch\u00e4tzte Lesezeit\" \/>\n\t<meta name=\"twitter:data1\" content=\"4\u00a0Minuten\" \/>\n<script type=\"application\/ld+json\" class=\"yoast-schema-graph\">{\"@context\":\"https:\/\/schema.org\",\"@graph\":[{\"@type\":\"WebPage\",\"@id\":\"https:\/\/www.nlw.fr\/de\/datenschutzrichtlinien\/\",\"url\":\"https:\/\/www.nlw.fr\/de\/datenschutzrichtlinien\/\",\"name\":\"Datenschutzrichtlinien - Notariat von La Wantzenau\",\"isPartOf\":{\"@id\":\"https:\/\/www.nlw.fr\/#website\"},\"datePublished\":\"2024-01-10T15:41:17+00:00\",\"dateModified\":\"2024-10-18T10:39:53+00:00\",\"description\":\"In unserer Datenschutzrichtlinie finden Sie Informationen zu Ihren Rechten, den Arten der erhobenen Daten und den Zwecken der Verarbeitung. Kontaktieren Sie uns, wenn Sie Fragen zum Schutz Ihrer Privatsph\u00e4re haben.\",\"breadcrumb\":{\"@id\":\"https:\/\/www.nlw.fr\/de\/datenschutzrichtlinien\/#breadcrumb\"},\"inLanguage\":\"de\",\"potentialAction\":[{\"@type\":\"ReadAction\",\"target\":[\"https:\/\/www.nlw.fr\/de\/datenschutzrichtlinien\/\"]}]},{\"@type\":\"BreadcrumbList\",\"@id\":\"https:\/\/www.nlw.fr\/de\/datenschutzrichtlinien\/#breadcrumb\",\"itemListElement\":[{\"@type\":\"ListItem\",\"position\":1,\"name\":\"Accueil\",\"item\":\"https:\/\/www.nlw.fr\/de\/\"},{\"@type\":\"ListItem\",\"position\":2,\"name\":\"Datenschutzrichtlinien\"}]},{\"@type\":\"WebSite\",\"@id\":\"https:\/\/www.nlw.fr\/#website\",\"url\":\"https:\/\/www.nlw.fr\/\",\"name\":\"NLW\",\"description\":\"\",\"potentialAction\":[{\"@type\":\"SearchAction\",\"target\":{\"@type\":\"EntryPoint\",\"urlTemplate\":\"https:\/\/www.nlw.fr\/?s={search_term_string}\"},\"query-input\":{\"@type\":\"PropertyValueSpecification\",\"valueRequired\":true,\"valueName\":\"search_term_string\"}}],\"inLanguage\":\"de\"}]}<\/script>\n<!-- \/ Yoast SEO plugin. -->","yoast_head_json":{"title":"Datenschutzrichtlinien - Notariat von La Wantzenau","description":"In unserer Datenschutzrichtlinie finden Sie Informationen zu Ihren Rechten, den Arten der erhobenen Daten und den Zwecken der Verarbeitung. Kontaktieren Sie uns, wenn Sie Fragen zum Schutz Ihrer Privatsph\u00e4re haben.","robots":{"index":"index","follow":"follow","max-snippet":"max-snippet:-1","max-image-preview":"max-image-preview:large","max-video-preview":"max-video-preview:-1"},"canonical":"https:\/\/www.nlw.fr\/de\/datenschutzrichtlinien\/","og_locale":"de_DE","og_type":"article","og_title":"Datenschutzrichtlinien - Notariat von La Wantzenau","og_description":"In unserer Datenschutzrichtlinie finden Sie Informationen zu Ihren Rechten, den Arten der erhobenen Daten und den Zwecken der Verarbeitung. Kontaktieren Sie uns, wenn Sie Fragen zum Schutz Ihrer Privatsph\u00e4re haben.","og_url":"https:\/\/www.nlw.fr\/de\/datenschutzrichtlinien\/","og_site_name":"Notariat von La Wantzenau","article_modified_time":"2024-10-18T10:39:53+00:00","twitter_card":"summary_large_image","twitter_misc":{"Gesch\u00e4tzte Lesezeit":"4\u00a0Minuten"},"schema":{"@context":"https:\/\/schema.org","@graph":[{"@type":"WebPage","@id":"https:\/\/www.nlw.fr\/de\/datenschutzrichtlinien\/","url":"https:\/\/www.nlw.fr\/de\/datenschutzrichtlinien\/","name":"Datenschutzrichtlinien - Notariat von La Wantzenau","isPartOf":{"@id":"https:\/\/www.nlw.fr\/#website"},"datePublished":"2024-01-10T15:41:17+00:00","dateModified":"2024-10-18T10:39:53+00:00","description":"In unserer Datenschutzrichtlinie finden Sie Informationen zu Ihren Rechten, den Arten der erhobenen Daten und den Zwecken der Verarbeitung. Kontaktieren Sie uns, wenn Sie Fragen zum Schutz Ihrer Privatsph\u00e4re haben.","breadcrumb":{"@id":"https:\/\/www.nlw.fr\/de\/datenschutzrichtlinien\/#breadcrumb"},"inLanguage":"de","potentialAction":[{"@type":"ReadAction","target":["https:\/\/www.nlw.fr\/de\/datenschutzrichtlinien\/"]}]},{"@type":"BreadcrumbList","@id":"https:\/\/www.nlw.fr\/de\/datenschutzrichtlinien\/#breadcrumb","itemListElement":[{"@type":"ListItem","position":1,"name":"Accueil","item":"https:\/\/www.nlw.fr\/de\/"},{"@type":"ListItem","position":2,"name":"Datenschutzrichtlinien"}]},{"@type":"WebSite","@id":"https:\/\/www.nlw.fr\/#website","url":"https:\/\/www.nlw.fr\/","name":"NLW","description":"","potentialAction":[{"@type":"SearchAction","target":{"@type":"EntryPoint","urlTemplate":"https:\/\/www.nlw.fr\/?s={search_term_string}"},"query-input":{"@type":"PropertyValueSpecification","valueRequired":true,"valueName":"search_term_string"}}],"inLanguage":"de"}]}},"_links":{"self":[{"href":"https:\/\/www.nlw.fr\/de\/wp-json\/wp\/v2\/pages\/5389","targetHints":{"allow":["GET"]}}],"collection":[{"href":"https:\/\/www.nlw.fr\/de\/wp-json\/wp\/v2\/pages"}],"about":[{"href":"https:\/\/www.nlw.fr\/de\/wp-json\/wp\/v2\/types\/page"}],"author":[{"embeddable":true,"href":"https:\/\/www.nlw.fr\/de\/wp-json\/wp\/v2\/users\/5"}],"replies":[{"embeddable":true,"href":"https:\/\/www.nlw.fr\/de\/wp-json\/wp\/v2\/comments?post=5389"}],"version-history":[{"count":1,"href":"https:\/\/www.nlw.fr\/de\/wp-json\/wp\/v2\/pages\/5389\/revisions"}],"predecessor-version":[{"id":5766,"href":"https:\/\/www.nlw.fr\/de\/wp-json\/wp\/v2\/pages\/5389\/revisions\/5766"}],"wp:attachment":[{"href":"https:\/\/www.nlw.fr\/de\/wp-json\/wp\/v2\/media?parent=5389"}],"curies":[{"name":"wp","href":"https:\/\/api.w.org\/{rel}","templated":true}]}}