{"id":5414,"date":"2022-04-11T17:44:23","date_gmt":"2022-04-11T15:44:23","guid":{"rendered":"https:\/\/www.nlw.fr\/?page_id=5414"},"modified":"2026-02-10T15:52:36","modified_gmt":"2026-02-10T14:52:36","slug":"the-officine-history","status":"publish","type":"page","link":"https:\/\/www.nlw.fr\/en\/the-office\/the-officine-history\/","title":{"rendered":"Our History"},"content":{"rendered":"\n<h2 class=\"wp-block-heading\">The Office\u2019s history in a few dates<\/h2>\n\n\n\n<div class=\"wp-block-columns is-layout-flex wp-container-core-columns-is-layout-9d6595d7 wp-block-columns-is-layout-flex\">\n<div class=\"wp-block-column is-vertically-aligned-center is-layout-flow wp-block-column-is-layout-flow\" style=\"flex-basis:66.66%\">\n<h3 class=\"wp-block-heading\">9 March 1794: Creation of the Notary\u2019s Office<\/h3>\n\n\n\n<p>It was at this time that Ma\u00eetre Jacques SCHAEFFER was appointed to the office. From this date until 13 December 1942, fifteen notaries succeeded one another at La Wantzenau\u2019s notary\u2019s office in the French Department Bas-Rhin.<\/p>\n\n\n\n<h3 class=\"wp-block-heading\">From 1942 to 1952<\/h3>\n\n\n\n<p>The office had been declared vacant by the Minister of Justice. Then, on 15 January 1952, after having applied, Ma\u00eetre <strong>Pierre KRANTZ<\/strong> was appointed to the office as a notary in La Wantzenau.<\/p>\n<\/div>\n\n\n\n<div class=\"wp-block-column is-vertically-aligned-center is-layout-flow wp-block-column-is-layout-flow\" style=\"flex-basis:33.33%\"><div class=\"wp-block-image is-style-default\">\n<figure class=\"aligncenter size-full is-resized\"><img loading=\"lazy\" decoding=\"async\" width=\"300\" height=\"300\" src=\"https:\/\/www.nlw.fr\/wp-content\/uploads\/2023\/09\/histoire-nlw-pierre-krantz.png\" alt=\"Ma\u00eetre Pierre KRANTZ\" class=\"wp-image-4386\" style=\"object-fit:cover;width:200px;height:200px\"\/><figcaption class=\"wp-element-caption\">Ma\u00eetre Pierre KRANTZ<\/figcaption><\/figure><\/div><\/div>\n<\/div>\n\n\n\n<div class=\"wp-block-columns is-layout-flex wp-container-core-columns-is-layout-9d6595d7 wp-block-columns-is-layout-flex\">\n<div class=\"wp-block-column is-vertically-aligned-center is-layout-flow wp-block-column-is-layout-flow\" style=\"flex-basis:66.66%\">\n<h3 class=\"wp-block-heading\">28 June 1982<\/h3>\n\n\n\n<p>After completing his 8-year internship at the firm and passing the entrance exam to practice as a notary in Alsace-Moselle, <strong>Christian GRIENEISEN<\/strong> becomes Ma\u00eetre Pierre KRANTZ\u2019s notary partner.<\/p>\n<\/div>\n\n\n\n<div class=\"wp-block-column is-vertically-aligned-center is-layout-flow wp-block-column-is-layout-flow\" style=\"flex-basis:33.33%\"><div class=\"wp-block-image\">\n<figure class=\"aligncenter size-full is-resized\"><img loading=\"lazy\" decoding=\"async\" width=\"300\" height=\"300\" src=\"https:\/\/www.nlw.fr\/wp-content\/uploads\/2023\/09\/histoire-nlw-christian-grieneisen.png\" alt=\"\" class=\"wp-image-4625\" style=\"object-fit:cover;width:200px;height:200px\"\/><figcaption class=\"wp-element-caption\">Ma\u00eetre Christian GRIENEISEN<\/figcaption><\/figure><\/div><\/div>\n<\/div>\n\n\n\n<div class=\"wp-block-columns is-layout-flex wp-container-core-columns-is-layout-9d6595d7 wp-block-columns-is-layout-flex\">\n<div class=\"wp-block-column is-vertically-aligned-center is-layout-flow wp-block-column-is-layout-flow\" style=\"flex-basis:66.66%\">\n<h3 class=\"wp-block-heading\">4 June 1985<\/h3>\n\n\n\n<p>The firm becomes a professional partnership under French law: The Soci\u00e9t\u00e9 Civile Professionnelle &#8220;Pierre KRANTZ, Christian GRIENEISEN et Jean-Pierre KRANTZ&#8221; is established after Ma\u00eetre <strong>Jean-Pierre KRANTZ<\/strong> has also fulfilled the requirements for becoming a notary in Alsace-Moselle.<\/p>\n<\/div>\n\n\n\n<div class=\"wp-block-column is-vertically-aligned-center is-layout-flow wp-block-column-is-layout-flow\" style=\"flex-basis:33.33%\"><div class=\"wp-block-image\">\n<figure class=\"aligncenter size-full is-resized\"><img loading=\"lazy\" decoding=\"async\" width=\"300\" height=\"300\" src=\"https:\/\/www.nlw.fr\/wp-content\/uploads\/2023\/09\/histoire-nlw-jean-pierre-krantz-1.png\" alt=\"Maitre Jean Pierre Krantz\" class=\"wp-image-4389\" style=\"object-fit:cover;width:200px;height:200px\"\/><figcaption class=\"wp-element-caption\">Ma\u00eetre Jean-Pierre KRANTZ<\/figcaption><\/figure><\/div><\/div>\n<\/div>\n\n\n\n<h3 class=\"wp-block-heading\">16 October 1993<\/h3>\n\n\n\n<p>As Ma\u00eetre Pierre KRANTZ retires, the professional partnership SCP \u201cPierre KRANTZ, Christian GRIENEISEN et Jean-Pierre KRANTZ\u201d is dissolved.<\/p>\n\n\n\n<div style=\"height:45px\" aria-hidden=\"true\" class=\"wp-block-spacer\"><\/div>\n\n\n\n<h3 class=\"wp-block-heading\">31 May 1994<\/h3>\n\n\n\n<p>A new professional partnership (Soci\u00e9t\u00e9 Civile Professionnelle) is created as Ma\u00eetre <strong>Edmond GRESSER<\/strong>, formerly a notary in Lauterbourg, joins the notary\u2019s office in La Wantzenau.<\/p>\n\n\n\n<div style=\"height:45px\" aria-hidden=\"true\" class=\"wp-block-spacer\"><\/div>\n\n\n\n<div class=\"wp-block-columns is-layout-flex wp-container-core-columns-is-layout-9d6595d7 wp-block-columns-is-layout-flex\">\n<div class=\"wp-block-column is-layout-flow wp-block-column-is-layout-flow\" style=\"flex-basis:33.33%\">\n<figure class=\"wp-block-image size-full is-style-rounded-corner-image\"><img loading=\"lazy\" decoding=\"async\" width=\"400\" height=\"320\" src=\"https:\/\/www.nlw.fr\/wp-content\/uploads\/2023\/09\/Histoire-archives-notaires-de-la-wantzenau.jpg\" alt=\"\" class=\"wp-image-3876\" srcset=\"https:\/\/www.nlw.fr\/wp-content\/uploads\/2023\/09\/Histoire-archives-notaires-de-la-wantzenau.jpg 400w, https:\/\/www.nlw.fr\/wp-content\/uploads\/2023\/09\/Histoire-archives-notaires-de-la-wantzenau-360x288.jpg 360w, https:\/\/www.nlw.fr\/wp-content\/uploads\/2023\/09\/Histoire-archives-notaires-de-la-wantzenau-388x310.jpg 388w\" sizes=\"auto, (max-width: 400px) 100vw, 400px\" \/><\/figure>\n<\/div>\n\n\n\n<div class=\"wp-block-column is-layout-flow wp-block-column-is-layout-flow\" style=\"flex-basis:66.66%\">\n<h3 class=\"wp-block-heading\">4 December 2000<\/h3>\n\n\n\n<p>Ma\u00eetre <strong>St\u00e9phane GLOCK<\/strong> joins the professional partnership after completing his 8-year internship at the firm. The latter is now named SCP \u201cChristian GRIENEISEN, Jean-Pierre KRANTZ, Edmond GRESSER et St\u00e9phane GLOCK\u201d, holder of the notary\u2019s office in La Wantzenau.<\/p>\n\n\n\n<h3 class=\"wp-block-heading\">28 August 2012<\/h3>\n\n\n\n<p>Following the departure of Ma\u00eetre Jean-Pierre KRANTZ, the SCP consists of Christian GRIENEISEN, Edmond GRESSER and St\u00e9phane GLOCK.<\/p>\n<\/div>\n<\/div>\n\n\n\n<div style=\"height:45px\" aria-hidden=\"true\" class=\"wp-block-spacer\"><\/div>\n\n\n\n<div class=\"wp-block-columns is-layout-flex wp-container-core-columns-is-layout-9d6595d7 wp-block-columns-is-layout-flex\">\n<div class=\"wp-block-column is-layout-flow wp-block-column-is-layout-flow\">\n<h3 class=\"wp-block-heading\">27 March 2013<\/h3>\n\n\n\n<p>Ma\u00eetre <strong>Florence KRANTZ-OFFNER<\/strong> has been appointed as a notary in the professional partnership &#8220;Christian GRIENEISEN, Edmond GRESSER and St\u00e9phane GLOCK&#8221; and becomes a notary partner on 12 April 2019.<\/p>\n\n\n\n<p><\/p>\n\n\n\n<div style=\"height:45px\" aria-hidden=\"true\" class=\"wp-block-spacer\"><\/div>\n\n\n\n<h3 class=\"wp-block-heading\">14 February 2014<\/h3>\n\n\n\n<p>After over 60 years in a traditional Alsatian half-timbered house, the office moves to its new premises at 19 route de Strasbourg in F- 67610 La Wantzenau.<\/p>\n\n\n\n<div class=\"wp-block-columns is-layout-flex wp-container-core-columns-is-layout-9d6595d7 wp-block-columns-is-layout-flex\">\n<div class=\"wp-block-column is-layout-flow wp-block-column-is-layout-flow\">\n<figure class=\"wp-block-image size-large is-style-rounded-corner-image\"><img loading=\"lazy\" decoding=\"async\" width=\"645\" height=\"430\" src=\"https:\/\/www.nlw.fr\/wp-content\/uploads\/2023\/09\/ancienne-etude-notaires-wantzenau-645x430.jpg\" alt=\"ancienne \u00e9tude des Notaires de La Wantzenau\" class=\"wp-image-3854\" srcset=\"https:\/\/www.nlw.fr\/wp-content\/uploads\/2023\/09\/ancienne-etude-notaires-wantzenau-645x430.jpg 645w, https:\/\/www.nlw.fr\/wp-content\/uploads\/2023\/09\/ancienne-etude-notaires-wantzenau-360x240.jpg 360w, https:\/\/www.nlw.fr\/wp-content\/uploads\/2023\/09\/ancienne-etude-notaires-wantzenau-465x310.jpg 465w, https:\/\/www.nlw.fr\/wp-content\/uploads\/2023\/09\/ancienne-etude-notaires-wantzenau.jpg 1200w\" sizes=\"auto, (max-width: 645px) 100vw, 645px\" \/><\/figure>\n\n\n\n<p>Notaires de La Wantzenau\u2019s former office building<\/p>\n<\/div>\n\n\n\n<div class=\"wp-block-column is-layout-flow wp-block-column-is-layout-flow\">\n<figure class=\"wp-block-image size-large is-style-rounded-corner-image\"><img loading=\"lazy\" decoding=\"async\" width=\"645\" height=\"430\" src=\"https:\/\/www.nlw.fr\/wp-content\/uploads\/2023\/09\/nouveau-batiment-etude-notaires-wantzenau-645x430.jpg\" alt=\"\" class=\"wp-image-3857\" srcset=\"https:\/\/www.nlw.fr\/wp-content\/uploads\/2023\/09\/nouveau-batiment-etude-notaires-wantzenau-645x430.jpg 645w, https:\/\/www.nlw.fr\/wp-content\/uploads\/2023\/09\/nouveau-batiment-etude-notaires-wantzenau-360x240.jpg 360w, https:\/\/www.nlw.fr\/wp-content\/uploads\/2023\/09\/nouveau-batiment-etude-notaires-wantzenau-465x310.jpg 465w, https:\/\/www.nlw.fr\/wp-content\/uploads\/2023\/09\/nouveau-batiment-etude-notaires-wantzenau.jpg 1200w\" sizes=\"auto, (max-width: 645px) 100vw, 645px\" \/><\/figure>\n\n\n\n<p>New office building situated 19 route de Strasbourg in La Wantzenau<\/p>\n<\/div>\n<\/div>\n<\/div>\n<\/div>\n\n\n\n<div style=\"height:45px\" aria-hidden=\"true\" class=\"wp-block-spacer\"><\/div>\n\n\n\n<h3 class=\"wp-block-heading\">6 June 2016<\/h3>\n\n\n\n<p>Ma\u00eetre <strong>Anne-Sophie LALLIER-BECK<\/strong> has been appointed as a notary in the professional partnership \u201cChristian GRIENEISEN, Edmond GRESSER and St\u00e9phane GLOCK\u201d and becomes a notary partner on 14 January 2021.<\/p>\n\n\n\n<hr class=\"wp-block-separator has-alpha-channel-opacity\"\/>\n\n\n\n<div class=\"wp-block-columns is-layout-flex wp-container-core-columns-is-layout-9d6595d7 wp-block-columns-is-layout-flex\">\n<div class=\"wp-block-column is-vertically-aligned-center is-layout-flow wp-block-column-is-layout-flow\">\n<h3 class=\"wp-block-heading has-text-align-center\">The notary&#8217;s office in La Wantzenau currently has over 70 employees.<\/h3>\n\n\n\n<div style=\"height:50px\" aria-hidden=\"true\" class=\"wp-block-spacer\"><\/div>\n\n\n\n<div class=\"wp-block-buttons is-horizontal is-content-justification-center is-layout-flex wp-container-core-buttons-is-layout-499968f5 wp-block-buttons-is-layout-flex\">\n<div class=\"wp-block-button\"><a class=\"wp-block-button__link wp-element-button\" href=\"https:\/\/www.nlw.fr\/en\/our-team\/\">Discover our Team<\/a><\/div>\n<\/div>\n<\/div>\n\n\n\n<div class=\"wp-block-column is-layout-flow wp-block-column-is-layout-flow\"><div class=\"wp-block-image is-style-rounded-corner-image\">\n<figure class=\"aligncenter size-large\"><img loading=\"lazy\" decoding=\"async\" width=\"485\" height=\"430\" src=\"https:\/\/www.nlw.fr\/wp-content\/uploads\/2023\/10\/equipe-nlw-485x430.jpg\" alt=\"\" class=\"wp-image-4953\" srcset=\"https:\/\/www.nlw.fr\/wp-content\/uploads\/2023\/10\/equipe-nlw-485x430.jpg 485w, https:\/\/www.nlw.fr\/wp-content\/uploads\/2023\/10\/equipe-nlw-360x320.jpg 360w, https:\/\/www.nlw.fr\/wp-content\/uploads\/2023\/10\/equipe-nlw-349x310.jpg 349w, https:\/\/www.nlw.fr\/wp-content\/uploads\/2023\/10\/equipe-nlw.jpg 800w\" sizes=\"auto, (max-width: 485px) 100vw, 485px\" \/><\/figure><\/div><\/div>\n<\/div>\n\n\n\n<div style=\"height:100px\" aria-hidden=\"true\" class=\"wp-block-spacer\"><\/div>\n\n\n<section class=\"section-missions home-section container background-lightgray\">\n    <div class=\"home-section__title\">\n    <div class=\"row column\"><h4 style=\"text-align: center;\">OUR MISSION<\/h4>\n<h2 style=\"text-align: center;\">To support you in your life projects<\/h2>\n<\/div>\n  <\/div>\n      <div class=\"home-section__body\">\n    <div class=\"row large-up-4 medium-up-2 small-up-1 align-middle\">\n            <div class=\"columns mission-item-column\">\n        <div class=\"mission-item\">\n                    <figure class=\"mission-item__image\">\n            <img decoding=\"async\" src=\"https:\/\/www.nlw.fr\/wp-content\/uploads\/2021\/06\/icon-notaire_03.png\" alt=\"\">\n          <\/figure>\n                    <div class=\"mission-item__title\">Authenticity<\/div>\n        <\/div>\n      <\/div>\n            <div class=\"columns mission-item-column\">\n        <div class=\"mission-item\">\n                    <figure class=\"mission-item__image\">\n            <img decoding=\"async\" src=\"https:\/\/www.nlw.fr\/wp-content\/uploads\/2021\/06\/005-lock.svg\" alt=\"\">\n          <\/figure>\n                    <div class=\"mission-item__title\">Professional<br>secrecy<\/div>\n        <\/div>\n      <\/div>\n            <div class=\"columns mission-item-column\">\n        <div class=\"mission-item\">\n                    <figure class=\"mission-item__image\">\n            <img decoding=\"async\" src=\"https:\/\/www.nlw.fr\/wp-content\/uploads\/2021\/06\/003-hand-shake.svg\" alt=\"\">\n          <\/figure>\n                    <div class=\"mission-item__title\">Client<br>service<\/div>\n        <\/div>\n      <\/div>\n            <div class=\"columns mission-item-column\">\n        <div class=\"mission-item\">\n                    <figure class=\"mission-item__image\">\n            <img decoding=\"async\" src=\"https:\/\/www.nlw.fr\/wp-content\/uploads\/2021\/06\/010-checked-1.svg\" alt=\"\">\n          <\/figure>\n                    <div class=\"mission-item__title\">Project<br>security<\/div>\n        <\/div>\n      <\/div>\n          <\/div>\n  <\/div>\n  <\/section>\n\n\n<div style=\"height:100px\" aria-hidden=\"true\" class=\"wp-block-spacer\"><\/div>\n\n\n<section class=\"section-acces home-section container \">\r\n    <div class=\"home-section__body\">\r\n    <div class=\"row expanded collapse large-up-2 small-up-1\">\r\n            <div class=\"columns acces-item-column\">\r\n        <article class=\"acces-item\">\n  <a href=\"https:\/\/www.nlw.fr\/letude\/notre-equipe\/\">\n        <figure class=\"acces-item__thumb\">\n      <img decoding=\"async\" src=\"https:\/\/www.nlw.fr\/wp-content\/uploads\/2023\/09\/Notaires-associes-Wantzenau-430x430.jpg\" alt=\"Notaires associes \u00e9tude de La Wantzenau\">\n    <\/figure>\n        <div class=\"acces-item__body\">\n            <div class=\"acces-item__title\">D\u00e9couvrir<\/div>\n                  <div class=\"acces-item__link\">\n        <span class=\"link-icon link-icon--after link-icon--white\">notre \u00e9quipe<\/span>\n      <\/div>\n          <\/div>\n  <\/a>\n<\/article>      <\/div>\r\n            <div class=\"columns acces-item-column\">\r\n        <article class=\"acces-item\">\n  <a href=\"https:\/\/www.nlw.fr\/letude\/nos-valeurs-et-nos-missions\/\">\n        <figure class=\"acces-item__thumb\">\n      <img decoding=\"async\" src=\"https:\/\/www.nlw.fr\/wp-content\/uploads\/2022\/06\/documents-juridique-notaires-wantzenau-1-573x430.jpg\" alt=\"Documents juridiques chez les Notaires de la Wantzenau\">\n    <\/figure>\n        <div class=\"acces-item__body\">\n            <div class=\"acces-item__title\">D\u00e9couvrir<\/div>\n                  <div class=\"acces-item__link\">\n        <span class=\"link-icon link-icon--after link-icon--white\">Nos valeurs et nos missions<\/span>\n      <\/div>\n          <\/div>\n  <\/a>\n<\/article>      <\/div>\r\n          <\/div>\r\n  <\/div>\r\n  <\/section>","protected":false},"excerpt":{"rendered":"<p>The Office\u2019s history in a few dates 9 March 1794: Creation of the Notary\u2019s Office It was at this time that Ma\u00eetre Jacques SCHAEFFER was appointed to the office. From this date until 13 December 1942, fifteen notaries succeeded one another at La Wantzenau\u2019s notary\u2019s office in the French Department Bas-Rhin. From 1942 to 1952 [&hellip;]<\/p>\n","protected":false},"author":7,"featured_media":0,"parent":6293,"menu_order":46,"comment_status":"closed","ping_status":"closed","template":"","meta":{"_acf_changed":false,"inline_featured_image":false,"footnotes":""},"class_list":["post-5414","page","type-page","status-publish","hentry"],"acf":[],"yoast_head":"<!-- This site is optimized with the Yoast SEO plugin v26.1.1 - https:\/\/yoast.com\/wordpress\/plugins\/seo\/ -->\n<title>Our History - Notary Office of La Wantzenau<\/title>\n<meta name=\"description\" content=\"D\u00e9couvrez l&#039;histoire de l&#039;Office Notariale des Notaires de La Wantzenau en quelques dates.\" \/>\n<meta name=\"robots\" content=\"index, follow, max-snippet:-1, max-image-preview:large, max-video-preview:-1\" \/>\n<link rel=\"canonical\" href=\"https:\/\/www.nlw.fr\/en\/the-officine-history\/\" \/>\n<meta property=\"og:locale\" content=\"en_US\" \/>\n<meta property=\"og:type\" content=\"article\" \/>\n<meta property=\"og:title\" content=\"Our History - Notary Office of La Wantzenau\" \/>\n<meta property=\"og:description\" content=\"D\u00e9couvrez l&#039;histoire de l&#039;Office Notariale des Notaires de La Wantzenau en quelques dates.\" \/>\n<meta property=\"og:url\" content=\"https:\/\/www.nlw.fr\/en\/the-officine-history\/\" \/>\n<meta property=\"og:site_name\" content=\"Notary Office of La Wantzenau\" \/>\n<meta property=\"article:modified_time\" content=\"2026-02-10T14:52:36+00:00\" \/>\n<meta property=\"og:image\" content=\"https:\/\/www.nlw.fr\/wp-content\/uploads\/2023\/09\/histoire-nlw-pierre-krantz.png\" \/>\n\t<meta property=\"og:image:width\" content=\"300\" \/>\n\t<meta property=\"og:image:height\" content=\"300\" \/>\n\t<meta property=\"og:image:type\" content=\"image\/png\" \/>\n<meta name=\"twitter:card\" content=\"summary_large_image\" \/>\n<meta name=\"twitter:label1\" content=\"Est. reading time\" \/>\n\t<meta name=\"twitter:data1\" content=\"4 minutes\" \/>\n<script type=\"application\/ld+json\" class=\"yoast-schema-graph\">{\"@context\":\"https:\/\/schema.org\",\"@graph\":[{\"@type\":\"WebPage\",\"@id\":\"https:\/\/www.nlw.fr\/en\/the-officine-history\/\",\"url\":\"https:\/\/www.nlw.fr\/en\/the-officine-history\/\",\"name\":\"Our History - Notary Office of La Wantzenau\",\"isPartOf\":{\"@id\":\"https:\/\/www.nlw.fr\/#website\"},\"primaryImageOfPage\":{\"@id\":\"https:\/\/www.nlw.fr\/en\/the-officine-history\/#primaryimage\"},\"image\":{\"@id\":\"https:\/\/www.nlw.fr\/en\/the-officine-history\/#primaryimage\"},\"thumbnailUrl\":\"https:\/\/www.nlw.fr\/wp-content\/uploads\/2023\/09\/histoire-nlw-pierre-krantz.png\",\"datePublished\":\"2022-04-11T15:44:23+00:00\",\"dateModified\":\"2026-02-10T14:52:36+00:00\",\"description\":\"D\u00e9couvrez l'histoire de l'Office Notariale des Notaires de La Wantzenau en quelques dates.\",\"breadcrumb\":{\"@id\":\"https:\/\/www.nlw.fr\/en\/the-officine-history\/#breadcrumb\"},\"inLanguage\":\"en-US\",\"potentialAction\":[{\"@type\":\"ReadAction\",\"target\":[\"https:\/\/www.nlw.fr\/en\/the-officine-history\/\"]}]},{\"@type\":\"ImageObject\",\"inLanguage\":\"en-US\",\"@id\":\"https:\/\/www.nlw.fr\/en\/the-officine-history\/#primaryimage\",\"url\":\"https:\/\/www.nlw.fr\/wp-content\/uploads\/2023\/09\/histoire-nlw-pierre-krantz.png\",\"contentUrl\":\"https:\/\/www.nlw.fr\/wp-content\/uploads\/2023\/09\/histoire-nlw-pierre-krantz.png\"},{\"@type\":\"BreadcrumbList\",\"@id\":\"https:\/\/www.nlw.fr\/en\/the-officine-history\/#breadcrumb\",\"itemListElement\":[{\"@type\":\"ListItem\",\"position\":1,\"name\":\"Accueil\",\"item\":\"https:\/\/www.nlw.fr\/en\/\"},{\"@type\":\"ListItem\",\"position\":2,\"name\":\"Our History\"}]},{\"@type\":\"WebSite\",\"@id\":\"https:\/\/www.nlw.fr\/#website\",\"url\":\"https:\/\/www.nlw.fr\/\",\"name\":\"NLW\",\"description\":\"\",\"potentialAction\":[{\"@type\":\"SearchAction\",\"target\":{\"@type\":\"EntryPoint\",\"urlTemplate\":\"https:\/\/www.nlw.fr\/?s={search_term_string}\"},\"query-input\":{\"@type\":\"PropertyValueSpecification\",\"valueRequired\":true,\"valueName\":\"search_term_string\"}}],\"inLanguage\":\"en-US\"}]}<\/script>\n<!-- \/ Yoast SEO plugin. -->","yoast_head_json":{"title":"Our History - Notary Office of La Wantzenau","description":"D\u00e9couvrez l'histoire de l'Office Notariale des Notaires de La Wantzenau en quelques dates.","robots":{"index":"index","follow":"follow","max-snippet":"max-snippet:-1","max-image-preview":"max-image-preview:large","max-video-preview":"max-video-preview:-1"},"canonical":"https:\/\/www.nlw.fr\/en\/the-officine-history\/","og_locale":"en_US","og_type":"article","og_title":"Our History - Notary Office of La Wantzenau","og_description":"D\u00e9couvrez l'histoire de l'Office Notariale des Notaires de La Wantzenau en quelques dates.","og_url":"https:\/\/www.nlw.fr\/en\/the-officine-history\/","og_site_name":"Notary Office of La Wantzenau","article_modified_time":"2026-02-10T14:52:36+00:00","og_image":[{"width":300,"height":300,"url":"https:\/\/www.nlw.fr\/wp-content\/uploads\/2023\/09\/histoire-nlw-pierre-krantz.png","type":"image\/png"}],"twitter_card":"summary_large_image","twitter_misc":{"Est. reading time":"4 minutes"},"schema":{"@context":"https:\/\/schema.org","@graph":[{"@type":"WebPage","@id":"https:\/\/www.nlw.fr\/en\/the-officine-history\/","url":"https:\/\/www.nlw.fr\/en\/the-officine-history\/","name":"Our History - Notary Office of La Wantzenau","isPartOf":{"@id":"https:\/\/www.nlw.fr\/#website"},"primaryImageOfPage":{"@id":"https:\/\/www.nlw.fr\/en\/the-officine-history\/#primaryimage"},"image":{"@id":"https:\/\/www.nlw.fr\/en\/the-officine-history\/#primaryimage"},"thumbnailUrl":"https:\/\/www.nlw.fr\/wp-content\/uploads\/2023\/09\/histoire-nlw-pierre-krantz.png","datePublished":"2022-04-11T15:44:23+00:00","dateModified":"2026-02-10T14:52:36+00:00","description":"D\u00e9couvrez l'histoire de l'Office Notariale des Notaires de La Wantzenau en quelques dates.","breadcrumb":{"@id":"https:\/\/www.nlw.fr\/en\/the-officine-history\/#breadcrumb"},"inLanguage":"en-US","potentialAction":[{"@type":"ReadAction","target":["https:\/\/www.nlw.fr\/en\/the-officine-history\/"]}]},{"@type":"ImageObject","inLanguage":"en-US","@id":"https:\/\/www.nlw.fr\/en\/the-officine-history\/#primaryimage","url":"https:\/\/www.nlw.fr\/wp-content\/uploads\/2023\/09\/histoire-nlw-pierre-krantz.png","contentUrl":"https:\/\/www.nlw.fr\/wp-content\/uploads\/2023\/09\/histoire-nlw-pierre-krantz.png"},{"@type":"BreadcrumbList","@id":"https:\/\/www.nlw.fr\/en\/the-officine-history\/#breadcrumb","itemListElement":[{"@type":"ListItem","position":1,"name":"Accueil","item":"https:\/\/www.nlw.fr\/en\/"},{"@type":"ListItem","position":2,"name":"Our History"}]},{"@type":"WebSite","@id":"https:\/\/www.nlw.fr\/#website","url":"https:\/\/www.nlw.fr\/","name":"NLW","description":"","potentialAction":[{"@type":"SearchAction","target":{"@type":"EntryPoint","urlTemplate":"https:\/\/www.nlw.fr\/?s={search_term_string}"},"query-input":{"@type":"PropertyValueSpecification","valueRequired":true,"valueName":"search_term_string"}}],"inLanguage":"en-US"}]}},"_links":{"self":[{"href":"https:\/\/www.nlw.fr\/en\/wp-json\/wp\/v2\/pages\/5414","targetHints":{"allow":["GET"]}}],"collection":[{"href":"https:\/\/www.nlw.fr\/en\/wp-json\/wp\/v2\/pages"}],"about":[{"href":"https:\/\/www.nlw.fr\/en\/wp-json\/wp\/v2\/types\/page"}],"author":[{"embeddable":true,"href":"https:\/\/www.nlw.fr\/en\/wp-json\/wp\/v2\/users\/7"}],"replies":[{"embeddable":true,"href":"https:\/\/www.nlw.fr\/en\/wp-json\/wp\/v2\/comments?post=5414"}],"version-history":[{"count":1,"href":"https:\/\/www.nlw.fr\/en\/wp-json\/wp\/v2\/pages\/5414\/revisions"}],"predecessor-version":[{"id":6242,"href":"https:\/\/www.nlw.fr\/en\/wp-json\/wp\/v2\/pages\/5414\/revisions\/6242"}],"up":[{"embeddable":true,"href":"https:\/\/www.nlw.fr\/en\/wp-json\/wp\/v2\/pages\/6293"}],"wp:attachment":[{"href":"https:\/\/www.nlw.fr\/en\/wp-json\/wp\/v2\/media?parent=5414"}],"curies":[{"name":"wp","href":"https:\/\/api.w.org\/{rel}","templated":true}]}}